{"id":2956,"date":"2015-01-26T09:06:02","date_gmt":"2015-01-26T09:06:02","guid":{"rendered":"http:\/\/www.newslettercreator.com\/?page_id=2956"},"modified":"2016-02-08T10:43:00","modified_gmt":"2016-02-08T10:43:00","slug":"ozellikler","status":"publish","type":"page","link":"https:\/\/www.newslettercreator.com\/tr\/ozellikler\/","title":{"rendered":"\u00d6zellikler"},"content":{"rendered":"<p>A\u015fa\u011f\u0131da <strong>MailStyler<\/strong> uygulamas\u0131n\u0131 piyasadaki en iyi ve kullanmas\u0131 en kolay b\u00fclten olu\u015fturma arac\u0131 yapan baz\u0131 \u00f6zellikler bulunmaktad\u0131r. Sadece \u00f6nceden haz\u0131rlanm\u0131\u015f \u00f6\u011felerimizi s\u00fcr\u00fckleyip b\u0131rakarak <strong>saniyeler i\u00e7inde kendi e-posta \u015fablonunuzu olu\u015fturabilirsiniz<\/strong>.<\/p>\n<p>&nbsp;<\/p>\n<p><img decoding=\"async\" class=\"alignleft\" src=\"http:\/\/www.newslettercreator.com\/wp-content\/uploads\/2014\/04\/drag-drop.jpg\" alt=\"\" width=\"175\" height=\"115\" \/><\/p>\n<h3 style=\"text-align: left; line-height: 18px !important; font-size: 16px !important; font-weight: bold !important;\">S\u00fcr\u00fckle-b\u0131rak ile \u015fablon olu\u015fturma<\/h3>\n<p style=\"text-align: left; min-height: 75px;\">MailStyler basit ve i\u00e7g\u00fcd\u00fcsel oldu\u011fundan hatalar\u0131 imk\u00e2ns\u0131z k\u0131lan WYSIWYG s\u00fcr\u00fckle-b\u0131rak e-posta d\u00fczenleyicisini sunar.<\/p>\n<div id=\"g1-divider-1\" class=\"g1-divider g1-divider--none g1-divider--noicon \"><\/div>\n<p><img decoding=\"async\" class=\"alignleft\" src=\"http:\/\/www.newslettercreator.com\/wp-content\/uploads\/2014\/04\/client.jpg\" alt=\"\" width=\"175\" height=\"115\" \/><\/p>\n<h3 style=\"text-align: left; line-height: 18px !important; font-size: 16px !important; font-weight: bold !important;\">Sade kodlanm\u0131\u015f \u015fablonlar hep g\u00fczel g\u00f6r\u00fcn\u00fcr<\/h3>\n<p style=\"text-align: left; min-height: 75px;\">E-posta g\u00f6r\u00fcnt\u00fclenme sorunlar\u0131 sizi kayg\u0131land\u0131r\u0131yor mu? MailStyler ile t\u00fcm \u015fablonlar t\u00fcm istemcilerde harika g\u00f6r\u00fcn\u00fcr (\u00f6r. Hotmail, Gmail, Outlook, Yahoo Mail, vb.). Bu nedenle HTML\/CSS kodlamas\u0131 yapmazs\u0131n\u0131z.<\/p>\n<div id=\"g1-divider-2\" class=\"g1-divider g1-divider--none g1-divider--noicon \"><\/div>\n<p><img decoding=\"async\" class=\"alignleft\" src=\"http:\/\/www.newslettercreator.com\/wp-content\/uploads\/2014\/04\/no-code.jpg\" alt=\"\" width=\"175\" height=\"115\" \/><\/p>\n<h3 style=\"text-align: left; line-height: 18px !important; font-size: 16px !important; font-weight: bold !important;\">HTML\/CSS Bilgisi Gerekmez<\/h3>\n<p style=\"text-align: left; min-height: 75px;\">MailStyler kodlama yapmadan e-posta ve b\u00fclten olu\u015fturman\u0131z\u0131 sa\u011flar. Sadece \u00f6nceden haz\u0131rlanm\u0131\u015f HTML bloklar\u0131m\u0131z\u0131 istedi\u011finiz gibi birle\u015ftirerek \u015fablonunuzu haz\u0131rlars\u0131n\u0131z.<\/p>\n<div id=\"g1-divider-3\" class=\"g1-divider g1-divider--none g1-divider--noicon \"><\/div>\n<p><img decoding=\"async\" class=\"alignleft\" src=\"http:\/\/www.newslettercreator.com\/wp-content\/uploads\/2014\/04\/unl-edit.jpg\" alt=\"\" width=\"175\" height=\"115\" \/><\/p>\n<h3 style=\"text-align: left; line-height: 18px !important; font-size: 16px !important; font-weight: bold !important;\">S\u0131n\u0131rs\u0131z d\u00fczenleme olana\u011f\u0131<\/h3>\n<p style=\"text-align: left; min-height: 75px;\">MailStyler ile yapabilece\u011finiz ince ayarlar \u00e7ok fazlad\u0131r ve rakip \u00fcr\u00fcnlerin \u00e7ok \u00f6tesindedir: ebat, stiller, kenar bo\u015fluklar\u0131, yaz\u0131 tipleri, kutular, resimler&#8230; Her \u015fey marka kimli\u011finize uyan e\u015fsiz bir mizanpaj olu\u015fturmak i\u00e7in bir ka\u00e7 t\u0131k ile de\u011fi\u015ftirilebilir.<\/p>\n<div id=\"g1-divider-4\" class=\"g1-divider g1-divider--none g1-divider--noicon \"><\/div>\n<p><img decoding=\"async\" class=\"alignleft\" src=\"http:\/\/www.newslettercreator.com\/wp-content\/uploads\/2014\/04\/library.jpg\" alt=\"\" width=\"175\" height=\"115\" \/><\/p>\n<h3 style=\"text-align: left; line-height: 18px !important; font-size: 16px !important; font-weight: bold !important;\">T\u00fcm ihtiya\u00e7lar i\u00e7in resimler<\/h3>\n<p style=\"text-align: left; min-height: 75px;\">MailStyler yarat\u0131c\u0131l\u0131\u011f\u0131n\u0131z\u0131 art\u0131rmak ve orijinal bir tasar\u0131m yapman\u0131z\u0131 sa\u011flamak i\u00e7in 2000+ resimlik bir k\u00fct\u00fcphane sunar.<\/p>\n<div id=\"g1-divider-5\" class=\"g1-divider g1-divider--none g1-divider--noicon \"><\/div>\n<p><img decoding=\"async\" class=\"alignleft\" src=\"http:\/\/www.newslettercreator.com\/wp-content\/uploads\/2014\/09\/cloud.jpg\" alt=\"\" width=\"175\" height=\"115\" \/><\/p>\n<h3 style=\"text-align: left; line-height: 18px !important; font-size: 16px !important; font-weight: bold !important;\">Tahsisli bulut alan\u0131<\/h3>\n<p style=\"text-align: left; min-height: 75px;\">MailStyler Pro s\u00fcr\u00fcm\u00fc resimlerinizi koyup saklaman\u0131z ve FTP y\u00fckleme sorunlar\u0131n\u0131 hayat\u0131n\u0131zdan \u00e7\u0131karman\u0131z i\u00e7in tahsisli bir bulut alan\u0131 sunar.<\/p>\n<div id=\"g1-divider-6\" class=\"g1-divider g1-divider--none g1-divider--noicon \"><\/div>\n<p><img decoding=\"async\" class=\"alignleft\" src=\"http:\/\/www.newslettercreator.com\/wp-content\/uploads\/2014\/04\/client2.jpg\" alt=\"\" width=\"175\" height=\"115\" \/><\/p>\n<h3 style=\"text-align: left; line-height: 18px !important; font-size: 16px !important; font-weight: bold !important;\">T\u00fcm e-posta istemcileri, yaz\u0131l\u0131mlar\u0131 ve servisleri ile uyum<\/h3>\n<p style=\"text-align: left; min-height: 75px;\">MailStyler ile olu\u015fturulan her b\u00fclten yayg\u0131n kullan\u0131lan \u00fccretsiz istemcilerden (Outlook, Thunderbird, vb.)  profesyonel pazarlama yaz\u0131l\u0131m ve servislerine (SendBlaster, MailChimp, vb.) kadar t\u00fcm ana e-posta platformlar ile uyumludur.<\/p>\n<div id=\"g1-divider-7\" class=\"g1-divider g1-divider--none g1-divider--noicon \"><\/div>\n<p><img decoding=\"async\" class=\"alignleft\" src=\"http:\/\/www.newslettercreator.com\/wp-content\/uploads\/2014\/04\/crop.jpg\" alt=\"\" width=\"175\" height=\"115\" \/><\/p>\n<h3 style=\"text-align: left; line-height: 18px !important; font-size: 16px !important; font-weight: bold !important;\">Otomatik resim boyutlama\/k\u0131rpma<\/h3>\n<p style=\"text-align: left; min-height: 75px;\">Y\u00fcklenen bir resmi yeni uyarlanm\u0131\u015f bir kutuya m\u0131 koymal\u0131s\u0131n\u0131z? Boyutla\/k\u0131rp arac\u0131m\u0131zla bu i\u015f saniyeler al\u0131r. Art\u0131k esnetilmi\u015f resimler yok!<\/p>\n<div id=\"g1-divider-8\" class=\"g1-divider g1-divider--none g1-divider--noicon \"><\/div>\n<p><img decoding=\"async\" class=\"alignleft\" src=\"http:\/\/www.newslettercreator.com\/wp-content\/uploads\/2014\/04\/responsive.jpg\" alt=\"\" width=\"175\" height=\"115\" \/><\/p>\n<h3 style=\"text-align: left; line-height: 18px !important; font-size: 16px !important; font-weight: bold !important;\">Hassas bloklar<\/h3>\n<p style=\"text-align: left; min-height: 75px;\">Ak\u0131ll\u0131 telefon ve tabletlerde m\u00fckemmel g\u00f6r\u00fcnen bir b\u00fclten i\u00e7in mobil bir cihazda a\u00e7\u0131lmas\u0131 halinde otomatik olarak yeniden boyutlanan hassas bloklar sunar\u0131z. K\u00fc\u00e7\u00fck ekranlarda en iyi okunurlu\u011fu sa\u011flar\u0131z.<\/p>\n<div id=\"g1-divider-9\" class=\"g1-divider g1-divider--none g1-divider--noicon \"><\/div>\n<p><img decoding=\"async\" class=\"alignleft\" src=\"http:\/\/www.newslettercreator.com\/wp-content\/uploads\/2014\/04\/palette.jpg\" alt=\"\" width=\"175\" height=\"115\" \/><\/p>\n<h3 style=\"text-align: left; line-height: 18px !important; font-size: 16px !important; font-weight: bold !important;\">Haz\u0131r stiller ve paletler<\/h3>\n<p style=\"text-align: left; min-height: 75px;\">MailStyler e-postan\u0131z i\u00e7in en iyi g\u00f6r\u00fcn\u00fcm\u00fc belirlemeniz i\u00e7in farkl\u0131 g\u00f6lge dengelerine sahip d\u00fczenli bir renk paleti sunar.<\/p>\n<div id=\"g1-divider-10\" class=\"g1-divider g1-divider--none g1-divider--noicon \"><\/div>\n<p><img decoding=\"async\" class=\"alignleft\" src=\"http:\/\/www.newslettercreator.com\/wp-content\/uploads\/2014\/04\/export.jpg\" alt=\"\" width=\"175\" height=\"115\" \/><\/p>\n<h3 style=\"text-align: left; line-height: 18px !important; font-size: 16px !important; font-weight: bold !important;\">Tek t\u0131kla aktar\u0131m<\/h3>\n<p style=\"text-align: left; min-height: 75px;\">Tasar\u0131m\u0131n\u0131z bitince .eml ya da .html olarak ger\u00e7ekten tek t\u0131kla d\u0131\u015fa aktarabilir ve t\u00fcm profesyonel pazarlama yaz\u0131l\u0131m \u00fcr\u00fcn, hizmet ve istemcilerinde kullanabilirsiniz.<\/p>\n","protected":false},"excerpt":{"rendered":"<p>A\u015fa\u011f\u0131da MailStyler uygulamas\u0131n\u0131 piyasadaki en iyi ve kullanmas\u0131 en kolay b\u00fclten olu\u015fturma arac\u0131 yapan baz\u0131 \u00f6zellikler bulunmaktad\u0131r. Sadece \u00f6nceden haz\u0131rlanm\u0131\u015f \u00f6\u011felerimizi s\u00fcr\u00fckleyip b\u0131rakarak saniyeler i\u00e7inde kendi e-posta \u015fablonunuzu olu\u015fturabilirsiniz. &nbsp; S\u00fcr\u00fckle-b\u0131rak ile \u015fablon olu\u015fturma MailStyler basit ve i\u00e7g\u00fcd\u00fcsel oldu\u011fundan hatalar\u0131 imk\u00e2ns\u0131z k\u0131lan WYSIWYG s\u00fcr\u00fckle-b\u0131rak e-posta d\u00fczenleyicisini sunar. Sade kodlanm\u0131\u015f \u015fablonlar hep g\u00fczel g\u00f6r\u00fcn\u00fcr E-posta g\u00f6r\u00fcnt\u00fclenme [&hellip;]<\/p>\n","protected":false},"author":1,"featured_media":0,"parent":0,"menu_order":0,"comment_status":"closed","ping_status":"closed","template":"g1_template_page_full_sections.php","meta":{"inline_featured_image":false,"_monsterinsights_skip_tracking":false,"_monsterinsights_sitenote_active":false,"_monsterinsights_sitenote_note":"","_monsterinsights_sitenote_category":0,"footnotes":""},"class_list":["post-2956","page","type-page","status-publish"],"yoast_head":"<!-- This site is optimized with the Yoast SEO plugin v25.2 - https:\/\/yoast.com\/wordpress\/plugins\/seo\/ -->\n<title>\u00d6zellikler - Newsletter Creator<\/title>\n<meta name=\"robots\" content=\"index, follow, max-snippet:-1, max-image-preview:large, max-video-preview:-1\" \/>\n<link rel=\"canonical\" href=\"https:\/\/www.newslettercreator.com\/tr\/ozellikler\/\" \/>\n<meta property=\"og:locale\" content=\"tr_TR\" \/>\n<meta property=\"og:type\" content=\"article\" \/>\n<meta property=\"og:title\" content=\"\u00d6zellikler - Newsletter Creator\" \/>\n<meta property=\"og:description\" content=\"A\u015fa\u011f\u0131da MailStyler uygulamas\u0131n\u0131 piyasadaki en iyi ve kullanmas\u0131 en kolay b\u00fclten olu\u015fturma arac\u0131 yapan baz\u0131 \u00f6zellikler bulunmaktad\u0131r. Sadece \u00f6nceden haz\u0131rlanm\u0131\u015f \u00f6\u011felerimizi s\u00fcr\u00fckleyip b\u0131rakarak saniyeler i\u00e7inde kendi e-posta \u015fablonunuzu olu\u015fturabilirsiniz. &nbsp; S\u00fcr\u00fckle-b\u0131rak ile \u015fablon olu\u015fturma MailStyler basit ve i\u00e7g\u00fcd\u00fcsel oldu\u011fundan hatalar\u0131 imk\u00e2ns\u0131z k\u0131lan WYSIWYG s\u00fcr\u00fckle-b\u0131rak e-posta d\u00fczenleyicisini sunar. Sade kodlanm\u0131\u015f \u015fablonlar hep g\u00fczel g\u00f6r\u00fcn\u00fcr E-posta g\u00f6r\u00fcnt\u00fclenme [&hellip;]\" \/>\n<meta property=\"og:url\" content=\"https:\/\/www.newslettercreator.com\/tr\/ozellikler\/\" \/>\n<meta property=\"og:site_name\" content=\"Newsletter Creator\" \/>\n<meta property=\"article:modified_time\" content=\"2016-02-08T10:43:00+00:00\" \/>\n<meta property=\"og:image\" content=\"http:\/\/www.newslettercreator.com\/wp-content\/uploads\/2014\/04\/drag-drop.jpg\" \/>\n<meta name=\"twitter:label1\" content=\"Est. reading time\" \/>\n\t<meta name=\"twitter:data1\" content=\"2 minutes\" \/>\n<script type=\"application\/ld+json\" class=\"yoast-schema-graph\">{\"@context\":\"https:\/\/schema.org\",\"@graph\":[{\"@type\":\"WebPage\",\"@id\":\"https:\/\/www.newslettercreator.com\/tr\/ozellikler\/\",\"url\":\"https:\/\/www.newslettercreator.com\/tr\/ozellikler\/\",\"name\":\"\u00d6zellikler - Newsletter Creator\",\"isPartOf\":{\"@id\":\"https:\/\/www.newslettercreator.com\/#website\"},\"primaryImageOfPage\":{\"@id\":\"https:\/\/www.newslettercreator.com\/tr\/ozellikler\/#primaryimage\"},\"image\":{\"@id\":\"https:\/\/www.newslettercreator.com\/tr\/ozellikler\/#primaryimage\"},\"thumbnailUrl\":\"http:\/\/www.newslettercreator.com\/wp-content\/uploads\/2014\/04\/drag-drop.jpg\",\"datePublished\":\"2015-01-26T09:06:02+00:00\",\"dateModified\":\"2016-02-08T10:43:00+00:00\",\"breadcrumb\":{\"@id\":\"https:\/\/www.newslettercreator.com\/tr\/ozellikler\/#breadcrumb\"},\"inLanguage\":\"tr\",\"potentialAction\":[{\"@type\":\"ReadAction\",\"target\":[\"https:\/\/www.newslettercreator.com\/tr\/ozellikler\/\"]}]},{\"@type\":\"ImageObject\",\"inLanguage\":\"tr\",\"@id\":\"https:\/\/www.newslettercreator.com\/tr\/ozellikler\/#primaryimage\",\"url\":\"http:\/\/www.newslettercreator.com\/wp-content\/uploads\/2014\/04\/drag-drop.jpg\",\"contentUrl\":\"http:\/\/www.newslettercreator.com\/wp-content\/uploads\/2014\/04\/drag-drop.jpg\"},{\"@type\":\"BreadcrumbList\",\"@id\":\"https:\/\/www.newslettercreator.com\/tr\/ozellikler\/#breadcrumb\",\"itemListElement\":[{\"@type\":\"ListItem\",\"position\":1,\"name\":\"Home\",\"item\":\"https:\/\/www.newslettercreator.com\/tr\/\"},{\"@type\":\"ListItem\",\"position\":2,\"name\":\"\u00d6zellikler\"}]},{\"@type\":\"WebSite\",\"@id\":\"https:\/\/www.newslettercreator.com\/#website\",\"url\":\"https:\/\/www.newslettercreator.com\/\",\"name\":\"Newsletter Creator\",\"description\":\"Pay off\",\"potentialAction\":[{\"@type\":\"SearchAction\",\"target\":{\"@type\":\"EntryPoint\",\"urlTemplate\":\"https:\/\/www.newslettercreator.com\/?s={search_term_string}\"},\"query-input\":{\"@type\":\"PropertyValueSpecification\",\"valueRequired\":true,\"valueName\":\"search_term_string\"}}],\"inLanguage\":\"tr\"}]}<\/script>\n<!-- \/ Yoast SEO plugin. -->","yoast_head_json":{"title":"\u00d6zellikler - Newsletter Creator","robots":{"index":"index","follow":"follow","max-snippet":"max-snippet:-1","max-image-preview":"max-image-preview:large","max-video-preview":"max-video-preview:-1"},"canonical":"https:\/\/www.newslettercreator.com\/tr\/ozellikler\/","og_locale":"tr_TR","og_type":"article","og_title":"\u00d6zellikler - Newsletter Creator","og_description":"A\u015fa\u011f\u0131da MailStyler uygulamas\u0131n\u0131 piyasadaki en iyi ve kullanmas\u0131 en kolay b\u00fclten olu\u015fturma arac\u0131 yapan baz\u0131 \u00f6zellikler bulunmaktad\u0131r. Sadece \u00f6nceden haz\u0131rlanm\u0131\u015f \u00f6\u011felerimizi s\u00fcr\u00fckleyip b\u0131rakarak saniyeler i\u00e7inde kendi e-posta \u015fablonunuzu olu\u015fturabilirsiniz. &nbsp; S\u00fcr\u00fckle-b\u0131rak ile \u015fablon olu\u015fturma MailStyler basit ve i\u00e7g\u00fcd\u00fcsel oldu\u011fundan hatalar\u0131 imk\u00e2ns\u0131z k\u0131lan WYSIWYG s\u00fcr\u00fckle-b\u0131rak e-posta d\u00fczenleyicisini sunar. Sade kodlanm\u0131\u015f \u015fablonlar hep g\u00fczel g\u00f6r\u00fcn\u00fcr E-posta g\u00f6r\u00fcnt\u00fclenme [&hellip;]","og_url":"https:\/\/www.newslettercreator.com\/tr\/ozellikler\/","og_site_name":"Newsletter Creator","article_modified_time":"2016-02-08T10:43:00+00:00","og_image":[{"url":"http:\/\/www.newslettercreator.com\/wp-content\/uploads\/2014\/04\/drag-drop.jpg","type":"","width":"","height":""}],"twitter_misc":{"Est. reading time":"2 minutes"},"schema":{"@context":"https:\/\/schema.org","@graph":[{"@type":"WebPage","@id":"https:\/\/www.newslettercreator.com\/tr\/ozellikler\/","url":"https:\/\/www.newslettercreator.com\/tr\/ozellikler\/","name":"\u00d6zellikler - Newsletter Creator","isPartOf":{"@id":"https:\/\/www.newslettercreator.com\/#website"},"primaryImageOfPage":{"@id":"https:\/\/www.newslettercreator.com\/tr\/ozellikler\/#primaryimage"},"image":{"@id":"https:\/\/www.newslettercreator.com\/tr\/ozellikler\/#primaryimage"},"thumbnailUrl":"http:\/\/www.newslettercreator.com\/wp-content\/uploads\/2014\/04\/drag-drop.jpg","datePublished":"2015-01-26T09:06:02+00:00","dateModified":"2016-02-08T10:43:00+00:00","breadcrumb":{"@id":"https:\/\/www.newslettercreator.com\/tr\/ozellikler\/#breadcrumb"},"inLanguage":"tr","potentialAction":[{"@type":"ReadAction","target":["https:\/\/www.newslettercreator.com\/tr\/ozellikler\/"]}]},{"@type":"ImageObject","inLanguage":"tr","@id":"https:\/\/www.newslettercreator.com\/tr\/ozellikler\/#primaryimage","url":"http:\/\/www.newslettercreator.com\/wp-content\/uploads\/2014\/04\/drag-drop.jpg","contentUrl":"http:\/\/www.newslettercreator.com\/wp-content\/uploads\/2014\/04\/drag-drop.jpg"},{"@type":"BreadcrumbList","@id":"https:\/\/www.newslettercreator.com\/tr\/ozellikler\/#breadcrumb","itemListElement":[{"@type":"ListItem","position":1,"name":"Home","item":"https:\/\/www.newslettercreator.com\/tr\/"},{"@type":"ListItem","position":2,"name":"\u00d6zellikler"}]},{"@type":"WebSite","@id":"https:\/\/www.newslettercreator.com\/#website","url":"https:\/\/www.newslettercreator.com\/","name":"Newsletter Creator","description":"Pay off","potentialAction":[{"@type":"SearchAction","target":{"@type":"EntryPoint","urlTemplate":"https:\/\/www.newslettercreator.com\/?s={search_term_string}"},"query-input":{"@type":"PropertyValueSpecification","valueRequired":true,"valueName":"search_term_string"}}],"inLanguage":"tr"}]}},"_links":{"self":[{"href":"https:\/\/www.newslettercreator.com\/tr\/wp-json\/wp\/v2\/pages\/2956","targetHints":{"allow":["GET"]}}],"collection":[{"href":"https:\/\/www.newslettercreator.com\/tr\/wp-json\/wp\/v2\/pages"}],"about":[{"href":"https:\/\/www.newslettercreator.com\/tr\/wp-json\/wp\/v2\/types\/page"}],"author":[{"embeddable":true,"href":"https:\/\/www.newslettercreator.com\/tr\/wp-json\/wp\/v2\/users\/1"}],"replies":[{"embeddable":true,"href":"https:\/\/www.newslettercreator.com\/tr\/wp-json\/wp\/v2\/comments?post=2956"}],"version-history":[{"count":3,"href":"https:\/\/www.newslettercreator.com\/tr\/wp-json\/wp\/v2\/pages\/2956\/revisions"}],"predecessor-version":[{"id":4316,"href":"https:\/\/www.newslettercreator.com\/tr\/wp-json\/wp\/v2\/pages\/2956\/revisions\/4316"}],"wp:attachment":[{"href":"https:\/\/www.newslettercreator.com\/tr\/wp-json\/wp\/v2\/media?parent=2956"}],"curies":[{"name":"wp","href":"https:\/\/api.w.org\/{rel}","templated":true}]}}