{"id":2962,"date":"2015-01-26T09:31:43","date_gmt":"2015-01-26T09:31:43","guid":{"rendered":"http:\/\/www.newslettercreator.com\/?page_id=2962"},"modified":"2021-10-15T11:49:05","modified_gmt":"2021-10-15T09:49:05","slug":"ucretsiz-deneyin","status":"publish","type":"page","link":"https:\/\/www.newslettercreator.com\/tr\/ucretsiz-deneyin\/","title":{"rendered":"\u00dccretsiz deneyin"},"content":{"rendered":"<ul class=\"g1-grid\"><li class=\"g1-column g1-one-half g1-valign-top\">\n<p><img decoding=\"async\" width=\"457\" height=\"418\" src=\"http:\/\/www.newslettercreator.com\/wp-content\/uploads\/2014\/09\/monitor.jpg\" alt=\"\" \/><\/p>\n<\/li><!-- -->\n<li class=\"g1-column g1-one-half g1-valign-top\">\n<h1 style=\"line-height: 38px !important;\">B\u00fclten<br \/>\nYaratma Yaz\u0131l\u0131m\u0131m\u0131z\u0131<br \/>\n\u00dccretsiz Deneyin<\/h1>\n<p style=\"text-align: middle;\"><a class=\"button large orange\" title=\"\u00dccretsiz demo indir\" href=\"http:\/\/www.newslettercreator.com\/utils\/download\/pre-download.php\" target=\"_blank\" rel=\"noopener\">\u0130ND\u0130R DEMO<\/a><\/p>\n<p style=\"margin-bottom: 5px;\"><strong>Bir lisans anahtar\u0131n var m\u0131?<\/strong> <a href=\"https:\/\/www.newslettercreator.com\/download-your-mailstyler-release\/\" title=\"Bir lisans anahtar\u0131n var m\u0131? \u0130ndirmek i\u00e7in buraya t\u0131kla\">\u0130ndirmek i\u00e7in buraya t\u0131kla<\/a><\/p>\n<p style=\"text-align: left; font-size: 11px;\">Enson s\u00fcr\u00fcm: 2.24.01.17 | Yay\u0131n tarihi: 17\/01\/2024 | Boyut: 114.9 MB<br \/>\n<a href=\"http:\/\/www.newslettercreator.com\/license-agreement\/\" target=\"_blank\" rel=\"noopener\">Lisans s\u00f6zle\u015fmesi<\/a> | <a href=\"http:\/\/www.newslettercreator.com\/how-to-uninstall\/\" target=\"_blank\" rel=\"noopener\">Nas\u0131l kald\u0131r\u0131l\u0131r<\/a><\/p>\n<p><img decoding=\"async\" width=\"196\" height=\"24\" src=\"http:\/\/www.newslettercreator.com\/wp-content\/uploads\/2015\/07\/windows-10-ready.jpg\" alt=\"MailStyler, Windows 10 i\u00e7in haz\u0131r\"><\/p>\n<p><strong><i class=\"fa fa-apple fa-2x\"><\/i> Mac kullan\u0131c\u0131s\u0131 m\u0131s\u0131n\u0131z?<\/strong> <a href=\"http:\/\/www.newslettercreator.com\/using-mailstyler-on-mac\/\" title=\"Mac kullan\u0131c\u0131s\u0131 m\u0131s\u0131n\u0131z? Buraya bak\u0131n...\">Buraya bak\u0131n&#8230;<\/a><\/p>\n<\/li><!-- --><\/ul>\n<p>MailStyler <strong>\u00fccretsiz demosu<\/strong> yaz\u0131l\u0131m\u0131n t\u00fcm \u00f6zelliklerini denemenize olanak sa\u011flar ancak d\u0131\u015fa aktar\u0131lan HTML b\u00fcltenler kar\u0131\u015f\u0131k olacakt\u0131r. Ancak MailStyler&#8217;\u0131n nas\u0131l \u00e7al\u0131\u015ft\u0131\u011f\u0131n\u0131 g\u00f6rmek i\u00e7in bu b\u00fcltenleri her zaman herhangi bir istemci \u00fczerinde ya da e-posta pazarlama yaz\u0131l\u0131m\u0131 ile deneyebilirsiniz.<br \/>\nAyn\u0131 zamanda temel <strong>resim k\u00fct\u00fcphanemize<\/strong> (2000+ resim, 200+ filigrans\u0131z) eri\u015febilirsiniz.<\/p>\n<p>Elbette yaz\u0131l\u0131m\u0131n keyfini tamamen \u00e7\u0131karmak i\u00e7in her zaman tescil kodunu al\u0131p <a title=\"MailStyler \u00dccretlendirme\" href=\"http:\/\/www.newslettercreator.com\/tr\/ucretlendirme\/\">MailStyler&#8217;a<\/a> girerek <a title=\"\" href=\"http:\/\/www.newslettercreator.com\/registration-upgrade\">Temel ya da Pro s\u00fcr\u00fcm\u00fcne<\/a> <strong>y\u00fckseltebilirsiniz<\/strong>. Bu sadece saniyeler al\u0131r.<\/p>\n<p>&nbsp;<\/p>\n<h2>Sistem Gereksinimleri<\/h2>\n<ul class=\"g1-grid\"><li class=\"g1-column g1-one-half g1-valign-top\">\n<p><strong>Yaz\u0131l\u0131m<\/strong><\/p>\n<ul>\n<li>Windows 8 ya da daha \u00fcst s\u00fcr\u00fcm, Windows Server 2016 ya da daha \u00fcst s\u00fcr\u00fcm.<\/li>\n<li>Internet Explorer 8.0 ya da daha \u00fcst s\u00fcr\u00fcm.<\/li>\n<li>.NET Framework 3.5 SP1.<\/li>\n<li>x86 PC ya da WoW64 y\u00fckl\u00fc x64 PC.<\/li>\n<\/ul>\n<\/li><!-- -->\n<li class=\"g1-column g1-one-half g1-valign-top\">\n<p><strong>Donan\u0131m<\/strong><\/p>\n<ul>\n<li>1 GHZ CPU<\/li>\n<li>1 GB RAM<\/li>\n<li>Monit\u00f6r 1366 x 768<\/li>\n<li>\u0130nternet ba\u011flant\u0131s\u0131<\/li>\n<\/ul>\n<\/li><!-- --><\/ul>\n<p><small>NOT: Gerekli hallerde Internet Explorer 3 ve Framework 3.5 MailStyler kurulum program\u0131 taraf\u0131ndan kurulacakt\u0131r.<\/small><\/p>\n","protected":false},"excerpt":{"rendered":"<p>MailStyler \u00fccretsiz demosu yaz\u0131l\u0131m\u0131n t\u00fcm \u00f6zelliklerini denemenize olanak sa\u011flar ancak d\u0131\u015fa aktar\u0131lan HTML b\u00fcltenler kar\u0131\u015f\u0131k olacakt\u0131r. Ancak MailStyler&#8217;\u0131n nas\u0131l \u00e7al\u0131\u015ft\u0131\u011f\u0131n\u0131 g\u00f6rmek i\u00e7in bu b\u00fcltenleri her zaman herhangi bir istemci \u00fczerinde ya da e-posta pazarlama yaz\u0131l\u0131m\u0131 ile deneyebilirsiniz. Ayn\u0131 zamanda temel resim k\u00fct\u00fcphanemize (2000+ resim, 200+ filigrans\u0131z) eri\u015febilirsiniz. Elbette yaz\u0131l\u0131m\u0131n keyfini tamamen \u00e7\u0131karmak i\u00e7in her zaman [&hellip;]<\/p>\n","protected":false},"author":1,"featured_media":0,"parent":0,"menu_order":0,"comment_status":"closed","ping_status":"closed","template":"","meta":{"inline_featured_image":false,"_monsterinsights_skip_tracking":false,"_monsterinsights_sitenote_active":false,"_monsterinsights_sitenote_note":"","_monsterinsights_sitenote_category":0,"footnotes":""},"class_list":["post-2962","page","type-page","status-publish"],"yoast_head":"<!-- This site is optimized with the Yoast SEO plugin v25.2 - https:\/\/yoast.com\/wordpress\/plugins\/seo\/ -->\n<title>\u00dccretsiz deneyin - Newsletter Creator<\/title>\n<meta name=\"robots\" content=\"index, follow, max-snippet:-1, max-image-preview:large, max-video-preview:-1\" \/>\n<link rel=\"canonical\" href=\"https:\/\/www.newslettercreator.com\/tr\/ucretsiz-deneyin\/\" \/>\n<meta property=\"og:locale\" content=\"tr_TR\" \/>\n<meta property=\"og:type\" content=\"article\" \/>\n<meta property=\"og:title\" content=\"\u00dccretsiz deneyin - Newsletter Creator\" \/>\n<meta property=\"og:description\" content=\"MailStyler \u00fccretsiz demosu yaz\u0131l\u0131m\u0131n t\u00fcm \u00f6zelliklerini denemenize olanak sa\u011flar ancak d\u0131\u015fa aktar\u0131lan HTML b\u00fcltenler kar\u0131\u015f\u0131k olacakt\u0131r. Ancak MailStyler&#8217;\u0131n nas\u0131l \u00e7al\u0131\u015ft\u0131\u011f\u0131n\u0131 g\u00f6rmek i\u00e7in bu b\u00fcltenleri her zaman herhangi bir istemci \u00fczerinde ya da e-posta pazarlama yaz\u0131l\u0131m\u0131 ile deneyebilirsiniz. Ayn\u0131 zamanda temel resim k\u00fct\u00fcphanemize (2000+ resim, 200+ filigrans\u0131z) eri\u015febilirsiniz. Elbette yaz\u0131l\u0131m\u0131n keyfini tamamen \u00e7\u0131karmak i\u00e7in her zaman [&hellip;]\" \/>\n<meta property=\"og:url\" content=\"https:\/\/www.newslettercreator.com\/tr\/ucretsiz-deneyin\/\" \/>\n<meta property=\"og:site_name\" content=\"Newsletter Creator\" \/>\n<meta property=\"article:modified_time\" content=\"2021-10-15T09:49:05+00:00\" \/>\n<meta property=\"og:image\" content=\"http:\/\/www.newslettercreator.com\/wp-content\/uploads\/2014\/09\/monitor.jpg\" \/>\n<meta name=\"twitter:label1\" content=\"Est. reading time\" \/>\n\t<meta name=\"twitter:data1\" content=\"1 minute\" \/>\n<script type=\"application\/ld+json\" class=\"yoast-schema-graph\">{\"@context\":\"https:\/\/schema.org\",\"@graph\":[{\"@type\":\"WebPage\",\"@id\":\"https:\/\/www.newslettercreator.com\/tr\/ucretsiz-deneyin\/\",\"url\":\"https:\/\/www.newslettercreator.com\/tr\/ucretsiz-deneyin\/\",\"name\":\"\u00dccretsiz deneyin - Newsletter Creator\",\"isPartOf\":{\"@id\":\"https:\/\/www.newslettercreator.com\/#website\"},\"primaryImageOfPage\":{\"@id\":\"https:\/\/www.newslettercreator.com\/tr\/ucretsiz-deneyin\/#primaryimage\"},\"image\":{\"@id\":\"https:\/\/www.newslettercreator.com\/tr\/ucretsiz-deneyin\/#primaryimage\"},\"thumbnailUrl\":\"http:\/\/www.newslettercreator.com\/wp-content\/uploads\/2014\/09\/monitor.jpg\",\"datePublished\":\"2015-01-26T09:31:43+00:00\",\"dateModified\":\"2021-10-15T09:49:05+00:00\",\"breadcrumb\":{\"@id\":\"https:\/\/www.newslettercreator.com\/tr\/ucretsiz-deneyin\/#breadcrumb\"},\"inLanguage\":\"tr\",\"potentialAction\":[{\"@type\":\"ReadAction\",\"target\":[\"https:\/\/www.newslettercreator.com\/tr\/ucretsiz-deneyin\/\"]}]},{\"@type\":\"ImageObject\",\"inLanguage\":\"tr\",\"@id\":\"https:\/\/www.newslettercreator.com\/tr\/ucretsiz-deneyin\/#primaryimage\",\"url\":\"http:\/\/www.newslettercreator.com\/wp-content\/uploads\/2014\/09\/monitor.jpg\",\"contentUrl\":\"http:\/\/www.newslettercreator.com\/wp-content\/uploads\/2014\/09\/monitor.jpg\"},{\"@type\":\"BreadcrumbList\",\"@id\":\"https:\/\/www.newslettercreator.com\/tr\/ucretsiz-deneyin\/#breadcrumb\",\"itemListElement\":[{\"@type\":\"ListItem\",\"position\":1,\"name\":\"Home\",\"item\":\"https:\/\/www.newslettercreator.com\/tr\/\"},{\"@type\":\"ListItem\",\"position\":2,\"name\":\"\u00dccretsiz deneyin\"}]},{\"@type\":\"WebSite\",\"@id\":\"https:\/\/www.newslettercreator.com\/#website\",\"url\":\"https:\/\/www.newslettercreator.com\/\",\"name\":\"Newsletter Creator\",\"description\":\"Pay off\",\"potentialAction\":[{\"@type\":\"SearchAction\",\"target\":{\"@type\":\"EntryPoint\",\"urlTemplate\":\"https:\/\/www.newslettercreator.com\/?s={search_term_string}\"},\"query-input\":{\"@type\":\"PropertyValueSpecification\",\"valueRequired\":true,\"valueName\":\"search_term_string\"}}],\"inLanguage\":\"tr\"}]}<\/script>\n<!-- \/ Yoast SEO plugin. -->","yoast_head_json":{"title":"\u00dccretsiz deneyin - Newsletter Creator","robots":{"index":"index","follow":"follow","max-snippet":"max-snippet:-1","max-image-preview":"max-image-preview:large","max-video-preview":"max-video-preview:-1"},"canonical":"https:\/\/www.newslettercreator.com\/tr\/ucretsiz-deneyin\/","og_locale":"tr_TR","og_type":"article","og_title":"\u00dccretsiz deneyin - Newsletter Creator","og_description":"MailStyler \u00fccretsiz demosu yaz\u0131l\u0131m\u0131n t\u00fcm \u00f6zelliklerini denemenize olanak sa\u011flar ancak d\u0131\u015fa aktar\u0131lan HTML b\u00fcltenler kar\u0131\u015f\u0131k olacakt\u0131r. Ancak MailStyler&#8217;\u0131n nas\u0131l \u00e7al\u0131\u015ft\u0131\u011f\u0131n\u0131 g\u00f6rmek i\u00e7in bu b\u00fcltenleri her zaman herhangi bir istemci \u00fczerinde ya da e-posta pazarlama yaz\u0131l\u0131m\u0131 ile deneyebilirsiniz. Ayn\u0131 zamanda temel resim k\u00fct\u00fcphanemize (2000+ resim, 200+ filigrans\u0131z) eri\u015febilirsiniz. Elbette yaz\u0131l\u0131m\u0131n keyfini tamamen \u00e7\u0131karmak i\u00e7in her zaman [&hellip;]","og_url":"https:\/\/www.newslettercreator.com\/tr\/ucretsiz-deneyin\/","og_site_name":"Newsletter Creator","article_modified_time":"2021-10-15T09:49:05+00:00","og_image":[{"url":"http:\/\/www.newslettercreator.com\/wp-content\/uploads\/2014\/09\/monitor.jpg","type":"","width":"","height":""}],"twitter_misc":{"Est. reading time":"1 minute"},"schema":{"@context":"https:\/\/schema.org","@graph":[{"@type":"WebPage","@id":"https:\/\/www.newslettercreator.com\/tr\/ucretsiz-deneyin\/","url":"https:\/\/www.newslettercreator.com\/tr\/ucretsiz-deneyin\/","name":"\u00dccretsiz deneyin - Newsletter Creator","isPartOf":{"@id":"https:\/\/www.newslettercreator.com\/#website"},"primaryImageOfPage":{"@id":"https:\/\/www.newslettercreator.com\/tr\/ucretsiz-deneyin\/#primaryimage"},"image":{"@id":"https:\/\/www.newslettercreator.com\/tr\/ucretsiz-deneyin\/#primaryimage"},"thumbnailUrl":"http:\/\/www.newslettercreator.com\/wp-content\/uploads\/2014\/09\/monitor.jpg","datePublished":"2015-01-26T09:31:43+00:00","dateModified":"2021-10-15T09:49:05+00:00","breadcrumb":{"@id":"https:\/\/www.newslettercreator.com\/tr\/ucretsiz-deneyin\/#breadcrumb"},"inLanguage":"tr","potentialAction":[{"@type":"ReadAction","target":["https:\/\/www.newslettercreator.com\/tr\/ucretsiz-deneyin\/"]}]},{"@type":"ImageObject","inLanguage":"tr","@id":"https:\/\/www.newslettercreator.com\/tr\/ucretsiz-deneyin\/#primaryimage","url":"http:\/\/www.newslettercreator.com\/wp-content\/uploads\/2014\/09\/monitor.jpg","contentUrl":"http:\/\/www.newslettercreator.com\/wp-content\/uploads\/2014\/09\/monitor.jpg"},{"@type":"BreadcrumbList","@id":"https:\/\/www.newslettercreator.com\/tr\/ucretsiz-deneyin\/#breadcrumb","itemListElement":[{"@type":"ListItem","position":1,"name":"Home","item":"https:\/\/www.newslettercreator.com\/tr\/"},{"@type":"ListItem","position":2,"name":"\u00dccretsiz deneyin"}]},{"@type":"WebSite","@id":"https:\/\/www.newslettercreator.com\/#website","url":"https:\/\/www.newslettercreator.com\/","name":"Newsletter Creator","description":"Pay off","potentialAction":[{"@type":"SearchAction","target":{"@type":"EntryPoint","urlTemplate":"https:\/\/www.newslettercreator.com\/?s={search_term_string}"},"query-input":{"@type":"PropertyValueSpecification","valueRequired":true,"valueName":"search_term_string"}}],"inLanguage":"tr"}]}},"_links":{"self":[{"href":"https:\/\/www.newslettercreator.com\/tr\/wp-json\/wp\/v2\/pages\/2962","targetHints":{"allow":["GET"]}}],"collection":[{"href":"https:\/\/www.newslettercreator.com\/tr\/wp-json\/wp\/v2\/pages"}],"about":[{"href":"https:\/\/www.newslettercreator.com\/tr\/wp-json\/wp\/v2\/types\/page"}],"author":[{"embeddable":true,"href":"https:\/\/www.newslettercreator.com\/tr\/wp-json\/wp\/v2\/users\/1"}],"replies":[{"embeddable":true,"href":"https:\/\/www.newslettercreator.com\/tr\/wp-json\/wp\/v2\/comments?post=2962"}],"version-history":[{"count":7,"href":"https:\/\/www.newslettercreator.com\/tr\/wp-json\/wp\/v2\/pages\/2962\/revisions"}],"predecessor-version":[{"id":11516,"href":"https:\/\/www.newslettercreator.com\/tr\/wp-json\/wp\/v2\/pages\/2962\/revisions\/11516"}],"wp:attachment":[{"href":"https:\/\/www.newslettercreator.com\/tr\/wp-json\/wp\/v2\/media?parent=2962"}],"curies":[{"name":"wp","href":"https:\/\/api.w.org\/{rel}","templated":true}]}}