{"id":2964,"date":"2015-01-26T10:20:36","date_gmt":"2015-01-26T10:20:36","guid":{"rendered":"http:\/\/www.newslettercreator.com\/?page_id=2964"},"modified":"2015-01-26T10:20:36","modified_gmt":"2015-01-26T10:20:36","slug":"temel-resim-kutuphanesi","status":"publish","type":"page","link":"https:\/\/www.newslettercreator.com\/tr\/temel-resim-kutuphanesi\/","title":{"rendered":"Temel resim k\u00fct\u00fcphanesi"},"content":{"rendered":"<p><img decoding=\"async\" class=\"alignnone size-full wp-image-387\" src=\"http:\/\/www.newslettercreator.com\/wp-content\/uploads\/2014\/04\/library-base.jpg\" alt=\"Temel resim k\u00fct\u00fcphanesi\" width=\"649\" height=\"423\" srcset=\"https:\/\/www.newslettercreator.com\/wp-content\/uploads\/2014\/04\/library-base.jpg 649w, https:\/\/www.newslettercreator.com\/wp-content\/uploads\/2014\/04\/library-base-300x195.jpg 300w\" sizes=\"(max-width: 649px) 100vw, 649px\" \/><\/p>\n<p>Profesyonel se\u00e7ilmi\u015f haz\u0131r resim ve foto\u011fraflara g\u00fcvenmek etkili bir haber b\u00fclteni olu\u015fturmak i\u00e7in gereklidir. Bu y\u00fczden MailStyler <strong>2000&#8217;den fazla y\u00fcksek kaliteli, \u00f6zg\u00fcn g\u00f6r\u00fcnt\u00fclere<\/strong> sahip bir k\u00fct\u00fcphane ile birlikte gelir.<\/p>\n<p>K\u00fct\u00fcphane, sanattan arabalara, elektronikten modaya, oyunlardan spora ve ek olarak sosya medya ikonlar\u0131 vb. olacak \u015fekilde 51 kategori \u015feklinde tasarlanm\u0131\u015ft\u0131r. Bu \u015fekilde i\u015f ihtiya\u00e7lar\u0131n\u0131za en uygun birinci s\u0131n\u0131f malzemeyi bulman\u0131z daha kolay olacakt\u0131r.<\/p>\n<p>\u00dccretsiz ve Base versiyonlar\u0131, her kategoriden filigrans\u0131z 3 resme kadar (toplamda 200\u2019den fazla) kullanman\u0131za ve di\u011fer t\u00fcm resimleri bizim logomuzun oldu\u011fu filigran ile kullanman\u0131za olanak sa\u011flar.<br \/>\nT\u00fcm resimler 800&#215;600 \u00e7\u00f6z\u00fcn\u00fcrl\u00fc\u011f\u00fcndedir.<\/p>\n","protected":false},"excerpt":{"rendered":"<p>Profesyonel se\u00e7ilmi\u015f haz\u0131r resim ve foto\u011fraflara g\u00fcvenmek etkili bir haber b\u00fclteni olu\u015fturmak i\u00e7in gereklidir. Bu y\u00fczden MailStyler 2000&#8217;den fazla y\u00fcksek kaliteli, \u00f6zg\u00fcn g\u00f6r\u00fcnt\u00fclere sahip bir k\u00fct\u00fcphane ile birlikte gelir. K\u00fct\u00fcphane, sanattan arabalara, elektronikten modaya, oyunlardan spora ve ek olarak sosya medya ikonlar\u0131 vb. olacak \u015fekilde 51 kategori \u015feklinde tasarlanm\u0131\u015ft\u0131r. Bu \u015fekilde i\u015f ihtiya\u00e7lar\u0131n\u0131za en uygun [&hellip;]<\/p>\n","protected":false},"author":1,"featured_media":0,"parent":0,"menu_order":0,"comment_status":"closed","ping_status":"closed","template":"g1_template_page_sidebar_right.php","meta":{"inline_featured_image":false,"_monsterinsights_skip_tracking":false,"_monsterinsights_sitenote_active":false,"_monsterinsights_sitenote_note":"","_monsterinsights_sitenote_category":0,"footnotes":""},"class_list":["post-2964","page","type-page","status-publish"],"yoast_head":"<!-- This site is optimized with the Yoast SEO plugin v25.2 - https:\/\/yoast.com\/wordpress\/plugins\/seo\/ -->\n<title>Temel resim k\u00fct\u00fcphanesi - Newsletter Creator<\/title>\n<meta name=\"robots\" content=\"index, follow, max-snippet:-1, max-image-preview:large, max-video-preview:-1\" \/>\n<link rel=\"canonical\" href=\"https:\/\/www.newslettercreator.com\/tr\/temel-resim-kutuphanesi\/\" \/>\n<meta property=\"og:locale\" content=\"tr_TR\" \/>\n<meta property=\"og:type\" content=\"article\" \/>\n<meta property=\"og:title\" content=\"Temel resim k\u00fct\u00fcphanesi - Newsletter Creator\" \/>\n<meta property=\"og:description\" content=\"Profesyonel se\u00e7ilmi\u015f haz\u0131r resim ve foto\u011fraflara g\u00fcvenmek etkili bir haber b\u00fclteni olu\u015fturmak i\u00e7in gereklidir. Bu y\u00fczden MailStyler 2000&#8217;den fazla y\u00fcksek kaliteli, \u00f6zg\u00fcn g\u00f6r\u00fcnt\u00fclere sahip bir k\u00fct\u00fcphane ile birlikte gelir. K\u00fct\u00fcphane, sanattan arabalara, elektronikten modaya, oyunlardan spora ve ek olarak sosya medya ikonlar\u0131 vb. olacak \u015fekilde 51 kategori \u015feklinde tasarlanm\u0131\u015ft\u0131r. Bu \u015fekilde i\u015f ihtiya\u00e7lar\u0131n\u0131za en uygun [&hellip;]\" \/>\n<meta property=\"og:url\" content=\"https:\/\/www.newslettercreator.com\/tr\/temel-resim-kutuphanesi\/\" \/>\n<meta property=\"og:site_name\" content=\"Newsletter Creator\" \/>\n<meta property=\"og:image\" content=\"http:\/\/www.newslettercreator.com\/wp-content\/uploads\/2014\/04\/library-base.jpg\" \/>\n<meta name=\"twitter:label1\" content=\"Est. reading time\" \/>\n\t<meta name=\"twitter:data1\" content=\"1 minute\" \/>\n<script type=\"application\/ld+json\" class=\"yoast-schema-graph\">{\"@context\":\"https:\/\/schema.org\",\"@graph\":[{\"@type\":\"WebPage\",\"@id\":\"https:\/\/www.newslettercreator.com\/tr\/temel-resim-kutuphanesi\/\",\"url\":\"https:\/\/www.newslettercreator.com\/tr\/temel-resim-kutuphanesi\/\",\"name\":\"Temel resim k\u00fct\u00fcphanesi - Newsletter Creator\",\"isPartOf\":{\"@id\":\"https:\/\/www.newslettercreator.com\/#website\"},\"primaryImageOfPage\":{\"@id\":\"https:\/\/www.newslettercreator.com\/tr\/temel-resim-kutuphanesi\/#primaryimage\"},\"image\":{\"@id\":\"https:\/\/www.newslettercreator.com\/tr\/temel-resim-kutuphanesi\/#primaryimage\"},\"thumbnailUrl\":\"http:\/\/www.newslettercreator.com\/wp-content\/uploads\/2014\/04\/library-base.jpg\",\"datePublished\":\"2015-01-26T10:20:36+00:00\",\"breadcrumb\":{\"@id\":\"https:\/\/www.newslettercreator.com\/tr\/temel-resim-kutuphanesi\/#breadcrumb\"},\"inLanguage\":\"tr\",\"potentialAction\":[{\"@type\":\"ReadAction\",\"target\":[\"https:\/\/www.newslettercreator.com\/tr\/temel-resim-kutuphanesi\/\"]}]},{\"@type\":\"ImageObject\",\"inLanguage\":\"tr\",\"@id\":\"https:\/\/www.newslettercreator.com\/tr\/temel-resim-kutuphanesi\/#primaryimage\",\"url\":\"http:\/\/www.newslettercreator.com\/wp-content\/uploads\/2014\/04\/library-base.jpg\",\"contentUrl\":\"http:\/\/www.newslettercreator.com\/wp-content\/uploads\/2014\/04\/library-base.jpg\"},{\"@type\":\"BreadcrumbList\",\"@id\":\"https:\/\/www.newslettercreator.com\/tr\/temel-resim-kutuphanesi\/#breadcrumb\",\"itemListElement\":[{\"@type\":\"ListItem\",\"position\":1,\"name\":\"Home\",\"item\":\"https:\/\/www.newslettercreator.com\/tr\/\"},{\"@type\":\"ListItem\",\"position\":2,\"name\":\"Temel resim k\u00fct\u00fcphanesi\"}]},{\"@type\":\"WebSite\",\"@id\":\"https:\/\/www.newslettercreator.com\/#website\",\"url\":\"https:\/\/www.newslettercreator.com\/\",\"name\":\"Newsletter Creator\",\"description\":\"Pay off\",\"potentialAction\":[{\"@type\":\"SearchAction\",\"target\":{\"@type\":\"EntryPoint\",\"urlTemplate\":\"https:\/\/www.newslettercreator.com\/?s={search_term_string}\"},\"query-input\":{\"@type\":\"PropertyValueSpecification\",\"valueRequired\":true,\"valueName\":\"search_term_string\"}}],\"inLanguage\":\"tr\"}]}<\/script>\n<!-- \/ Yoast SEO plugin. -->","yoast_head_json":{"title":"Temel resim k\u00fct\u00fcphanesi - Newsletter Creator","robots":{"index":"index","follow":"follow","max-snippet":"max-snippet:-1","max-image-preview":"max-image-preview:large","max-video-preview":"max-video-preview:-1"},"canonical":"https:\/\/www.newslettercreator.com\/tr\/temel-resim-kutuphanesi\/","og_locale":"tr_TR","og_type":"article","og_title":"Temel resim k\u00fct\u00fcphanesi - Newsletter Creator","og_description":"Profesyonel se\u00e7ilmi\u015f haz\u0131r resim ve foto\u011fraflara g\u00fcvenmek etkili bir haber b\u00fclteni olu\u015fturmak i\u00e7in gereklidir. Bu y\u00fczden MailStyler 2000&#8217;den fazla y\u00fcksek kaliteli, \u00f6zg\u00fcn g\u00f6r\u00fcnt\u00fclere sahip bir k\u00fct\u00fcphane ile birlikte gelir. K\u00fct\u00fcphane, sanattan arabalara, elektronikten modaya, oyunlardan spora ve ek olarak sosya medya ikonlar\u0131 vb. olacak \u015fekilde 51 kategori \u015feklinde tasarlanm\u0131\u015ft\u0131r. Bu \u015fekilde i\u015f ihtiya\u00e7lar\u0131n\u0131za en uygun [&hellip;]","og_url":"https:\/\/www.newslettercreator.com\/tr\/temel-resim-kutuphanesi\/","og_site_name":"Newsletter Creator","og_image":[{"url":"http:\/\/www.newslettercreator.com\/wp-content\/uploads\/2014\/04\/library-base.jpg","type":"","width":"","height":""}],"twitter_misc":{"Est. reading time":"1 minute"},"schema":{"@context":"https:\/\/schema.org","@graph":[{"@type":"WebPage","@id":"https:\/\/www.newslettercreator.com\/tr\/temel-resim-kutuphanesi\/","url":"https:\/\/www.newslettercreator.com\/tr\/temel-resim-kutuphanesi\/","name":"Temel resim k\u00fct\u00fcphanesi - Newsletter Creator","isPartOf":{"@id":"https:\/\/www.newslettercreator.com\/#website"},"primaryImageOfPage":{"@id":"https:\/\/www.newslettercreator.com\/tr\/temel-resim-kutuphanesi\/#primaryimage"},"image":{"@id":"https:\/\/www.newslettercreator.com\/tr\/temel-resim-kutuphanesi\/#primaryimage"},"thumbnailUrl":"http:\/\/www.newslettercreator.com\/wp-content\/uploads\/2014\/04\/library-base.jpg","datePublished":"2015-01-26T10:20:36+00:00","breadcrumb":{"@id":"https:\/\/www.newslettercreator.com\/tr\/temel-resim-kutuphanesi\/#breadcrumb"},"inLanguage":"tr","potentialAction":[{"@type":"ReadAction","target":["https:\/\/www.newslettercreator.com\/tr\/temel-resim-kutuphanesi\/"]}]},{"@type":"ImageObject","inLanguage":"tr","@id":"https:\/\/www.newslettercreator.com\/tr\/temel-resim-kutuphanesi\/#primaryimage","url":"http:\/\/www.newslettercreator.com\/wp-content\/uploads\/2014\/04\/library-base.jpg","contentUrl":"http:\/\/www.newslettercreator.com\/wp-content\/uploads\/2014\/04\/library-base.jpg"},{"@type":"BreadcrumbList","@id":"https:\/\/www.newslettercreator.com\/tr\/temel-resim-kutuphanesi\/#breadcrumb","itemListElement":[{"@type":"ListItem","position":1,"name":"Home","item":"https:\/\/www.newslettercreator.com\/tr\/"},{"@type":"ListItem","position":2,"name":"Temel resim k\u00fct\u00fcphanesi"}]},{"@type":"WebSite","@id":"https:\/\/www.newslettercreator.com\/#website","url":"https:\/\/www.newslettercreator.com\/","name":"Newsletter Creator","description":"Pay off","potentialAction":[{"@type":"SearchAction","target":{"@type":"EntryPoint","urlTemplate":"https:\/\/www.newslettercreator.com\/?s={search_term_string}"},"query-input":{"@type":"PropertyValueSpecification","valueRequired":true,"valueName":"search_term_string"}}],"inLanguage":"tr"}]}},"_links":{"self":[{"href":"https:\/\/www.newslettercreator.com\/tr\/wp-json\/wp\/v2\/pages\/2964","targetHints":{"allow":["GET"]}}],"collection":[{"href":"https:\/\/www.newslettercreator.com\/tr\/wp-json\/wp\/v2\/pages"}],"about":[{"href":"https:\/\/www.newslettercreator.com\/tr\/wp-json\/wp\/v2\/types\/page"}],"author":[{"embeddable":true,"href":"https:\/\/www.newslettercreator.com\/tr\/wp-json\/wp\/v2\/users\/1"}],"replies":[{"embeddable":true,"href":"https:\/\/www.newslettercreator.com\/tr\/wp-json\/wp\/v2\/comments?post=2964"}],"version-history":[{"count":1,"href":"https:\/\/www.newslettercreator.com\/tr\/wp-json\/wp\/v2\/pages\/2964\/revisions"}],"predecessor-version":[{"id":2965,"href":"https:\/\/www.newslettercreator.com\/tr\/wp-json\/wp\/v2\/pages\/2964\/revisions\/2965"}],"wp:attachment":[{"href":"https:\/\/www.newslettercreator.com\/tr\/wp-json\/wp\/v2\/media?parent=2964"}],"curies":[{"name":"wp","href":"https:\/\/api.w.org\/{rel}","templated":true}]}}