{"id":2966,"date":"2015-01-26T10:22:19","date_gmt":"2015-01-26T10:22:19","guid":{"rendered":"http:\/\/www.newslettercreator.com\/?page_id=2966"},"modified":"2022-03-03T16:06:03","modified_gmt":"2022-03-03T15:06:03","slug":"gelismis-resim-kutuphanesi","status":"publish","type":"page","link":"https:\/\/www.newslettercreator.com\/tr\/gelismis-resim-kutuphanesi\/","title":{"rendered":"Geli\u015fmi\u015f resim k\u00fct\u00fcphanesi"},"content":{"rendered":"<p><img decoding=\"async\" class=\"alignnone size-full wp-image-387\" src=\"http:\/\/www.newslettercreator.com\/wp-content\/uploads\/2014\/04\/library-adv.jpg\" alt=\"Geli\u015fmi\u015f resim k\u00fct\u00fcphanesi\" width=\"649\" height=\"423\" \/><\/p>\n<p>Profesyonel se\u00e7ilmi\u015f haz\u0131r resim ve foto\u011fraflara g\u00fcvenmek etkili bir haber b\u00fclteni olu\u015fturmak i\u00e7in gereklidir. Bu y\u00fczden MailStyler <strong>3.5 milyondan fazla y\u00fcksek kaliteli g\u00f6r\u00fcnt\u00fc<\/strong> sahip bir k\u00fct\u00fcphane ile birlikte gelir.<\/p>\n<ul>\n<li>MailStyler kitapl\u0131\u011f\u0131 (2.000+ g\u00f6r\u00fcnt\u00fc);<\/li>\n<li><img decoding=\"async\" src=\"https:\/\/www.newslettercreator.com\/wp-content\/uploads\/2022\/03\/unsplash-18x79-1.svg\" width=\"79\" height=\"18\" style=\"margin-bottom: -3px; opacity: 0.8;\"> kitapl\u0131\u011f\u0131 (1 milyon g\u00f6r\u00fcnt\u00fc);<\/li>\n<li><img decoding=\"async\" src=\"https:\/\/www.newslettercreator.com\/wp-content\/uploads\/2022\/03\/pixabay-18x93-1.svg\" width=\"93\" height=\"18\" style=\"margin-bottom: -3px;\"> kitapl\u0131\u011f\u0131 (2.5 milyon g\u00f6r\u00fcnt\u00fc).<\/li>\n<\/ul>\n<p>Ba\u015fka hi\u00e7bir yaz\u0131l\u0131m bu kadar geni\u015f bir grafik veritaban\u0131 sa\u011flamaz.<\/p>\n<p>K\u00fct\u00fcphane, sanattan arabalara, elektronikten modaya, oyunlardan spora ve ek olarak sosya medya ikonlar\u0131 vb. olacak \u015fekilde <strong>57 kategori<\/strong> \u015feklinde tasarlanm\u0131\u015ft\u0131r ve bir <strong>arama motoru<\/strong>. Bu \u015fekilde i\u015f ihtiya\u00e7lar\u0131n\u0131za en uygun birinci s\u0131n\u0131f malzemeyi bulman\u0131z daha kolay olacakt\u0131r.<\/p>\n","protected":false},"excerpt":{"rendered":"<p>Profesyonel se\u00e7ilmi\u015f haz\u0131r resim ve foto\u011fraflara g\u00fcvenmek etkili bir haber b\u00fclteni olu\u015fturmak i\u00e7in gereklidir. Bu y\u00fczden MailStyler 3.5 milyondan fazla y\u00fcksek kaliteli g\u00f6r\u00fcnt\u00fc sahip bir k\u00fct\u00fcphane ile birlikte gelir. MailStyler kitapl\u0131\u011f\u0131 (2.000+ g\u00f6r\u00fcnt\u00fc); kitapl\u0131\u011f\u0131 (1 milyon g\u00f6r\u00fcnt\u00fc); kitapl\u0131\u011f\u0131 (2.5 milyon g\u00f6r\u00fcnt\u00fc). Ba\u015fka hi\u00e7bir yaz\u0131l\u0131m bu kadar geni\u015f bir grafik veritaban\u0131 sa\u011flamaz. K\u00fct\u00fcphane, sanattan arabalara, elektronikten [&hellip;]<\/p>\n","protected":false},"author":1,"featured_media":0,"parent":0,"menu_order":0,"comment_status":"closed","ping_status":"closed","template":"g1_template_page_sidebar_right.php","meta":{"inline_featured_image":false,"_monsterinsights_skip_tracking":false,"_monsterinsights_sitenote_active":false,"_monsterinsights_sitenote_note":"","_monsterinsights_sitenote_category":0,"footnotes":""},"class_list":["post-2966","page","type-page","status-publish"],"yoast_head":"<!-- This site is optimized with the Yoast SEO plugin v25.2 - https:\/\/yoast.com\/wordpress\/plugins\/seo\/ -->\n<title>Geli\u015fmi\u015f resim k\u00fct\u00fcphanesi - Newsletter Creator<\/title>\n<meta name=\"robots\" content=\"index, follow, max-snippet:-1, max-image-preview:large, max-video-preview:-1\" \/>\n<link rel=\"canonical\" href=\"https:\/\/www.newslettercreator.com\/tr\/gelismis-resim-kutuphanesi\/\" \/>\n<meta property=\"og:locale\" content=\"tr_TR\" \/>\n<meta property=\"og:type\" content=\"article\" \/>\n<meta property=\"og:title\" content=\"Geli\u015fmi\u015f resim k\u00fct\u00fcphanesi - Newsletter Creator\" \/>\n<meta property=\"og:description\" content=\"Profesyonel se\u00e7ilmi\u015f haz\u0131r resim ve foto\u011fraflara g\u00fcvenmek etkili bir haber b\u00fclteni olu\u015fturmak i\u00e7in gereklidir. Bu y\u00fczden MailStyler 3.5 milyondan fazla y\u00fcksek kaliteli g\u00f6r\u00fcnt\u00fc sahip bir k\u00fct\u00fcphane ile birlikte gelir. MailStyler kitapl\u0131\u011f\u0131 (2.000+ g\u00f6r\u00fcnt\u00fc); kitapl\u0131\u011f\u0131 (1 milyon g\u00f6r\u00fcnt\u00fc); kitapl\u0131\u011f\u0131 (2.5 milyon g\u00f6r\u00fcnt\u00fc). Ba\u015fka hi\u00e7bir yaz\u0131l\u0131m bu kadar geni\u015f bir grafik veritaban\u0131 sa\u011flamaz. K\u00fct\u00fcphane, sanattan arabalara, elektronikten [&hellip;]\" \/>\n<meta property=\"og:url\" content=\"https:\/\/www.newslettercreator.com\/tr\/gelismis-resim-kutuphanesi\/\" \/>\n<meta property=\"og:site_name\" content=\"Newsletter Creator\" \/>\n<meta property=\"article:modified_time\" content=\"2022-03-03T15:06:03+00:00\" \/>\n<meta property=\"og:image\" content=\"http:\/\/www.newslettercreator.com\/wp-content\/uploads\/2014\/04\/library-adv.jpg\" \/>\n<meta name=\"twitter:label1\" content=\"Est. reading time\" \/>\n\t<meta name=\"twitter:data1\" content=\"1 minute\" \/>\n<script type=\"application\/ld+json\" class=\"yoast-schema-graph\">{\"@context\":\"https:\/\/schema.org\",\"@graph\":[{\"@type\":\"WebPage\",\"@id\":\"https:\/\/www.newslettercreator.com\/tr\/gelismis-resim-kutuphanesi\/\",\"url\":\"https:\/\/www.newslettercreator.com\/tr\/gelismis-resim-kutuphanesi\/\",\"name\":\"Geli\u015fmi\u015f resim k\u00fct\u00fcphanesi - Newsletter Creator\",\"isPartOf\":{\"@id\":\"https:\/\/www.newslettercreator.com\/#website\"},\"primaryImageOfPage\":{\"@id\":\"https:\/\/www.newslettercreator.com\/tr\/gelismis-resim-kutuphanesi\/#primaryimage\"},\"image\":{\"@id\":\"https:\/\/www.newslettercreator.com\/tr\/gelismis-resim-kutuphanesi\/#primaryimage\"},\"thumbnailUrl\":\"http:\/\/www.newslettercreator.com\/wp-content\/uploads\/2014\/04\/library-adv.jpg\",\"datePublished\":\"2015-01-26T10:22:19+00:00\",\"dateModified\":\"2022-03-03T15:06:03+00:00\",\"breadcrumb\":{\"@id\":\"https:\/\/www.newslettercreator.com\/tr\/gelismis-resim-kutuphanesi\/#breadcrumb\"},\"inLanguage\":\"tr\",\"potentialAction\":[{\"@type\":\"ReadAction\",\"target\":[\"https:\/\/www.newslettercreator.com\/tr\/gelismis-resim-kutuphanesi\/\"]}]},{\"@type\":\"ImageObject\",\"inLanguage\":\"tr\",\"@id\":\"https:\/\/www.newslettercreator.com\/tr\/gelismis-resim-kutuphanesi\/#primaryimage\",\"url\":\"http:\/\/www.newslettercreator.com\/wp-content\/uploads\/2014\/04\/library-adv.jpg\",\"contentUrl\":\"http:\/\/www.newslettercreator.com\/wp-content\/uploads\/2014\/04\/library-adv.jpg\"},{\"@type\":\"BreadcrumbList\",\"@id\":\"https:\/\/www.newslettercreator.com\/tr\/gelismis-resim-kutuphanesi\/#breadcrumb\",\"itemListElement\":[{\"@type\":\"ListItem\",\"position\":1,\"name\":\"Home\",\"item\":\"https:\/\/www.newslettercreator.com\/tr\/\"},{\"@type\":\"ListItem\",\"position\":2,\"name\":\"Geli\u015fmi\u015f resim k\u00fct\u00fcphanesi\"}]},{\"@type\":\"WebSite\",\"@id\":\"https:\/\/www.newslettercreator.com\/#website\",\"url\":\"https:\/\/www.newslettercreator.com\/\",\"name\":\"Newsletter Creator\",\"description\":\"Pay off\",\"potentialAction\":[{\"@type\":\"SearchAction\",\"target\":{\"@type\":\"EntryPoint\",\"urlTemplate\":\"https:\/\/www.newslettercreator.com\/?s={search_term_string}\"},\"query-input\":{\"@type\":\"PropertyValueSpecification\",\"valueRequired\":true,\"valueName\":\"search_term_string\"}}],\"inLanguage\":\"tr\"}]}<\/script>\n<!-- \/ Yoast SEO plugin. -->","yoast_head_json":{"title":"Geli\u015fmi\u015f resim k\u00fct\u00fcphanesi - Newsletter Creator","robots":{"index":"index","follow":"follow","max-snippet":"max-snippet:-1","max-image-preview":"max-image-preview:large","max-video-preview":"max-video-preview:-1"},"canonical":"https:\/\/www.newslettercreator.com\/tr\/gelismis-resim-kutuphanesi\/","og_locale":"tr_TR","og_type":"article","og_title":"Geli\u015fmi\u015f resim k\u00fct\u00fcphanesi - Newsletter Creator","og_description":"Profesyonel se\u00e7ilmi\u015f haz\u0131r resim ve foto\u011fraflara g\u00fcvenmek etkili bir haber b\u00fclteni olu\u015fturmak i\u00e7in gereklidir. Bu y\u00fczden MailStyler 3.5 milyondan fazla y\u00fcksek kaliteli g\u00f6r\u00fcnt\u00fc sahip bir k\u00fct\u00fcphane ile birlikte gelir. MailStyler kitapl\u0131\u011f\u0131 (2.000+ g\u00f6r\u00fcnt\u00fc); kitapl\u0131\u011f\u0131 (1 milyon g\u00f6r\u00fcnt\u00fc); kitapl\u0131\u011f\u0131 (2.5 milyon g\u00f6r\u00fcnt\u00fc). Ba\u015fka hi\u00e7bir yaz\u0131l\u0131m bu kadar geni\u015f bir grafik veritaban\u0131 sa\u011flamaz. K\u00fct\u00fcphane, sanattan arabalara, elektronikten [&hellip;]","og_url":"https:\/\/www.newslettercreator.com\/tr\/gelismis-resim-kutuphanesi\/","og_site_name":"Newsletter Creator","article_modified_time":"2022-03-03T15:06:03+00:00","og_image":[{"url":"http:\/\/www.newslettercreator.com\/wp-content\/uploads\/2014\/04\/library-adv.jpg","type":"","width":"","height":""}],"twitter_misc":{"Est. reading time":"1 minute"},"schema":{"@context":"https:\/\/schema.org","@graph":[{"@type":"WebPage","@id":"https:\/\/www.newslettercreator.com\/tr\/gelismis-resim-kutuphanesi\/","url":"https:\/\/www.newslettercreator.com\/tr\/gelismis-resim-kutuphanesi\/","name":"Geli\u015fmi\u015f resim k\u00fct\u00fcphanesi - Newsletter Creator","isPartOf":{"@id":"https:\/\/www.newslettercreator.com\/#website"},"primaryImageOfPage":{"@id":"https:\/\/www.newslettercreator.com\/tr\/gelismis-resim-kutuphanesi\/#primaryimage"},"image":{"@id":"https:\/\/www.newslettercreator.com\/tr\/gelismis-resim-kutuphanesi\/#primaryimage"},"thumbnailUrl":"http:\/\/www.newslettercreator.com\/wp-content\/uploads\/2014\/04\/library-adv.jpg","datePublished":"2015-01-26T10:22:19+00:00","dateModified":"2022-03-03T15:06:03+00:00","breadcrumb":{"@id":"https:\/\/www.newslettercreator.com\/tr\/gelismis-resim-kutuphanesi\/#breadcrumb"},"inLanguage":"tr","potentialAction":[{"@type":"ReadAction","target":["https:\/\/www.newslettercreator.com\/tr\/gelismis-resim-kutuphanesi\/"]}]},{"@type":"ImageObject","inLanguage":"tr","@id":"https:\/\/www.newslettercreator.com\/tr\/gelismis-resim-kutuphanesi\/#primaryimage","url":"http:\/\/www.newslettercreator.com\/wp-content\/uploads\/2014\/04\/library-adv.jpg","contentUrl":"http:\/\/www.newslettercreator.com\/wp-content\/uploads\/2014\/04\/library-adv.jpg"},{"@type":"BreadcrumbList","@id":"https:\/\/www.newslettercreator.com\/tr\/gelismis-resim-kutuphanesi\/#breadcrumb","itemListElement":[{"@type":"ListItem","position":1,"name":"Home","item":"https:\/\/www.newslettercreator.com\/tr\/"},{"@type":"ListItem","position":2,"name":"Geli\u015fmi\u015f resim k\u00fct\u00fcphanesi"}]},{"@type":"WebSite","@id":"https:\/\/www.newslettercreator.com\/#website","url":"https:\/\/www.newslettercreator.com\/","name":"Newsletter Creator","description":"Pay off","potentialAction":[{"@type":"SearchAction","target":{"@type":"EntryPoint","urlTemplate":"https:\/\/www.newslettercreator.com\/?s={search_term_string}"},"query-input":{"@type":"PropertyValueSpecification","valueRequired":true,"valueName":"search_term_string"}}],"inLanguage":"tr"}]}},"_links":{"self":[{"href":"https:\/\/www.newslettercreator.com\/tr\/wp-json\/wp\/v2\/pages\/2966","targetHints":{"allow":["GET"]}}],"collection":[{"href":"https:\/\/www.newslettercreator.com\/tr\/wp-json\/wp\/v2\/pages"}],"about":[{"href":"https:\/\/www.newslettercreator.com\/tr\/wp-json\/wp\/v2\/types\/page"}],"author":[{"embeddable":true,"href":"https:\/\/www.newslettercreator.com\/tr\/wp-json\/wp\/v2\/users\/1"}],"replies":[{"embeddable":true,"href":"https:\/\/www.newslettercreator.com\/tr\/wp-json\/wp\/v2\/comments?post=2966"}],"version-history":[{"count":5,"href":"https:\/\/www.newslettercreator.com\/tr\/wp-json\/wp\/v2\/pages\/2966\/revisions"}],"predecessor-version":[{"id":11757,"href":"https:\/\/www.newslettercreator.com\/tr\/wp-json\/wp\/v2\/pages\/2966\/revisions\/11757"}],"wp:attachment":[{"href":"https:\/\/www.newslettercreator.com\/tr\/wp-json\/wp\/v2\/media?parent=2966"}],"curies":[{"name":"wp","href":"https:\/\/api.w.org\/{rel}","templated":true}]}}