{"id":2981,"date":"2015-01-26T13:46:22","date_gmt":"2015-01-26T13:46:22","guid":{"rendered":"http:\/\/www.newslettercreator.com\/?page_id=2981"},"modified":"2015-01-26T13:46:22","modified_gmt":"2015-01-26T13:46:22","slug":"site-haritasi","status":"publish","type":"page","link":"https:\/\/www.newslettercreator.com\/tr\/site-haritasi\/","title":{"rendered":"Site haritas\u0131"},"content":{"rendered":"<ul><li><a href=\"https:\/\/www.newslettercreator.com\/tr\/\">MailStyler B\u00fclten Olu\u015fturucu<\/a><\/li>\n<li><a href=\"https:\/\/www.newslettercreator.com\/tr\/neden-mailstyleri-secmelisiniz\/\">Neden MailStyler&#8217;\u0131 se\u00e7meli?<\/a><\/li>\n<li><a href=\"https:\/\/www.newslettercreator.com\/tr\/ozellikler\/\">\u00d6zellikler<\/a><\/li>\n<li><a href=\"https:\/\/www.newslettercreator.com\/tr\/ekran\/\">Ekran<\/a><\/li>\n<li><a href=\"https:\/\/www.newslettercreator.com\/tr\/videolar\/\">Videolar<\/a><\/li>\n<li><a href=\"https:\/\/www.newslettercreator.com\/tr\/ucretsiz-deneyin\/\">\u00dccretsiz deneyin<\/a><\/li>\n<li><a href=\"https:\/\/www.newslettercreator.com\/tr\/temel-resim-kutuphanesi\/\">Temel resim k\u00fct\u00fcphanesi<\/a><\/li>\n<li><a href=\"https:\/\/www.newslettercreator.com\/tr\/gelismis-resim-kutuphanesi\/\">Geli\u015fmi\u015f resim k\u00fct\u00fcphanesi<\/a><\/li>\n<li><a href=\"https:\/\/www.newslettercreator.com\/tr\/ucretlendirme\/\">\u00dccretlendirme<\/a><\/li>\n<li><a href=\"https:\/\/www.newslettercreator.com\/tr\/gizlilik-politikasi\/\">Gizlilik politikasi<\/a><\/li>\n<li><a href=\"https:\/\/www.newslettercreator.com\/tr\/site-haritasi\/\">Site haritas\u0131<\/a><\/li>\n<li><a href=\"https:\/\/www.newslettercreator.com\/tr\/html-e-posta-olusturma\/\">HTML e-posta olu\u015fturma<\/a><\/li>\n<li><a href=\"https:\/\/www.newslettercreator.com\/tr\/e-posta-sablonu-olusturma\/\">E-posta \u015fablonu olu\u015fturma<\/a><\/li>\n<li><a href=\"https:\/\/www.newslettercreator.com\/tr\/e-posta-tasarimi\/\">E-posta tasar\u0131m\u0131<\/a><\/li>\n<li><a href=\"https:\/\/www.newslettercreator.com\/tr\/buelten-oernekleri\/\">B\u00fclten \u00f6rnekleri<\/a><\/li>\n<li><a href=\"https:\/\/www.newslettercreator.com\/tr\/buelten-olusturma\/\">B\u00fclten olu\u015fturma<\/a><\/li>\n<li><a href=\"https:\/\/www.newslettercreator.com\/tr\/html-e-posta-sablonlari\/\">HTML e-posta \u015fablonlar\u0131<\/a><\/li>\n<li><a href=\"https:\/\/www.newslettercreator.com\/tr\/buelten-yazilimi\/\">B\u00fclten yaz\u0131l\u0131m\u0131<\/a><\/li>\n<li><a href=\"https:\/\/www.newslettercreator.com\/tr\/e-posta-buelten-sablonu-nasil-yapilir\/\">E-posta b\u00fclten \u015fablonu: nas\u0131l yap\u0131l\u0131r<\/a><\/li>\n<li><a href=\"https:\/\/www.newslettercreator.com\/tr\/buelten-sablonu-uyumluluk-testi\/\">B\u00fclten \u015fablonu uyumluluk testi<\/a><\/li>\n<li><a href=\"https:\/\/www.newslettercreator.com\/tr\/hassas-e-posta-sablonlari\/\">Hassas E-posta \u015eablonlar\u0131<\/a><\/li>\n<li><a href=\"https:\/\/www.newslettercreator.com\/tr\/bir-buelten-sablonu-tasarlama\/\">Bir b\u00fclten \u015fablonu tasarlama<\/a><\/li>\n<li><a href=\"https:\/\/www.newslettercreator.com\/tr\/litmus-e-posta-testi-yani-nedir\/\">Litmus e-posta testi: yani nedir?<\/a><\/li>\n<li><a href=\"https:\/\/www.newslettercreator.com\/tr\/oernek-buelten-formati\/\">\u00d6rnek b\u00fclten format\u0131<\/a><\/li>\n<li><a href=\"https:\/\/www.newslettercreator.com\/tr\/bir-buelten-mizanpaji-oernegi\/\">Bir b\u00fclten mizanpaj\u0131 \u00f6rne\u011fi<\/a><\/li>\n<li><a href=\"https:\/\/www.newslettercreator.com\/tr\/microsoft-word-ile-buelten-olusturma-ise-yarar-mi\/\">Microsoft Word ile b\u00fclten olu\u015fturma: i\u015fe yarar m\u0131?<\/a><\/li>\n<li><a href=\"https:\/\/www.newslettercreator.com\/tr\/bir-buelten-nasil-olusturulur\/\">Bir b\u00fclten nas\u0131l olu\u015fturulur<\/a><\/li>\n<li><a href=\"https:\/\/www.newslettercreator.com\/tr\/bir-html-buelteni-nasil-olusturulur\/\">Bir HTML b\u00fclteni nas\u0131l olu\u015fturulur<\/a><\/li>\n<li><a href=\"https:\/\/www.newslettercreator.com\/tr\/html-e-posta-nasil-yapilir\/\">HTML e-posta: nas\u0131l yap\u0131l\u0131r<\/a><\/li>\n<li><a href=\"https:\/\/www.newslettercreator.com\/tr\/neden-profesyonel-bir-buelten-olusturma-araci-edinmeli\/\">Neden profesyonel bir b\u00fclten olu\u015fturma arac\u0131 edinmeli<\/a><\/li>\n<li><a href=\"https:\/\/www.newslettercreator.com\/tr\/bir-buelten-nasil-yapilir\/\">Bir b\u00fclten nas\u0131l yap\u0131l\u0131r<\/a><\/li>\n<li><a href=\"https:\/\/www.newslettercreator.com\/tr\/satir-ici-css-e-posta-tuem-e-posta-istemcileri-icin-muekemmel-bueltenler\/\">Sat\u0131r i\u00e7i CSS E-posta: T\u00fcm E-posta \u0130stemcileri i\u00e7in m\u00fckemmel B\u00fcltenler<\/a><\/li>\n<li><a href=\"https:\/\/www.newslettercreator.com\/tr\/hassas-e-posta-tasarimi\/\">Hassas E-posta Tasar\u0131m\u0131<\/a><\/li>\n<\/ul>\n","protected":false},"excerpt":{"rendered":"","protected":false},"author":1,"featured_media":0,"parent":0,"menu_order":0,"comment_status":"closed","ping_status":"closed","template":"g1_template_page_sidebar_right.php","meta":{"inline_featured_image":false,"_monsterinsights_skip_tracking":false,"_monsterinsights_sitenote_active":false,"_monsterinsights_sitenote_note":"","_monsterinsights_sitenote_category":0,"footnotes":""},"class_list":["post-2981","page","type-page","status-publish"],"yoast_head":"<!-- This site is optimized with the Yoast SEO plugin v25.2 - https:\/\/yoast.com\/wordpress\/plugins\/seo\/ -->\n<title>Site haritas\u0131 - Newsletter Creator<\/title>\n<meta name=\"robots\" content=\"index, follow, max-snippet:-1, max-image-preview:large, max-video-preview:-1\" \/>\n<link rel=\"canonical\" href=\"https:\/\/www.newslettercreator.com\/tr\/site-haritasi\/\" \/>\n<meta property=\"og:locale\" content=\"tr_TR\" \/>\n<meta property=\"og:type\" content=\"article\" \/>\n<meta property=\"og:title\" content=\"Site haritas\u0131 - Newsletter Creator\" \/>\n<meta property=\"og:url\" content=\"https:\/\/www.newslettercreator.com\/tr\/site-haritasi\/\" \/>\n<meta property=\"og:site_name\" content=\"Newsletter Creator\" \/>\n<script type=\"application\/ld+json\" class=\"yoast-schema-graph\">{\"@context\":\"https:\/\/schema.org\",\"@graph\":[{\"@type\":\"WebPage\",\"@id\":\"https:\/\/www.newslettercreator.com\/tr\/site-haritasi\/\",\"url\":\"https:\/\/www.newslettercreator.com\/tr\/site-haritasi\/\",\"name\":\"Site haritas\u0131 - Newsletter Creator\",\"isPartOf\":{\"@id\":\"https:\/\/www.newslettercreator.com\/#website\"},\"datePublished\":\"2015-01-26T13:46:22+00:00\",\"breadcrumb\":{\"@id\":\"https:\/\/www.newslettercreator.com\/tr\/site-haritasi\/#breadcrumb\"},\"inLanguage\":\"tr\",\"potentialAction\":[{\"@type\":\"ReadAction\",\"target\":[\"https:\/\/www.newslettercreator.com\/tr\/site-haritasi\/\"]}]},{\"@type\":\"BreadcrumbList\",\"@id\":\"https:\/\/www.newslettercreator.com\/tr\/site-haritasi\/#breadcrumb\",\"itemListElement\":[{\"@type\":\"ListItem\",\"position\":1,\"name\":\"Home\",\"item\":\"https:\/\/www.newslettercreator.com\/tr\/\"},{\"@type\":\"ListItem\",\"position\":2,\"name\":\"Site haritas\u0131\"}]},{\"@type\":\"WebSite\",\"@id\":\"https:\/\/www.newslettercreator.com\/#website\",\"url\":\"https:\/\/www.newslettercreator.com\/\",\"name\":\"Newsletter Creator\",\"description\":\"Pay off\",\"potentialAction\":[{\"@type\":\"SearchAction\",\"target\":{\"@type\":\"EntryPoint\",\"urlTemplate\":\"https:\/\/www.newslettercreator.com\/?s={search_term_string}\"},\"query-input\":{\"@type\":\"PropertyValueSpecification\",\"valueRequired\":true,\"valueName\":\"search_term_string\"}}],\"inLanguage\":\"tr\"}]}<\/script>\n<!-- \/ Yoast SEO plugin. -->","yoast_head_json":{"title":"Site haritas\u0131 - Newsletter Creator","robots":{"index":"index","follow":"follow","max-snippet":"max-snippet:-1","max-image-preview":"max-image-preview:large","max-video-preview":"max-video-preview:-1"},"canonical":"https:\/\/www.newslettercreator.com\/tr\/site-haritasi\/","og_locale":"tr_TR","og_type":"article","og_title":"Site haritas\u0131 - Newsletter Creator","og_url":"https:\/\/www.newslettercreator.com\/tr\/site-haritasi\/","og_site_name":"Newsletter Creator","schema":{"@context":"https:\/\/schema.org","@graph":[{"@type":"WebPage","@id":"https:\/\/www.newslettercreator.com\/tr\/site-haritasi\/","url":"https:\/\/www.newslettercreator.com\/tr\/site-haritasi\/","name":"Site haritas\u0131 - Newsletter Creator","isPartOf":{"@id":"https:\/\/www.newslettercreator.com\/#website"},"datePublished":"2015-01-26T13:46:22+00:00","breadcrumb":{"@id":"https:\/\/www.newslettercreator.com\/tr\/site-haritasi\/#breadcrumb"},"inLanguage":"tr","potentialAction":[{"@type":"ReadAction","target":["https:\/\/www.newslettercreator.com\/tr\/site-haritasi\/"]}]},{"@type":"BreadcrumbList","@id":"https:\/\/www.newslettercreator.com\/tr\/site-haritasi\/#breadcrumb","itemListElement":[{"@type":"ListItem","position":1,"name":"Home","item":"https:\/\/www.newslettercreator.com\/tr\/"},{"@type":"ListItem","position":2,"name":"Site haritas\u0131"}]},{"@type":"WebSite","@id":"https:\/\/www.newslettercreator.com\/#website","url":"https:\/\/www.newslettercreator.com\/","name":"Newsletter Creator","description":"Pay off","potentialAction":[{"@type":"SearchAction","target":{"@type":"EntryPoint","urlTemplate":"https:\/\/www.newslettercreator.com\/?s={search_term_string}"},"query-input":{"@type":"PropertyValueSpecification","valueRequired":true,"valueName":"search_term_string"}}],"inLanguage":"tr"}]}},"_links":{"self":[{"href":"https:\/\/www.newslettercreator.com\/tr\/wp-json\/wp\/v2\/pages\/2981","targetHints":{"allow":["GET"]}}],"collection":[{"href":"https:\/\/www.newslettercreator.com\/tr\/wp-json\/wp\/v2\/pages"}],"about":[{"href":"https:\/\/www.newslettercreator.com\/tr\/wp-json\/wp\/v2\/types\/page"}],"author":[{"embeddable":true,"href":"https:\/\/www.newslettercreator.com\/tr\/wp-json\/wp\/v2\/users\/1"}],"replies":[{"embeddable":true,"href":"https:\/\/www.newslettercreator.com\/tr\/wp-json\/wp\/v2\/comments?post=2981"}],"version-history":[{"count":1,"href":"https:\/\/www.newslettercreator.com\/tr\/wp-json\/wp\/v2\/pages\/2981\/revisions"}],"predecessor-version":[{"id":2982,"href":"https:\/\/www.newslettercreator.com\/tr\/wp-json\/wp\/v2\/pages\/2981\/revisions\/2982"}],"wp:attachment":[{"href":"https:\/\/www.newslettercreator.com\/tr\/wp-json\/wp\/v2\/media?parent=2981"}],"curies":[{"name":"wp","href":"https:\/\/api.w.org\/{rel}","templated":true}]}}