{"id":4321,"date":"2016-02-08T11:08:14","date_gmt":"2016-02-08T11:08:14","guid":{"rendered":"http:\/\/www.newslettercreator.com\/tr\/?page_id=4321"},"modified":"2021-05-07T10:00:17","modified_gmt":"2021-05-07T08:00:17","slug":"html-e-posta-olusturma","status":"publish","type":"page","link":"https:\/\/www.newslettercreator.com\/tr\/html-e-posta-olusturma\/","title":{"rendered":"HTML e-posta olu\u015fturma"},"content":{"rendered":"<p>MailStyler sayesinde s\u0131f\u0131rdan bir <strong>HTML e-posta \u015fablonu<\/strong> olu\u015fturmak \u00e7ok kolayd\u0131r. Ancak daha da iyi ve etkili bir ileti\u015fim i\u00e7in b\u00fclten tasar\u0131m\u0131n\u0131n temel prensiplerine sad\u0131k kalmak yine de \u00f6nemlidir.<br \/>\nBu b\u00f6l\u00fcmde <strong>m\u00fckemmel bir HTML b\u00fclteninin nas\u0131l tasarlanaca\u011f\u0131<\/strong> konusunda ihtiyac\u0131n\u0131z olacak her \u015feyi bulacaks\u0131n\u0131z: en iyi e-posta mizanpaj\u0131n\u0131 elde etmek i\u00e7in ipu\u00e7lar\u0131, bire-posta imzas\u0131 yaratma, b\u00fclten \u015fablonunu d\u00fczenleme, g\u00fcncel <strong>b\u00fclten olu\u015fturma fikirleri<\/strong>, \u00fccretsiz <strong>b\u00fclten formatlar\u0131<\/strong> ve daha fazlas\u0131.<\/p>\n<ul class=\"g1-grid\"><li class=\"g1-column g1-one-third g1-valign-top\"><br \/>\n<div id=\"g1-box-counter-1\" class=\"g1-box g1-box--solid  g1-box--icon\" ><i class=\"fa fa-file-text g1-box__icon\"><\/i><div class=\"g1-box__inner\">\n<h3><a title=\"E-posta \u015fablonu olu\u015fturma\" href=\"http:\/\/www.newslettercreator.com\/tr\/e-posta-sablonu-olusturma\/\">E-posta \u015fablonu olu\u015fturma<\/a><\/h3>\n<p>E-posta \u015fablonu nedir ve dakikalar i\u00e7inde nas\u0131l olu\u015fturulur: b\u00fclten olu\u015fturma sanat\u0131n\u0131n a\u00e7\u0131klanmas\u0131.<br \/>&nbsp;<br \/>\n<span class=\"more\"><a title=\"E-posta \u015fablonu olu\u015fturma\" href=\"http:\/\/www.newslettercreator.com\/tr\/e-posta-sablonu-olusturma\/\">daha fazla oku<\/a><\/span><br \/>\n<\/div><\/div><br \/>\n<\/li><!-- -->\n<li class=\"g1-column g1-one-third g1-valign-top\"><br \/>\n<div id=\"g1-box-counter-2\" class=\"g1-box g1-box--solid  g1-box--icon\" ><i class=\"fa fa-tint g1-box__icon\"><\/i><div class=\"g1-box__inner\">\n<h3><a title=\"E-posta tasar\u0131m\u0131\" href=\"http:\/\/www.newslettercreator.com\/tr\/e-posta-tasarimi\/\">E-posta tasar\u0131m\u0131<\/a><\/h3>\n<p>B\u00fclteninize taze ve yenilik\u00e7i bir g\u00f6r\u00fcn\u00fcm vermek i\u00e7in e-posta olu\u015fturma hakk\u0131nda en son ve en ilgin\u00e7 ipu\u00e7lar\u0131.<br \/>&nbsp;<br \/>\n<span class=\"more\"><a title=\"E-posta tasar\u0131m\u0131\" href=\"http:\/\/www.newslettercreator.com\/tr\/e-posta-tasarimi\/\">daha fazla oku<\/a><\/span><br \/>\n<\/div><\/div><br \/>\n<\/li><!-- -->\n<li class=\"g1-column g1-one-third g1-valign-top\"><br \/>\n<div id=\"g1-box-counter-3\" class=\"g1-box g1-box--solid  g1-box--icon\" ><i class=\"fa fa-th-large g1-box__icon\"><\/i><div class=\"g1-box__inner\">\n<h3><a title=\"B\u00fclten \u00f6rnekleri\" href=\"http:\/\/www.newslettercreator.com\/tr\/buelten-oernekleri\/\">B\u00fclten \u00f6rnekleri<\/a><\/h3>\n<p>Kendi \u015fablonunuza ba\u015flamak i\u00e7in ilham m\u0131 gerekli? E-posta \u00f6rneklerimize bakabilirsiniz.<br \/>&nbsp;<br \/>&nbsp;<br \/>\n<span class=\"more\"><a title=\"B\u00fclten \u00f6rnekleri\" href=\"http:\/\/www.newslettercreator.com\/tr\/buelten-oernekleri\/\">daha fazla oku<\/a><\/span><br \/>\n<\/div><\/div><br \/>\n<\/li><!-- --><\/ul>\n<ul class=\"g1-grid\"><li class=\"g1-column g1-one-third g1-valign-top\"><br \/>\n<div id=\"g1-box-counter-4\" class=\"g1-box g1-box--solid  g1-box--icon\" ><i class=\"fa fa-pencil-square-o g1-box__icon\"><\/i><div class=\"g1-box__inner\">\n<h3><a title=\"B\u00fclten olu\u015fturma\" href=\"http:\/\/www.newslettercreator.com\/tr\/buelten-olusturma\/\">B\u00fclten olu\u015fturma<\/a><\/h3>\n<p>E-posta olu\u015fturma sanat\u0131 sonu\u00e7 \u00fcretmek ve okuyucular\u0131 s\u0131kmamak i\u00e7in s\u00fcrekli iyi fikirlere ihtiya\u00e7 duyar. Burada biraz bulabilirsiniz.<br \/>&nbsp;<br \/>\n<span class=\"more\"><a title=\"B\u00fclten olu\u015fturma\" href=\"http:\/\/www.newslettercreator.com\/tr\/buelten-olusturma\/\">daha fazla oku<\/a><\/span><br \/>\n<\/div><\/div><br \/>\n<\/li><!-- -->\n<li class=\"g1-column g1-one-third g1-valign-top\"><br \/>\n<div id=\"g1-box-counter-5\" class=\"g1-box g1-box--solid  g1-box--icon\" ><i class=\"fa fa-code g1-box__icon\"><\/i><div class=\"g1-box__inner\">\n<h3><a title=\"HTML e-posta \u015fablonlar\u0131\" href=\"http:\/\/www.newslettercreator.com\/tr\/html-e-posta-sablonlari\/\">HTML e-posta \u015fablonlar\u0131<\/a><\/h3>\n<p>Uyumlu ve etkin HTML e-posta mizanpajlar\u0131n\u0131 tek bir sat\u0131r bile kod yazmadan \u00fcretmek MailStyler ile \u00e7ok kolayd\u0131r.<br \/>&nbsp;<br \/>\n<span class=\"more\"><a title=\"HTML e-posta \u015fablonlar\u0131\" href=\"http:\/\/www.newslettercreator.com\/tr\/html-e-posta-sablonlari\/\">daha fazla oku<\/a><\/span><br \/>\n<\/div><\/div><br \/>\n<\/li><!-- -->\n<li class=\"g1-column g1-one-third g1-valign-top\"><br \/>\n<div id=\"g1-box-counter-6\" class=\"g1-box g1-box--solid  g1-box--icon\" ><i class=\"fa fa-desktop g1-box__icon\"><\/i><div class=\"g1-box__inner\">\n<h3><a title=\"B\u00fclten yaz\u0131l\u0131m\u0131\" href=\"http:\/\/www.newslettercreator.com\/tr\/buelten-yazilimi\/\">B\u00fclten yaz\u0131l\u0131m\u0131<\/a><\/h3>\n<p>E-posta olu\u015fturma yaz\u0131l\u0131m\u0131 hakk\u0131nda bilgi, detaylar ve y\u00f6ntem bilgileri.<br \/>&nbsp;<br \/>&nbsp;<br \/>&nbsp;<br \/>\n<span class=\"more\"><a title=\"B\u00fclten yaz\u0131l\u0131m\u0131\" href=\"http:\/\/www.newslettercreator.com\/tr\/buelten-yazilimi\/\">daha fazla oku<\/a><\/span><br \/>\n<\/div><\/div><br \/>\n<\/li><!-- --><\/ul>\n<p>&nbsp;<\/p>\n","protected":false},"excerpt":{"rendered":"<p>MailStyler sayesinde s\u0131f\u0131rdan bir HTML e-posta \u015fablonu olu\u015fturmak \u00e7ok kolayd\u0131r. Ancak daha da iyi ve etkili bir ileti\u015fim i\u00e7in b\u00fclten tasar\u0131m\u0131n\u0131n temel prensiplerine sad\u0131k kalmak yine de \u00f6nemlidir. Bu b\u00f6l\u00fcmde m\u00fckemmel bir HTML b\u00fclteninin nas\u0131l tasarlanaca\u011f\u0131 konusunda ihtiyac\u0131n\u0131z olacak her \u015feyi bulacaks\u0131n\u0131z: en iyi e-posta mizanpaj\u0131n\u0131 elde etmek i\u00e7in ipu\u00e7lar\u0131, bire-posta imzas\u0131 yaratma, b\u00fclten \u015fablonunu [&hellip;]<\/p>\n","protected":false},"author":1,"featured_media":0,"parent":0,"menu_order":0,"comment_status":"closed","ping_status":"closed","template":"","meta":{"inline_featured_image":false,"_monsterinsights_skip_tracking":false,"_monsterinsights_sitenote_active":false,"_monsterinsights_sitenote_note":"","_monsterinsights_sitenote_category":0,"footnotes":""},"class_list":["post-4321","page","type-page","status-publish"],"yoast_head":"<!-- This site is optimized with the Yoast SEO plugin v25.2 - https:\/\/yoast.com\/wordpress\/plugins\/seo\/ -->\n<title>HTML e-posta olu\u015fturma - MailStyler Newsletter Creator<\/title>\n<meta name=\"description\" content=\"MailStyler sayesinde s\u0131f\u0131rdan bir HTML e-posta \u015fablonu olu\u015fturmak \u00e7ok kolayd\u0131r. Tam k\u0131lavuzumuzu ke\u015ffedin!\" \/>\n<meta name=\"robots\" content=\"index, follow, max-snippet:-1, max-image-preview:large, max-video-preview:-1\" \/>\n<link rel=\"canonical\" href=\"https:\/\/www.newslettercreator.com\/tr\/html-e-posta-olusturma\/\" \/>\n<meta property=\"og:locale\" content=\"tr_TR\" \/>\n<meta property=\"og:type\" content=\"article\" \/>\n<meta property=\"og:title\" content=\"HTML e-posta olu\u015fturma - MailStyler Newsletter Creator\" \/>\n<meta property=\"og:description\" content=\"MailStyler sayesinde s\u0131f\u0131rdan bir HTML e-posta \u015fablonu olu\u015fturmak \u00e7ok kolayd\u0131r. Tam k\u0131lavuzumuzu ke\u015ffedin!\" \/>\n<meta property=\"og:url\" content=\"https:\/\/www.newslettercreator.com\/tr\/html-e-posta-olusturma\/\" \/>\n<meta property=\"og:site_name\" content=\"Newsletter Creator\" \/>\n<meta property=\"article:modified_time\" content=\"2021-05-07T08:00:17+00:00\" \/>\n<meta name=\"twitter:label1\" content=\"Est. reading time\" \/>\n\t<meta name=\"twitter:data1\" content=\"2 minutes\" \/>\n<script type=\"application\/ld+json\" class=\"yoast-schema-graph\">{\"@context\":\"https:\/\/schema.org\",\"@graph\":[{\"@type\":\"WebPage\",\"@id\":\"https:\/\/www.newslettercreator.com\/tr\/html-e-posta-olusturma\/\",\"url\":\"https:\/\/www.newslettercreator.com\/tr\/html-e-posta-olusturma\/\",\"name\":\"HTML e-posta olu\u015fturma - MailStyler Newsletter Creator\",\"isPartOf\":{\"@id\":\"https:\/\/www.newslettercreator.com\/#website\"},\"datePublished\":\"2016-02-08T11:08:14+00:00\",\"dateModified\":\"2021-05-07T08:00:17+00:00\",\"description\":\"MailStyler sayesinde s\u0131f\u0131rdan bir HTML e-posta \u015fablonu olu\u015fturmak \u00e7ok kolayd\u0131r. Tam k\u0131lavuzumuzu ke\u015ffedin!\",\"breadcrumb\":{\"@id\":\"https:\/\/www.newslettercreator.com\/tr\/html-e-posta-olusturma\/#breadcrumb\"},\"inLanguage\":\"tr\",\"potentialAction\":[{\"@type\":\"ReadAction\",\"target\":[\"https:\/\/www.newslettercreator.com\/tr\/html-e-posta-olusturma\/\"]}]},{\"@type\":\"BreadcrumbList\",\"@id\":\"https:\/\/www.newslettercreator.com\/tr\/html-e-posta-olusturma\/#breadcrumb\",\"itemListElement\":[{\"@type\":\"ListItem\",\"position\":1,\"name\":\"Home\",\"item\":\"https:\/\/www.newslettercreator.com\/tr\/\"},{\"@type\":\"ListItem\",\"position\":2,\"name\":\"HTML e-posta olu\u015fturma\"}]},{\"@type\":\"WebSite\",\"@id\":\"https:\/\/www.newslettercreator.com\/#website\",\"url\":\"https:\/\/www.newslettercreator.com\/\",\"name\":\"Newsletter Creator\",\"description\":\"Pay off\",\"potentialAction\":[{\"@type\":\"SearchAction\",\"target\":{\"@type\":\"EntryPoint\",\"urlTemplate\":\"https:\/\/www.newslettercreator.com\/?s={search_term_string}\"},\"query-input\":{\"@type\":\"PropertyValueSpecification\",\"valueRequired\":true,\"valueName\":\"search_term_string\"}}],\"inLanguage\":\"tr\"}]}<\/script>\n<!-- \/ Yoast SEO plugin. -->","yoast_head_json":{"title":"HTML e-posta olu\u015fturma - MailStyler Newsletter Creator","description":"MailStyler sayesinde s\u0131f\u0131rdan bir HTML e-posta \u015fablonu olu\u015fturmak \u00e7ok kolayd\u0131r. Tam k\u0131lavuzumuzu ke\u015ffedin!","robots":{"index":"index","follow":"follow","max-snippet":"max-snippet:-1","max-image-preview":"max-image-preview:large","max-video-preview":"max-video-preview:-1"},"canonical":"https:\/\/www.newslettercreator.com\/tr\/html-e-posta-olusturma\/","og_locale":"tr_TR","og_type":"article","og_title":"HTML e-posta olu\u015fturma - MailStyler Newsletter Creator","og_description":"MailStyler sayesinde s\u0131f\u0131rdan bir HTML e-posta \u015fablonu olu\u015fturmak \u00e7ok kolayd\u0131r. Tam k\u0131lavuzumuzu ke\u015ffedin!","og_url":"https:\/\/www.newslettercreator.com\/tr\/html-e-posta-olusturma\/","og_site_name":"Newsletter Creator","article_modified_time":"2021-05-07T08:00:17+00:00","twitter_misc":{"Est. reading time":"2 minutes"},"schema":{"@context":"https:\/\/schema.org","@graph":[{"@type":"WebPage","@id":"https:\/\/www.newslettercreator.com\/tr\/html-e-posta-olusturma\/","url":"https:\/\/www.newslettercreator.com\/tr\/html-e-posta-olusturma\/","name":"HTML e-posta olu\u015fturma - MailStyler Newsletter Creator","isPartOf":{"@id":"https:\/\/www.newslettercreator.com\/#website"},"datePublished":"2016-02-08T11:08:14+00:00","dateModified":"2021-05-07T08:00:17+00:00","description":"MailStyler sayesinde s\u0131f\u0131rdan bir HTML e-posta \u015fablonu olu\u015fturmak \u00e7ok kolayd\u0131r. Tam k\u0131lavuzumuzu ke\u015ffedin!","breadcrumb":{"@id":"https:\/\/www.newslettercreator.com\/tr\/html-e-posta-olusturma\/#breadcrumb"},"inLanguage":"tr","potentialAction":[{"@type":"ReadAction","target":["https:\/\/www.newslettercreator.com\/tr\/html-e-posta-olusturma\/"]}]},{"@type":"BreadcrumbList","@id":"https:\/\/www.newslettercreator.com\/tr\/html-e-posta-olusturma\/#breadcrumb","itemListElement":[{"@type":"ListItem","position":1,"name":"Home","item":"https:\/\/www.newslettercreator.com\/tr\/"},{"@type":"ListItem","position":2,"name":"HTML e-posta olu\u015fturma"}]},{"@type":"WebSite","@id":"https:\/\/www.newslettercreator.com\/#website","url":"https:\/\/www.newslettercreator.com\/","name":"Newsletter Creator","description":"Pay off","potentialAction":[{"@type":"SearchAction","target":{"@type":"EntryPoint","urlTemplate":"https:\/\/www.newslettercreator.com\/?s={search_term_string}"},"query-input":{"@type":"PropertyValueSpecification","valueRequired":true,"valueName":"search_term_string"}}],"inLanguage":"tr"}]}},"_links":{"self":[{"href":"https:\/\/www.newslettercreator.com\/tr\/wp-json\/wp\/v2\/pages\/4321","targetHints":{"allow":["GET"]}}],"collection":[{"href":"https:\/\/www.newslettercreator.com\/tr\/wp-json\/wp\/v2\/pages"}],"about":[{"href":"https:\/\/www.newslettercreator.com\/tr\/wp-json\/wp\/v2\/types\/page"}],"author":[{"embeddable":true,"href":"https:\/\/www.newslettercreator.com\/tr\/wp-json\/wp\/v2\/users\/1"}],"replies":[{"embeddable":true,"href":"https:\/\/www.newslettercreator.com\/tr\/wp-json\/wp\/v2\/comments?post=4321"}],"version-history":[{"count":5,"href":"https:\/\/www.newslettercreator.com\/tr\/wp-json\/wp\/v2\/pages\/4321\/revisions"}],"predecessor-version":[{"id":4339,"href":"https:\/\/www.newslettercreator.com\/tr\/wp-json\/wp\/v2\/pages\/4321\/revisions\/4339"}],"wp:attachment":[{"href":"https:\/\/www.newslettercreator.com\/tr\/wp-json\/wp\/v2\/media?parent=4321"}],"curies":[{"name":"wp","href":"https:\/\/api.w.org\/{rel}","templated":true}]}}