{"id":4326,"date":"2016-02-08T13:36:32","date_gmt":"2016-02-08T13:36:32","guid":{"rendered":"http:\/\/www.newslettercreator.com\/tr\/?page_id=4326"},"modified":"2016-02-08T14:13:19","modified_gmt":"2016-02-08T14:13:19","slug":"e-posta-sablonu-olusturma","status":"publish","type":"page","link":"https:\/\/www.newslettercreator.com\/tr\/e-posta-sablonu-olusturma\/","title":{"rendered":"E-posta \u015fablonu olu\u015fturma"},"content":{"rendered":"<p>E-posta \u015fablonu nedir ve dakikalar i\u00e7inde nas\u0131l olu\u015fturulur: b\u00fclten olu\u015fturma sanat\u0131n\u0131n a\u00e7\u0131klanmas\u0131.<\/p>\n<p>&nbsp;<\/p>\n<div id=\"g1-box-counter-1\" class=\"g1-box g1-box--solid  g1-box--noicon\" ><div class=\"g1-box__inner\">\n<h3><a href=\"http:\/\/www.newslettercreator.com\/tr\/e-posta-buelten-sablonu-nasil-yapilir\/\" title=\"E-posta b\u00fclten \u015fablonu: nas\u0131l yap\u0131l\u0131r\">E-posta b\u00fclten \u015fablonu: nas\u0131l yap\u0131l\u0131r<\/a><\/h3>\n<p>Konu e-posta ile pazarlama oldu\u011funda iyi bir b\u00fclten \u015fablonu i\u00e7in \u00f6nemli olan baz\u0131 \u015feyler bulunmaktad\u0131r.<br \/>\n<\/div><\/div>\n<div id=\"g1-box-counter-2\" class=\"g1-box g1-box--solid  g1-box--noicon\" ><div class=\"g1-box__inner\">\n<h3><a href=\"http:\/\/www.newslettercreator.com\/tr\/hassas-e-posta-sablonlari\/\" title=\"\nHassas E-posta \u015eablonlar\u0131\">Hassas E-posta \u015eablonlar\u0131<\/a><\/h3>\n<p>Bug\u00fcn okuyucular\u0131n\u0131z\u0131n yar\u0131dan fazlas\u0131 muhtemelen b\u00fclteninizi mobil bir telefonda ya da tablette a\u00e7acak, ard\u0131ndan belki bilgisayarda yeniden bakacakt\u0131r.<br \/>\n<\/div><\/div>\n","protected":false},"excerpt":{"rendered":"<p>E-posta \u015fablonu nedir ve dakikalar i\u00e7inde nas\u0131l olu\u015fturulur: b\u00fclten olu\u015fturma sanat\u0131n\u0131n a\u00e7\u0131klanmas\u0131. &nbsp;<\/p>\n","protected":false},"author":1,"featured_media":0,"parent":0,"menu_order":0,"comment_status":"closed","ping_status":"closed","template":"g1_template_page_sidebar_right.php","meta":{"inline_featured_image":false,"_monsterinsights_skip_tracking":false,"_monsterinsights_sitenote_active":false,"_monsterinsights_sitenote_note":"","_monsterinsights_sitenote_category":0,"footnotes":""},"class_list":["post-4326","page","type-page","status-publish"],"yoast_head":"<!-- This site is optimized with the Yoast SEO plugin v25.2 - https:\/\/yoast.com\/wordpress\/plugins\/seo\/ -->\n<title>E-posta \u015fablonu olu\u015fturma - Newsletter Creator<\/title>\n<meta name=\"robots\" content=\"index, follow, max-snippet:-1, max-image-preview:large, max-video-preview:-1\" \/>\n<link rel=\"canonical\" href=\"https:\/\/www.newslettercreator.com\/tr\/e-posta-sablonu-olusturma\/\" \/>\n<meta property=\"og:locale\" content=\"tr_TR\" \/>\n<meta property=\"og:type\" content=\"article\" \/>\n<meta property=\"og:title\" content=\"E-posta \u015fablonu olu\u015fturma - Newsletter Creator\" \/>\n<meta property=\"og:description\" content=\"E-posta \u015fablonu nedir ve dakikalar i\u00e7inde nas\u0131l olu\u015fturulur: b\u00fclten olu\u015fturma sanat\u0131n\u0131n a\u00e7\u0131klanmas\u0131. &nbsp;\" \/>\n<meta property=\"og:url\" content=\"https:\/\/www.newslettercreator.com\/tr\/e-posta-sablonu-olusturma\/\" \/>\n<meta property=\"og:site_name\" content=\"Newsletter Creator\" \/>\n<meta property=\"article:modified_time\" content=\"2016-02-08T14:13:19+00:00\" \/>\n<script type=\"application\/ld+json\" class=\"yoast-schema-graph\">{\"@context\":\"https:\/\/schema.org\",\"@graph\":[{\"@type\":\"WebPage\",\"@id\":\"https:\/\/www.newslettercreator.com\/tr\/e-posta-sablonu-olusturma\/\",\"url\":\"https:\/\/www.newslettercreator.com\/tr\/e-posta-sablonu-olusturma\/\",\"name\":\"E-posta \u015fablonu olu\u015fturma - Newsletter Creator\",\"isPartOf\":{\"@id\":\"https:\/\/www.newslettercreator.com\/#website\"},\"datePublished\":\"2016-02-08T13:36:32+00:00\",\"dateModified\":\"2016-02-08T14:13:19+00:00\",\"breadcrumb\":{\"@id\":\"https:\/\/www.newslettercreator.com\/tr\/e-posta-sablonu-olusturma\/#breadcrumb\"},\"inLanguage\":\"tr\",\"potentialAction\":[{\"@type\":\"ReadAction\",\"target\":[\"https:\/\/www.newslettercreator.com\/tr\/e-posta-sablonu-olusturma\/\"]}]},{\"@type\":\"BreadcrumbList\",\"@id\":\"https:\/\/www.newslettercreator.com\/tr\/e-posta-sablonu-olusturma\/#breadcrumb\",\"itemListElement\":[{\"@type\":\"ListItem\",\"position\":1,\"name\":\"Home\",\"item\":\"https:\/\/www.newslettercreator.com\/tr\/\"},{\"@type\":\"ListItem\",\"position\":2,\"name\":\"E-posta \u015fablonu olu\u015fturma\"}]},{\"@type\":\"WebSite\",\"@id\":\"https:\/\/www.newslettercreator.com\/#website\",\"url\":\"https:\/\/www.newslettercreator.com\/\",\"name\":\"Newsletter Creator\",\"description\":\"Pay off\",\"potentialAction\":[{\"@type\":\"SearchAction\",\"target\":{\"@type\":\"EntryPoint\",\"urlTemplate\":\"https:\/\/www.newslettercreator.com\/?s={search_term_string}\"},\"query-input\":{\"@type\":\"PropertyValueSpecification\",\"valueRequired\":true,\"valueName\":\"search_term_string\"}}],\"inLanguage\":\"tr\"}]}<\/script>\n<!-- \/ Yoast SEO plugin. -->","yoast_head_json":{"title":"E-posta \u015fablonu olu\u015fturma - Newsletter Creator","robots":{"index":"index","follow":"follow","max-snippet":"max-snippet:-1","max-image-preview":"max-image-preview:large","max-video-preview":"max-video-preview:-1"},"canonical":"https:\/\/www.newslettercreator.com\/tr\/e-posta-sablonu-olusturma\/","og_locale":"tr_TR","og_type":"article","og_title":"E-posta \u015fablonu olu\u015fturma - Newsletter Creator","og_description":"E-posta \u015fablonu nedir ve dakikalar i\u00e7inde nas\u0131l olu\u015fturulur: b\u00fclten olu\u015fturma sanat\u0131n\u0131n a\u00e7\u0131klanmas\u0131. &nbsp;","og_url":"https:\/\/www.newslettercreator.com\/tr\/e-posta-sablonu-olusturma\/","og_site_name":"Newsletter Creator","article_modified_time":"2016-02-08T14:13:19+00:00","schema":{"@context":"https:\/\/schema.org","@graph":[{"@type":"WebPage","@id":"https:\/\/www.newslettercreator.com\/tr\/e-posta-sablonu-olusturma\/","url":"https:\/\/www.newslettercreator.com\/tr\/e-posta-sablonu-olusturma\/","name":"E-posta \u015fablonu olu\u015fturma - Newsletter Creator","isPartOf":{"@id":"https:\/\/www.newslettercreator.com\/#website"},"datePublished":"2016-02-08T13:36:32+00:00","dateModified":"2016-02-08T14:13:19+00:00","breadcrumb":{"@id":"https:\/\/www.newslettercreator.com\/tr\/e-posta-sablonu-olusturma\/#breadcrumb"},"inLanguage":"tr","potentialAction":[{"@type":"ReadAction","target":["https:\/\/www.newslettercreator.com\/tr\/e-posta-sablonu-olusturma\/"]}]},{"@type":"BreadcrumbList","@id":"https:\/\/www.newslettercreator.com\/tr\/e-posta-sablonu-olusturma\/#breadcrumb","itemListElement":[{"@type":"ListItem","position":1,"name":"Home","item":"https:\/\/www.newslettercreator.com\/tr\/"},{"@type":"ListItem","position":2,"name":"E-posta \u015fablonu olu\u015fturma"}]},{"@type":"WebSite","@id":"https:\/\/www.newslettercreator.com\/#website","url":"https:\/\/www.newslettercreator.com\/","name":"Newsletter Creator","description":"Pay off","potentialAction":[{"@type":"SearchAction","target":{"@type":"EntryPoint","urlTemplate":"https:\/\/www.newslettercreator.com\/?s={search_term_string}"},"query-input":{"@type":"PropertyValueSpecification","valueRequired":true,"valueName":"search_term_string"}}],"inLanguage":"tr"}]}},"_links":{"self":[{"href":"https:\/\/www.newslettercreator.com\/tr\/wp-json\/wp\/v2\/pages\/4326","targetHints":{"allow":["GET"]}}],"collection":[{"href":"https:\/\/www.newslettercreator.com\/tr\/wp-json\/wp\/v2\/pages"}],"about":[{"href":"https:\/\/www.newslettercreator.com\/tr\/wp-json\/wp\/v2\/types\/page"}],"author":[{"embeddable":true,"href":"https:\/\/www.newslettercreator.com\/tr\/wp-json\/wp\/v2\/users\/1"}],"replies":[{"embeddable":true,"href":"https:\/\/www.newslettercreator.com\/tr\/wp-json\/wp\/v2\/comments?post=4326"}],"version-history":[{"count":2,"href":"https:\/\/www.newslettercreator.com\/tr\/wp-json\/wp\/v2\/pages\/4326\/revisions"}],"predecessor-version":[{"id":4346,"href":"https:\/\/www.newslettercreator.com\/tr\/wp-json\/wp\/v2\/pages\/4326\/revisions\/4346"}],"wp:attachment":[{"href":"https:\/\/www.newslettercreator.com\/tr\/wp-json\/wp\/v2\/media?parent=4326"}],"curies":[{"name":"wp","href":"https:\/\/api.w.org\/{rel}","templated":true}]}}