{"id":4328,"date":"2016-02-08T13:38:04","date_gmt":"2016-02-08T13:38:04","guid":{"rendered":"http:\/\/www.newslettercreator.com\/tr\/?page_id=4328"},"modified":"2016-02-08T14:27:28","modified_gmt":"2016-02-08T14:27:28","slug":"e-posta-tasarimi","status":"publish","type":"page","link":"https:\/\/www.newslettercreator.com\/tr\/e-posta-tasarimi\/","title":{"rendered":"E-posta tasar\u0131m\u0131"},"content":{"rendered":"<p>B\u00fclteninize taze ve yenilik\u00e7i bir g\u00f6r\u00fcn\u00fcm vermek i\u00e7in e-posta olu\u015fturma hakk\u0131nda en son ve en ilgin\u00e7 ipu\u00e7lar\u0131.<\/p>\n<p>&nbsp;<\/p>\n<div id=\"g1-box-counter-1\" class=\"g1-box g1-box--solid  g1-box--noicon\" ><div class=\"g1-box__inner\">\n<h3><a href=\"http:\/\/www.newslettercreator.com\/tr\/bir-buelten-sablonu-tasarlama\/\" title=\"\nBir b\u00fclten \u015fablonu tasarlama\">Bir b\u00fclten \u015fablonu tasarlama<\/a><\/h3>\n<p>Genellikle b\u00fclten \u015fablonu tasarlamak bir e-posta kampanyas\u0131 d\u00fczenlemenin en h\u00fcner isteyen b\u00f6l\u00fcmlerinden biri olarak kabul edilir.<br \/>\n<\/div><\/div>\n<div id=\"g1-box-counter-2\" class=\"g1-box g1-box--solid  g1-box--noicon\" ><div class=\"g1-box__inner\">\n<h3><a href=\"http:\/\/www.newslettercreator.com\/tr\/litmus-e-posta-testi-yani-nedir\/\" title=\"\nLitmus e-posta testi: yani nedir?\">Litmus e-posta testi: yani nedir?<\/a><\/h3>\n<p>Konu e-posta testi ise, Litmus piyasadaki en g\u00fcvenilir ara\u00e7t\u0131r. K\u0131saca, Litmus e-posta testi b\u00fclteninizin \u00e7e\u015fitli e-posta istemcilerinde ve web&#8230;<br \/>\n<\/div><\/div>\n","protected":false},"excerpt":{"rendered":"<p>B\u00fclteninize taze ve yenilik\u00e7i bir g\u00f6r\u00fcn\u00fcm vermek i\u00e7in e-posta olu\u015fturma hakk\u0131nda en son ve en ilgin\u00e7 ipu\u00e7lar\u0131. &nbsp;<\/p>\n","protected":false},"author":1,"featured_media":0,"parent":0,"menu_order":0,"comment_status":"closed","ping_status":"closed","template":"g1_template_page_sidebar_right.php","meta":{"inline_featured_image":false,"_monsterinsights_skip_tracking":false,"_monsterinsights_sitenote_active":false,"_monsterinsights_sitenote_note":"","_monsterinsights_sitenote_category":0,"footnotes":""},"class_list":["post-4328","page","type-page","status-publish"],"yoast_head":"<!-- This site is optimized with the Yoast SEO plugin v25.2 - https:\/\/yoast.com\/wordpress\/plugins\/seo\/ -->\n<title>E-posta tasar\u0131m\u0131 - Newsletter Creator<\/title>\n<meta name=\"robots\" content=\"index, follow, max-snippet:-1, max-image-preview:large, max-video-preview:-1\" \/>\n<link rel=\"canonical\" href=\"https:\/\/www.newslettercreator.com\/tr\/e-posta-tasarimi\/\" \/>\n<meta property=\"og:locale\" content=\"tr_TR\" \/>\n<meta property=\"og:type\" content=\"article\" \/>\n<meta property=\"og:title\" content=\"E-posta tasar\u0131m\u0131 - Newsletter Creator\" \/>\n<meta property=\"og:description\" content=\"B\u00fclteninize taze ve yenilik\u00e7i bir g\u00f6r\u00fcn\u00fcm vermek i\u00e7in e-posta olu\u015fturma hakk\u0131nda en son ve en ilgin\u00e7 ipu\u00e7lar\u0131. &nbsp;\" \/>\n<meta property=\"og:url\" content=\"https:\/\/www.newslettercreator.com\/tr\/e-posta-tasarimi\/\" \/>\n<meta property=\"og:site_name\" content=\"Newsletter Creator\" \/>\n<meta property=\"article:modified_time\" content=\"2016-02-08T14:27:28+00:00\" \/>\n<script type=\"application\/ld+json\" class=\"yoast-schema-graph\">{\"@context\":\"https:\/\/schema.org\",\"@graph\":[{\"@type\":\"WebPage\",\"@id\":\"https:\/\/www.newslettercreator.com\/tr\/e-posta-tasarimi\/\",\"url\":\"https:\/\/www.newslettercreator.com\/tr\/e-posta-tasarimi\/\",\"name\":\"E-posta tasar\u0131m\u0131 - Newsletter Creator\",\"isPartOf\":{\"@id\":\"https:\/\/www.newslettercreator.com\/#website\"},\"datePublished\":\"2016-02-08T13:38:04+00:00\",\"dateModified\":\"2016-02-08T14:27:28+00:00\",\"breadcrumb\":{\"@id\":\"https:\/\/www.newslettercreator.com\/tr\/e-posta-tasarimi\/#breadcrumb\"},\"inLanguage\":\"tr\",\"potentialAction\":[{\"@type\":\"ReadAction\",\"target\":[\"https:\/\/www.newslettercreator.com\/tr\/e-posta-tasarimi\/\"]}]},{\"@type\":\"BreadcrumbList\",\"@id\":\"https:\/\/www.newslettercreator.com\/tr\/e-posta-tasarimi\/#breadcrumb\",\"itemListElement\":[{\"@type\":\"ListItem\",\"position\":1,\"name\":\"Home\",\"item\":\"https:\/\/www.newslettercreator.com\/tr\/\"},{\"@type\":\"ListItem\",\"position\":2,\"name\":\"E-posta tasar\u0131m\u0131\"}]},{\"@type\":\"WebSite\",\"@id\":\"https:\/\/www.newslettercreator.com\/#website\",\"url\":\"https:\/\/www.newslettercreator.com\/\",\"name\":\"Newsletter Creator\",\"description\":\"Pay off\",\"potentialAction\":[{\"@type\":\"SearchAction\",\"target\":{\"@type\":\"EntryPoint\",\"urlTemplate\":\"https:\/\/www.newslettercreator.com\/?s={search_term_string}\"},\"query-input\":{\"@type\":\"PropertyValueSpecification\",\"valueRequired\":true,\"valueName\":\"search_term_string\"}}],\"inLanguage\":\"tr\"}]}<\/script>\n<!-- \/ Yoast SEO plugin. -->","yoast_head_json":{"title":"E-posta tasar\u0131m\u0131 - Newsletter Creator","robots":{"index":"index","follow":"follow","max-snippet":"max-snippet:-1","max-image-preview":"max-image-preview:large","max-video-preview":"max-video-preview:-1"},"canonical":"https:\/\/www.newslettercreator.com\/tr\/e-posta-tasarimi\/","og_locale":"tr_TR","og_type":"article","og_title":"E-posta tasar\u0131m\u0131 - Newsletter Creator","og_description":"B\u00fclteninize taze ve yenilik\u00e7i bir g\u00f6r\u00fcn\u00fcm vermek i\u00e7in e-posta olu\u015fturma hakk\u0131nda en son ve en ilgin\u00e7 ipu\u00e7lar\u0131. &nbsp;","og_url":"https:\/\/www.newslettercreator.com\/tr\/e-posta-tasarimi\/","og_site_name":"Newsletter Creator","article_modified_time":"2016-02-08T14:27:28+00:00","schema":{"@context":"https:\/\/schema.org","@graph":[{"@type":"WebPage","@id":"https:\/\/www.newslettercreator.com\/tr\/e-posta-tasarimi\/","url":"https:\/\/www.newslettercreator.com\/tr\/e-posta-tasarimi\/","name":"E-posta tasar\u0131m\u0131 - Newsletter Creator","isPartOf":{"@id":"https:\/\/www.newslettercreator.com\/#website"},"datePublished":"2016-02-08T13:38:04+00:00","dateModified":"2016-02-08T14:27:28+00:00","breadcrumb":{"@id":"https:\/\/www.newslettercreator.com\/tr\/e-posta-tasarimi\/#breadcrumb"},"inLanguage":"tr","potentialAction":[{"@type":"ReadAction","target":["https:\/\/www.newslettercreator.com\/tr\/e-posta-tasarimi\/"]}]},{"@type":"BreadcrumbList","@id":"https:\/\/www.newslettercreator.com\/tr\/e-posta-tasarimi\/#breadcrumb","itemListElement":[{"@type":"ListItem","position":1,"name":"Home","item":"https:\/\/www.newslettercreator.com\/tr\/"},{"@type":"ListItem","position":2,"name":"E-posta tasar\u0131m\u0131"}]},{"@type":"WebSite","@id":"https:\/\/www.newslettercreator.com\/#website","url":"https:\/\/www.newslettercreator.com\/","name":"Newsletter Creator","description":"Pay off","potentialAction":[{"@type":"SearchAction","target":{"@type":"EntryPoint","urlTemplate":"https:\/\/www.newslettercreator.com\/?s={search_term_string}"},"query-input":{"@type":"PropertyValueSpecification","valueRequired":true,"valueName":"search_term_string"}}],"inLanguage":"tr"}]}},"_links":{"self":[{"href":"https:\/\/www.newslettercreator.com\/tr\/wp-json\/wp\/v2\/pages\/4328","targetHints":{"allow":["GET"]}}],"collection":[{"href":"https:\/\/www.newslettercreator.com\/tr\/wp-json\/wp\/v2\/pages"}],"about":[{"href":"https:\/\/www.newslettercreator.com\/tr\/wp-json\/wp\/v2\/types\/page"}],"author":[{"embeddable":true,"href":"https:\/\/www.newslettercreator.com\/tr\/wp-json\/wp\/v2\/users\/1"}],"replies":[{"embeddable":true,"href":"https:\/\/www.newslettercreator.com\/tr\/wp-json\/wp\/v2\/comments?post=4328"}],"version-history":[{"count":2,"href":"https:\/\/www.newslettercreator.com\/tr\/wp-json\/wp\/v2\/pages\/4328\/revisions"}],"predecessor-version":[{"id":4351,"href":"https:\/\/www.newslettercreator.com\/tr\/wp-json\/wp\/v2\/pages\/4328\/revisions\/4351"}],"wp:attachment":[{"href":"https:\/\/www.newslettercreator.com\/tr\/wp-json\/wp\/v2\/media?parent=4328"}],"curies":[{"name":"wp","href":"https:\/\/api.w.org\/{rel}","templated":true}]}}