{"id":4330,"date":"2016-02-08T13:39:08","date_gmt":"2016-02-08T13:39:08","guid":{"rendered":"http:\/\/www.newslettercreator.com\/tr\/?page_id=4330"},"modified":"2021-05-07T09:55:22","modified_gmt":"2021-05-07T07:55:22","slug":"buelten-oernekleri","status":"publish","type":"page","link":"https:\/\/www.newslettercreator.com\/tr\/buelten-oernekleri\/","title":{"rendered":"B\u00fclten \u00f6rnekleri"},"content":{"rendered":"<p>Kendi \u015fablonunuza ba\u015flamak i\u00e7in ilham m\u0131 gerekli? E-posta \u00f6rneklerimize bakabilirsiniz.<\/p>\n<p>&nbsp;<\/p>\n<div id=\"g1-box-counter-1\" class=\"g1-box g1-box--solid  g1-box--noicon\" ><div class=\"g1-box__inner\">\n<h3><a href=\"http:\/\/www.newslettercreator.com\/tr\/oernek-buelten-formati\/\" title=\"\u00d6rnek b\u00fclten format\u0131\">\u00d6rnek b\u00fclten format\u0131<\/a><\/h3>\n<p>G\u00fczel ve etkin \u015fablonlar olu\u015fturmak i\u00e7in s\u0131radan bir b\u00fclten format\u0131n\u0131n ne oldu\u011funu anlamak \u00e7ok \u00f6nemlidir.<br \/>\n<\/div><\/div>\n<div id=\"g1-box-counter-2\" class=\"g1-box g1-box--solid  g1-box--noicon\" ><div class=\"g1-box__inner\">\n<h3><a href=\"http:\/\/www.newslettercreator.com\/tr\/bir-buelten-mizanpaji-oernegi\/\" title=\"\nBir b\u00fclten mizanpaj\u0131 \u00f6rne\u011fi\">Bir b\u00fclten mizanpaj\u0131 \u00f6rne\u011fi<\/a><\/h3>\n<p>Kendi \u015fablonunuz i\u00e7in ipu\u00e7lar\u0131 almak \u00fczere \u00f6rnek bir mizanpaja m\u0131 ihtiyac\u0131n\u0131z var?<br \/>\n<\/div><\/div>\n","protected":false},"excerpt":{"rendered":"<p>Kendi \u015fablonunuza ba\u015flamak i\u00e7in ilham m\u0131 gerekli? E-posta \u00f6rneklerimize bakabilirsiniz. &nbsp;<\/p>\n","protected":false},"author":1,"featured_media":0,"parent":0,"menu_order":0,"comment_status":"closed","ping_status":"closed","template":"g1_template_page_sidebar_right.php","meta":{"inline_featured_image":false,"_monsterinsights_skip_tracking":false,"_monsterinsights_sitenote_active":false,"_monsterinsights_sitenote_note":"","_monsterinsights_sitenote_category":0,"footnotes":""},"class_list":["post-4330","page","type-page","status-publish"],"yoast_head":"<!-- This site is optimized with the Yoast SEO plugin v25.2 - https:\/\/yoast.com\/wordpress\/plugins\/seo\/ -->\n<title>B\u00fclten \u00f6rnekleri - MailStyler Newsletter Creator<\/title>\n<meta name=\"description\" content=\"Kendi \u015fablonunuza ba\u015flamak i\u00e7in ilham m\u0131 gerekli? E-posta \u00f6rneklerimize bakabilirsiniz.\" \/>\n<meta name=\"robots\" content=\"index, follow, max-snippet:-1, max-image-preview:large, max-video-preview:-1\" \/>\n<link rel=\"canonical\" href=\"https:\/\/www.newslettercreator.com\/tr\/buelten-oernekleri\/\" \/>\n<meta property=\"og:locale\" content=\"tr_TR\" \/>\n<meta property=\"og:type\" content=\"article\" \/>\n<meta property=\"og:title\" content=\"B\u00fclten \u00f6rnekleri - MailStyler Newsletter Creator\" \/>\n<meta property=\"og:description\" content=\"Kendi \u015fablonunuza ba\u015flamak i\u00e7in ilham m\u0131 gerekli? E-posta \u00f6rneklerimize bakabilirsiniz.\" \/>\n<meta property=\"og:url\" content=\"https:\/\/www.newslettercreator.com\/tr\/buelten-oernekleri\/\" \/>\n<meta property=\"og:site_name\" content=\"Newsletter Creator\" \/>\n<meta property=\"article:modified_time\" content=\"2021-05-07T07:55:22+00:00\" \/>\n<script type=\"application\/ld+json\" class=\"yoast-schema-graph\">{\"@context\":\"https:\/\/schema.org\",\"@graph\":[{\"@type\":\"WebPage\",\"@id\":\"https:\/\/www.newslettercreator.com\/tr\/buelten-oernekleri\/\",\"url\":\"https:\/\/www.newslettercreator.com\/tr\/buelten-oernekleri\/\",\"name\":\"B\u00fclten \u00f6rnekleri - MailStyler Newsletter Creator\",\"isPartOf\":{\"@id\":\"https:\/\/www.newslettercreator.com\/#website\"},\"datePublished\":\"2016-02-08T13:39:08+00:00\",\"dateModified\":\"2021-05-07T07:55:22+00:00\",\"description\":\"Kendi \u015fablonunuza ba\u015flamak i\u00e7in ilham m\u0131 gerekli? E-posta \u00f6rneklerimize bakabilirsiniz.\",\"breadcrumb\":{\"@id\":\"https:\/\/www.newslettercreator.com\/tr\/buelten-oernekleri\/#breadcrumb\"},\"inLanguage\":\"tr\",\"potentialAction\":[{\"@type\":\"ReadAction\",\"target\":[\"https:\/\/www.newslettercreator.com\/tr\/buelten-oernekleri\/\"]}]},{\"@type\":\"BreadcrumbList\",\"@id\":\"https:\/\/www.newslettercreator.com\/tr\/buelten-oernekleri\/#breadcrumb\",\"itemListElement\":[{\"@type\":\"ListItem\",\"position\":1,\"name\":\"Home\",\"item\":\"https:\/\/www.newslettercreator.com\/tr\/\"},{\"@type\":\"ListItem\",\"position\":2,\"name\":\"B\u00fclten \u00f6rnekleri\"}]},{\"@type\":\"WebSite\",\"@id\":\"https:\/\/www.newslettercreator.com\/#website\",\"url\":\"https:\/\/www.newslettercreator.com\/\",\"name\":\"Newsletter Creator\",\"description\":\"Pay off\",\"potentialAction\":[{\"@type\":\"SearchAction\",\"target\":{\"@type\":\"EntryPoint\",\"urlTemplate\":\"https:\/\/www.newslettercreator.com\/?s={search_term_string}\"},\"query-input\":{\"@type\":\"PropertyValueSpecification\",\"valueRequired\":true,\"valueName\":\"search_term_string\"}}],\"inLanguage\":\"tr\"}]}<\/script>\n<!-- \/ Yoast SEO plugin. -->","yoast_head_json":{"title":"B\u00fclten \u00f6rnekleri - MailStyler Newsletter Creator","description":"Kendi \u015fablonunuza ba\u015flamak i\u00e7in ilham m\u0131 gerekli? E-posta \u00f6rneklerimize bakabilirsiniz.","robots":{"index":"index","follow":"follow","max-snippet":"max-snippet:-1","max-image-preview":"max-image-preview:large","max-video-preview":"max-video-preview:-1"},"canonical":"https:\/\/www.newslettercreator.com\/tr\/buelten-oernekleri\/","og_locale":"tr_TR","og_type":"article","og_title":"B\u00fclten \u00f6rnekleri - MailStyler Newsletter Creator","og_description":"Kendi \u015fablonunuza ba\u015flamak i\u00e7in ilham m\u0131 gerekli? E-posta \u00f6rneklerimize bakabilirsiniz.","og_url":"https:\/\/www.newslettercreator.com\/tr\/buelten-oernekleri\/","og_site_name":"Newsletter Creator","article_modified_time":"2021-05-07T07:55:22+00:00","schema":{"@context":"https:\/\/schema.org","@graph":[{"@type":"WebPage","@id":"https:\/\/www.newslettercreator.com\/tr\/buelten-oernekleri\/","url":"https:\/\/www.newslettercreator.com\/tr\/buelten-oernekleri\/","name":"B\u00fclten \u00f6rnekleri - MailStyler Newsletter Creator","isPartOf":{"@id":"https:\/\/www.newslettercreator.com\/#website"},"datePublished":"2016-02-08T13:39:08+00:00","dateModified":"2021-05-07T07:55:22+00:00","description":"Kendi \u015fablonunuza ba\u015flamak i\u00e7in ilham m\u0131 gerekli? E-posta \u00f6rneklerimize bakabilirsiniz.","breadcrumb":{"@id":"https:\/\/www.newslettercreator.com\/tr\/buelten-oernekleri\/#breadcrumb"},"inLanguage":"tr","potentialAction":[{"@type":"ReadAction","target":["https:\/\/www.newslettercreator.com\/tr\/buelten-oernekleri\/"]}]},{"@type":"BreadcrumbList","@id":"https:\/\/www.newslettercreator.com\/tr\/buelten-oernekleri\/#breadcrumb","itemListElement":[{"@type":"ListItem","position":1,"name":"Home","item":"https:\/\/www.newslettercreator.com\/tr\/"},{"@type":"ListItem","position":2,"name":"B\u00fclten \u00f6rnekleri"}]},{"@type":"WebSite","@id":"https:\/\/www.newslettercreator.com\/#website","url":"https:\/\/www.newslettercreator.com\/","name":"Newsletter Creator","description":"Pay off","potentialAction":[{"@type":"SearchAction","target":{"@type":"EntryPoint","urlTemplate":"https:\/\/www.newslettercreator.com\/?s={search_term_string}"},"query-input":{"@type":"PropertyValueSpecification","valueRequired":true,"valueName":"search_term_string"}}],"inLanguage":"tr"}]}},"_links":{"self":[{"href":"https:\/\/www.newslettercreator.com\/tr\/wp-json\/wp\/v2\/pages\/4330","targetHints":{"allow":["GET"]}}],"collection":[{"href":"https:\/\/www.newslettercreator.com\/tr\/wp-json\/wp\/v2\/pages"}],"about":[{"href":"https:\/\/www.newslettercreator.com\/tr\/wp-json\/wp\/v2\/types\/page"}],"author":[{"embeddable":true,"href":"https:\/\/www.newslettercreator.com\/tr\/wp-json\/wp\/v2\/users\/1"}],"replies":[{"embeddable":true,"href":"https:\/\/www.newslettercreator.com\/tr\/wp-json\/wp\/v2\/comments?post=4330"}],"version-history":[{"count":2,"href":"https:\/\/www.newslettercreator.com\/tr\/wp-json\/wp\/v2\/pages\/4330\/revisions"}],"predecessor-version":[{"id":4356,"href":"https:\/\/www.newslettercreator.com\/tr\/wp-json\/wp\/v2\/pages\/4330\/revisions\/4356"}],"wp:attachment":[{"href":"https:\/\/www.newslettercreator.com\/tr\/wp-json\/wp\/v2\/media?parent=4330"}],"curies":[{"name":"wp","href":"https:\/\/api.w.org\/{rel}","templated":true}]}}