{"id":4332,"date":"2016-02-08T13:40:21","date_gmt":"2016-02-08T13:40:21","guid":{"rendered":"http:\/\/www.newslettercreator.com\/tr\/?page_id=4332"},"modified":"2016-02-08T15:01:11","modified_gmt":"2016-02-08T15:01:11","slug":"buelten-olusturma","status":"publish","type":"page","link":"https:\/\/www.newslettercreator.com\/tr\/buelten-olusturma\/","title":{"rendered":"B\u00fclten olu\u015fturma"},"content":{"rendered":"<p>E-posta olu\u015fturma sanat\u0131 sonu\u00e7 \u00fcretmek ve okuyucular\u0131 s\u0131kmamak i\u00e7in s\u00fcrekli iyi fikirlere ihtiya\u00e7 duyar. Burada biraz bulabilirsiniz.<\/p>\n<p>&nbsp;<\/p>\n<div id=\"g1-box-counter-1\" class=\"g1-box g1-box--solid  g1-box--noicon\" ><div class=\"g1-box__inner\">\n<h3><a href=\"http:\/\/www.newslettercreator.com\/tr\/microsoft-word-ile-buelten-olusturma-ise-yarar-mi\/\" title=\"Microsoft Word ile b\u00fclten olu\u015fturma: i\u015fe yarar m\u0131?\">Microsoft Word ile b\u00fclten olu\u015fturma: i\u015fe yarar m\u0131?<\/a><\/h3>\n<p>Elbette Microsoft Word kullanarak b\u00fclteninizi olu\u015fturmak m\u00fcmk\u00fcnd\u00fcr. Ve ilk bak\u0131\u015fta olduk\u00e7a basit g\u00f6r\u00fcn\u00fcr&#8230;<br \/>\n<\/div><\/div>\n<div id=\"g1-box-counter-2\" class=\"g1-box g1-box--solid  g1-box--noicon\" ><div class=\"g1-box__inner\">\n<h3><a href=\"http:\/\/www.newslettercreator.com\/tr\/bir-buelten-nasil-olusturulur\/\" title=\"Bir b\u00fclten nas\u0131l olu\u015fturulur\">Bir b\u00fclten nas\u0131l olu\u015fturulur<\/a><\/h3>\n<p>Bir b\u00fclten ya da toplu e-posta olu\u015fturmak ileti\u015fim ve pazarlama i\u00e7in ola\u011fan\u00fcst\u00fc bir ara\u00e7t\u0131r ve m\u00fc\u015fterilerinizi bilgilendirmenin en iyi yollar\u0131ndan biridir.<br \/>\n<\/div><\/div>\n","protected":false},"excerpt":{"rendered":"<p>E-posta olu\u015fturma sanat\u0131 sonu\u00e7 \u00fcretmek ve okuyucular\u0131 s\u0131kmamak i\u00e7in s\u00fcrekli iyi fikirlere ihtiya\u00e7 duyar. Burada biraz bulabilirsiniz. &nbsp;<\/p>\n","protected":false},"author":1,"featured_media":0,"parent":0,"menu_order":0,"comment_status":"closed","ping_status":"closed","template":"g1_template_page_sidebar_right.php","meta":{"inline_featured_image":false,"_monsterinsights_skip_tracking":false,"_monsterinsights_sitenote_active":false,"_monsterinsights_sitenote_note":"","_monsterinsights_sitenote_category":0,"footnotes":""},"class_list":["post-4332","page","type-page","status-publish"],"yoast_head":"<!-- This site is optimized with the Yoast SEO plugin v25.2 - https:\/\/yoast.com\/wordpress\/plugins\/seo\/ -->\n<title>B\u00fclten olu\u015fturma - Newsletter Creator<\/title>\n<meta name=\"robots\" content=\"index, follow, max-snippet:-1, max-image-preview:large, max-video-preview:-1\" \/>\n<link rel=\"canonical\" href=\"https:\/\/www.newslettercreator.com\/tr\/buelten-olusturma\/\" \/>\n<meta property=\"og:locale\" content=\"tr_TR\" \/>\n<meta property=\"og:type\" content=\"article\" \/>\n<meta property=\"og:title\" content=\"B\u00fclten olu\u015fturma - Newsletter Creator\" \/>\n<meta property=\"og:description\" content=\"E-posta olu\u015fturma sanat\u0131 sonu\u00e7 \u00fcretmek ve okuyucular\u0131 s\u0131kmamak i\u00e7in s\u00fcrekli iyi fikirlere ihtiya\u00e7 duyar. Burada biraz bulabilirsiniz. &nbsp;\" \/>\n<meta property=\"og:url\" content=\"https:\/\/www.newslettercreator.com\/tr\/buelten-olusturma\/\" \/>\n<meta property=\"og:site_name\" content=\"Newsletter Creator\" \/>\n<meta property=\"article:modified_time\" content=\"2016-02-08T15:01:11+00:00\" \/>\n<meta name=\"twitter:label1\" content=\"Est. reading time\" \/>\n\t<meta name=\"twitter:data1\" content=\"1 minute\" \/>\n<script type=\"application\/ld+json\" class=\"yoast-schema-graph\">{\"@context\":\"https:\/\/schema.org\",\"@graph\":[{\"@type\":\"WebPage\",\"@id\":\"https:\/\/www.newslettercreator.com\/tr\/buelten-olusturma\/\",\"url\":\"https:\/\/www.newslettercreator.com\/tr\/buelten-olusturma\/\",\"name\":\"B\u00fclten olu\u015fturma - Newsletter Creator\",\"isPartOf\":{\"@id\":\"https:\/\/www.newslettercreator.com\/#website\"},\"datePublished\":\"2016-02-08T13:40:21+00:00\",\"dateModified\":\"2016-02-08T15:01:11+00:00\",\"breadcrumb\":{\"@id\":\"https:\/\/www.newslettercreator.com\/tr\/buelten-olusturma\/#breadcrumb\"},\"inLanguage\":\"tr\",\"potentialAction\":[{\"@type\":\"ReadAction\",\"target\":[\"https:\/\/www.newslettercreator.com\/tr\/buelten-olusturma\/\"]}]},{\"@type\":\"BreadcrumbList\",\"@id\":\"https:\/\/www.newslettercreator.com\/tr\/buelten-olusturma\/#breadcrumb\",\"itemListElement\":[{\"@type\":\"ListItem\",\"position\":1,\"name\":\"Home\",\"item\":\"https:\/\/www.newslettercreator.com\/tr\/\"},{\"@type\":\"ListItem\",\"position\":2,\"name\":\"B\u00fclten olu\u015fturma\"}]},{\"@type\":\"WebSite\",\"@id\":\"https:\/\/www.newslettercreator.com\/#website\",\"url\":\"https:\/\/www.newslettercreator.com\/\",\"name\":\"Newsletter Creator\",\"description\":\"Pay off\",\"potentialAction\":[{\"@type\":\"SearchAction\",\"target\":{\"@type\":\"EntryPoint\",\"urlTemplate\":\"https:\/\/www.newslettercreator.com\/?s={search_term_string}\"},\"query-input\":{\"@type\":\"PropertyValueSpecification\",\"valueRequired\":true,\"valueName\":\"search_term_string\"}}],\"inLanguage\":\"tr\"}]}<\/script>\n<!-- \/ Yoast SEO plugin. -->","yoast_head_json":{"title":"B\u00fclten olu\u015fturma - Newsletter Creator","robots":{"index":"index","follow":"follow","max-snippet":"max-snippet:-1","max-image-preview":"max-image-preview:large","max-video-preview":"max-video-preview:-1"},"canonical":"https:\/\/www.newslettercreator.com\/tr\/buelten-olusturma\/","og_locale":"tr_TR","og_type":"article","og_title":"B\u00fclten olu\u015fturma - Newsletter Creator","og_description":"E-posta olu\u015fturma sanat\u0131 sonu\u00e7 \u00fcretmek ve okuyucular\u0131 s\u0131kmamak i\u00e7in s\u00fcrekli iyi fikirlere ihtiya\u00e7 duyar. Burada biraz bulabilirsiniz. &nbsp;","og_url":"https:\/\/www.newslettercreator.com\/tr\/buelten-olusturma\/","og_site_name":"Newsletter Creator","article_modified_time":"2016-02-08T15:01:11+00:00","twitter_misc":{"Est. reading time":"1 minute"},"schema":{"@context":"https:\/\/schema.org","@graph":[{"@type":"WebPage","@id":"https:\/\/www.newslettercreator.com\/tr\/buelten-olusturma\/","url":"https:\/\/www.newslettercreator.com\/tr\/buelten-olusturma\/","name":"B\u00fclten olu\u015fturma - Newsletter Creator","isPartOf":{"@id":"https:\/\/www.newslettercreator.com\/#website"},"datePublished":"2016-02-08T13:40:21+00:00","dateModified":"2016-02-08T15:01:11+00:00","breadcrumb":{"@id":"https:\/\/www.newslettercreator.com\/tr\/buelten-olusturma\/#breadcrumb"},"inLanguage":"tr","potentialAction":[{"@type":"ReadAction","target":["https:\/\/www.newslettercreator.com\/tr\/buelten-olusturma\/"]}]},{"@type":"BreadcrumbList","@id":"https:\/\/www.newslettercreator.com\/tr\/buelten-olusturma\/#breadcrumb","itemListElement":[{"@type":"ListItem","position":1,"name":"Home","item":"https:\/\/www.newslettercreator.com\/tr\/"},{"@type":"ListItem","position":2,"name":"B\u00fclten olu\u015fturma"}]},{"@type":"WebSite","@id":"https:\/\/www.newslettercreator.com\/#website","url":"https:\/\/www.newslettercreator.com\/","name":"Newsletter Creator","description":"Pay off","potentialAction":[{"@type":"SearchAction","target":{"@type":"EntryPoint","urlTemplate":"https:\/\/www.newslettercreator.com\/?s={search_term_string}"},"query-input":{"@type":"PropertyValueSpecification","valueRequired":true,"valueName":"search_term_string"}}],"inLanguage":"tr"}]}},"_links":{"self":[{"href":"https:\/\/www.newslettercreator.com\/tr\/wp-json\/wp\/v2\/pages\/4332","targetHints":{"allow":["GET"]}}],"collection":[{"href":"https:\/\/www.newslettercreator.com\/tr\/wp-json\/wp\/v2\/pages"}],"about":[{"href":"https:\/\/www.newslettercreator.com\/tr\/wp-json\/wp\/v2\/types\/page"}],"author":[{"embeddable":true,"href":"https:\/\/www.newslettercreator.com\/tr\/wp-json\/wp\/v2\/users\/1"}],"replies":[{"embeddable":true,"href":"https:\/\/www.newslettercreator.com\/tr\/wp-json\/wp\/v2\/comments?post=4332"}],"version-history":[{"count":2,"href":"https:\/\/www.newslettercreator.com\/tr\/wp-json\/wp\/v2\/pages\/4332\/revisions"}],"predecessor-version":[{"id":4362,"href":"https:\/\/www.newslettercreator.com\/tr\/wp-json\/wp\/v2\/pages\/4332\/revisions\/4362"}],"wp:attachment":[{"href":"https:\/\/www.newslettercreator.com\/tr\/wp-json\/wp\/v2\/media?parent=4332"}],"curies":[{"name":"wp","href":"https:\/\/api.w.org\/{rel}","templated":true}]}}