{"id":4336,"date":"2016-02-08T13:43:24","date_gmt":"2016-02-08T13:43:24","guid":{"rendered":"http:\/\/www.newslettercreator.com\/tr\/?page_id=4336"},"modified":"2016-02-08T15:34:16","modified_gmt":"2016-02-08T15:34:16","slug":"buelten-yazilimi","status":"publish","type":"page","link":"https:\/\/www.newslettercreator.com\/tr\/buelten-yazilimi\/","title":{"rendered":"B\u00fclten yaz\u0131l\u0131m\u0131"},"content":{"rendered":"<p>E-posta olu\u015fturma yaz\u0131l\u0131m\u0131 hakk\u0131nda bilgi, detaylar ve y\u00f6ntem bilgileri.<\/p>\n<p>&nbsp;<\/p>\n<div id=\"g1-box-counter-1\" class=\"g1-box g1-box--solid  g1-box--noicon\" ><div class=\"g1-box__inner\">\n<h3><a href=\"http:\/\/www.newslettercreator.com\/tr\/neden-profesyonel-bir-buelten-olusturma-araci-edinmeli\/\" title=\"Neden profesyonel bir b\u00fclten olu\u015fturma arac\u0131 edinmeli\">Neden profesyonel bir b\u00fclten olu\u015fturma arac\u0131 edinmeli<\/a><\/h3>\n<p>Konu bir e-posta \u015fablonu olu\u015fturmak ya da e-posta pazarlama kampanyan\u0131z\u0131 d\u00fczenlemek ise, profesyonel bir b\u00fclten olu\u015fturma arac\u0131na&#8230;<br \/>\n<\/div><\/div>\n<div id=\"g1-box-counter-2\" class=\"g1-box g1-box--solid  g1-box--noicon\" ><div class=\"g1-box__inner\">\n<h3><a href=\"http:\/\/www.newslettercreator.com\/tr\/bir-buelten-nasil-yapilir\/\" title=\"Bir b\u00fclten nas\u0131l yap\u0131l\u0131r\">Bir b\u00fclten nas\u0131l yap\u0131l\u0131r<\/a><\/h3>\n<p>B\u00fclten yapmak m\u00fc\u015fterileriniz ve okuyucular\u0131n\u0131zla ileti\u015fim kurman\u0131n hala en kolay ve maliyet etkin yoludur.<br \/>\n<\/div><\/div>\n","protected":false},"excerpt":{"rendered":"<p>E-posta olu\u015fturma yaz\u0131l\u0131m\u0131 hakk\u0131nda bilgi, detaylar ve y\u00f6ntem bilgileri. &nbsp;<\/p>\n","protected":false},"author":1,"featured_media":0,"parent":0,"menu_order":0,"comment_status":"closed","ping_status":"closed","template":"g1_template_page_sidebar_right.php","meta":{"inline_featured_image":false,"_monsterinsights_skip_tracking":false,"_monsterinsights_sitenote_active":false,"_monsterinsights_sitenote_note":"","_monsterinsights_sitenote_category":0,"footnotes":""},"class_list":["post-4336","page","type-page","status-publish"],"yoast_head":"<!-- This site is optimized with the Yoast SEO plugin v25.2 - https:\/\/yoast.com\/wordpress\/plugins\/seo\/ -->\n<title>B\u00fclten yaz\u0131l\u0131m\u0131 - Newsletter Creator<\/title>\n<meta name=\"robots\" content=\"index, follow, max-snippet:-1, max-image-preview:large, max-video-preview:-1\" \/>\n<link rel=\"canonical\" href=\"https:\/\/www.newslettercreator.com\/tr\/buelten-yazilimi\/\" \/>\n<meta property=\"og:locale\" content=\"tr_TR\" \/>\n<meta property=\"og:type\" content=\"article\" \/>\n<meta property=\"og:title\" content=\"B\u00fclten yaz\u0131l\u0131m\u0131 - Newsletter Creator\" \/>\n<meta property=\"og:description\" content=\"E-posta olu\u015fturma yaz\u0131l\u0131m\u0131 hakk\u0131nda bilgi, detaylar ve y\u00f6ntem bilgileri. &nbsp;\" \/>\n<meta property=\"og:url\" content=\"https:\/\/www.newslettercreator.com\/tr\/buelten-yazilimi\/\" \/>\n<meta property=\"og:site_name\" content=\"Newsletter Creator\" \/>\n<meta property=\"article:modified_time\" content=\"2016-02-08T15:34:16+00:00\" \/>\n<script type=\"application\/ld+json\" class=\"yoast-schema-graph\">{\"@context\":\"https:\/\/schema.org\",\"@graph\":[{\"@type\":\"WebPage\",\"@id\":\"https:\/\/www.newslettercreator.com\/tr\/buelten-yazilimi\/\",\"url\":\"https:\/\/www.newslettercreator.com\/tr\/buelten-yazilimi\/\",\"name\":\"B\u00fclten yaz\u0131l\u0131m\u0131 - Newsletter Creator\",\"isPartOf\":{\"@id\":\"https:\/\/www.newslettercreator.com\/#website\"},\"datePublished\":\"2016-02-08T13:43:24+00:00\",\"dateModified\":\"2016-02-08T15:34:16+00:00\",\"breadcrumb\":{\"@id\":\"https:\/\/www.newslettercreator.com\/tr\/buelten-yazilimi\/#breadcrumb\"},\"inLanguage\":\"tr\",\"potentialAction\":[{\"@type\":\"ReadAction\",\"target\":[\"https:\/\/www.newslettercreator.com\/tr\/buelten-yazilimi\/\"]}]},{\"@type\":\"BreadcrumbList\",\"@id\":\"https:\/\/www.newslettercreator.com\/tr\/buelten-yazilimi\/#breadcrumb\",\"itemListElement\":[{\"@type\":\"ListItem\",\"position\":1,\"name\":\"Home\",\"item\":\"https:\/\/www.newslettercreator.com\/tr\/\"},{\"@type\":\"ListItem\",\"position\":2,\"name\":\"B\u00fclten yaz\u0131l\u0131m\u0131\"}]},{\"@type\":\"WebSite\",\"@id\":\"https:\/\/www.newslettercreator.com\/#website\",\"url\":\"https:\/\/www.newslettercreator.com\/\",\"name\":\"Newsletter Creator\",\"description\":\"Pay off\",\"potentialAction\":[{\"@type\":\"SearchAction\",\"target\":{\"@type\":\"EntryPoint\",\"urlTemplate\":\"https:\/\/www.newslettercreator.com\/?s={search_term_string}\"},\"query-input\":{\"@type\":\"PropertyValueSpecification\",\"valueRequired\":true,\"valueName\":\"search_term_string\"}}],\"inLanguage\":\"tr\"}]}<\/script>\n<!-- \/ Yoast SEO plugin. -->","yoast_head_json":{"title":"B\u00fclten yaz\u0131l\u0131m\u0131 - Newsletter Creator","robots":{"index":"index","follow":"follow","max-snippet":"max-snippet:-1","max-image-preview":"max-image-preview:large","max-video-preview":"max-video-preview:-1"},"canonical":"https:\/\/www.newslettercreator.com\/tr\/buelten-yazilimi\/","og_locale":"tr_TR","og_type":"article","og_title":"B\u00fclten yaz\u0131l\u0131m\u0131 - Newsletter Creator","og_description":"E-posta olu\u015fturma yaz\u0131l\u0131m\u0131 hakk\u0131nda bilgi, detaylar ve y\u00f6ntem bilgileri. &nbsp;","og_url":"https:\/\/www.newslettercreator.com\/tr\/buelten-yazilimi\/","og_site_name":"Newsletter Creator","article_modified_time":"2016-02-08T15:34:16+00:00","schema":{"@context":"https:\/\/schema.org","@graph":[{"@type":"WebPage","@id":"https:\/\/www.newslettercreator.com\/tr\/buelten-yazilimi\/","url":"https:\/\/www.newslettercreator.com\/tr\/buelten-yazilimi\/","name":"B\u00fclten yaz\u0131l\u0131m\u0131 - Newsletter Creator","isPartOf":{"@id":"https:\/\/www.newslettercreator.com\/#website"},"datePublished":"2016-02-08T13:43:24+00:00","dateModified":"2016-02-08T15:34:16+00:00","breadcrumb":{"@id":"https:\/\/www.newslettercreator.com\/tr\/buelten-yazilimi\/#breadcrumb"},"inLanguage":"tr","potentialAction":[{"@type":"ReadAction","target":["https:\/\/www.newslettercreator.com\/tr\/buelten-yazilimi\/"]}]},{"@type":"BreadcrumbList","@id":"https:\/\/www.newslettercreator.com\/tr\/buelten-yazilimi\/#breadcrumb","itemListElement":[{"@type":"ListItem","position":1,"name":"Home","item":"https:\/\/www.newslettercreator.com\/tr\/"},{"@type":"ListItem","position":2,"name":"B\u00fclten yaz\u0131l\u0131m\u0131"}]},{"@type":"WebSite","@id":"https:\/\/www.newslettercreator.com\/#website","url":"https:\/\/www.newslettercreator.com\/","name":"Newsletter Creator","description":"Pay off","potentialAction":[{"@type":"SearchAction","target":{"@type":"EntryPoint","urlTemplate":"https:\/\/www.newslettercreator.com\/?s={search_term_string}"},"query-input":{"@type":"PropertyValueSpecification","valueRequired":true,"valueName":"search_term_string"}}],"inLanguage":"tr"}]}},"_links":{"self":[{"href":"https:\/\/www.newslettercreator.com\/tr\/wp-json\/wp\/v2\/pages\/4336","targetHints":{"allow":["GET"]}}],"collection":[{"href":"https:\/\/www.newslettercreator.com\/tr\/wp-json\/wp\/v2\/pages"}],"about":[{"href":"https:\/\/www.newslettercreator.com\/tr\/wp-json\/wp\/v2\/types\/page"}],"author":[{"embeddable":true,"href":"https:\/\/www.newslettercreator.com\/tr\/wp-json\/wp\/v2\/users\/1"}],"replies":[{"embeddable":true,"href":"https:\/\/www.newslettercreator.com\/tr\/wp-json\/wp\/v2\/comments?post=4336"}],"version-history":[{"count":2,"href":"https:\/\/www.newslettercreator.com\/tr\/wp-json\/wp\/v2\/pages\/4336\/revisions"}],"predecessor-version":[{"id":4372,"href":"https:\/\/www.newslettercreator.com\/tr\/wp-json\/wp\/v2\/pages\/4336\/revisions\/4372"}],"wp:attachment":[{"href":"https:\/\/www.newslettercreator.com\/tr\/wp-json\/wp\/v2\/media?parent=4336"}],"curies":[{"name":"wp","href":"https:\/\/api.w.org\/{rel}","templated":true}]}}