{"id":4340,"date":"2016-02-08T13:57:49","date_gmt":"2016-02-08T13:57:49","guid":{"rendered":"http:\/\/www.newslettercreator.com\/tr\/?page_id=4340"},"modified":"2016-02-08T13:57:49","modified_gmt":"2016-02-08T13:57:49","slug":"e-posta-buelten-sablonu-nasil-yapilir","status":"publish","type":"page","link":"https:\/\/www.newslettercreator.com\/tr\/e-posta-buelten-sablonu-nasil-yapilir\/","title":{"rendered":"E-posta b\u00fclten \u015fablonu: nas\u0131l yap\u0131l\u0131r"},"content":{"rendered":"<p><img decoding=\"async\" class=\"alignnone size-full wp-image-237\" src=\"http:\/\/www.newslettercreator.com\/wp-content\/uploads\/2014\/02\/email-newsletter-template-how-to.jpg\" alt=\"E-posta b\u00fclten \u015fablonu: nas\u0131l yap\u0131l\u0131r\" width=\"649\" height=\"423\" srcset=\"https:\/\/www.newslettercreator.com\/wp-content\/uploads\/2014\/02\/email-newsletter-template-how-to.jpg 649w, https:\/\/www.newslettercreator.com\/wp-content\/uploads\/2014\/02\/email-newsletter-template-how-to-300x195.jpg 300w\" sizes=\"(max-width: 649px) 100vw, 649px\" \/><\/p>\n<p>Konu e-posta ile pazarlama oldu\u011funda <strong>iyi bir b\u00fclten \u015fablonu<\/strong> i\u00e7in \u00f6nemli olan baz\u0131 \u015feyler bulunmaktad\u0131r. Ve bu sadece estetikle s\u0131n\u0131rl\u0131 de\u011fildir: okuyucuyu ikna etmek ve niyetli olanlar\u0131 <strong>harekete ge\u00e7irmek<\/strong> i\u00e7in a\u00e7\u0131k, k\u00fc\u00e7\u00fck boyutlu ve ki\u015fiselle\u015ftirilmi\u015f tasar\u0131m gereklidir &#8211; yani en y\u00fcksek verimi elde etmek i\u00e7in e-postan\u0131z bir haber mesaj\u0131 ya da ticari bir \u00f6neri olmal\u0131d\u0131r.<\/p>\n<p>Ancak dahas\u0131 da var. Sadece <strong>profesyonel bir HTML \u015fablonu<\/strong> b\u00fclteninizin t\u00fcm pop\u00fcler e-posta istemcileri ile web e-posta g\u00f6r\u00fcnt\u00fcleme sistemleri \u00fczerinde ayn\u0131 \u015fekilde g\u00f6r\u00fcnece\u011fini size garanti edebilir; ek olarak HTML sayesinde a\u00e7ma oran\u0131, ba\u011flant\u0131ya t\u0131klama oran\u0131, vb. <strong>t\u00fcm al\u0131c\u0131 faaliyetleri<\/strong> takip edilebilmektedir.<\/p>\n<p>Sonu\u00e7 olarak <strong>uygun bir HTML b\u00fclten \u015fablonu nas\u0131l elde edilir<\/strong>? Temel olarak iki se\u00e7enek bulunmaktad\u0131r: ya haz\u0131r bir tanesi sat\u0131n al\u0131n\u0131r (veya \u00fccretsiz olarak edinilir) ya da kendinizinkini olu\u015fturursunuz.<\/p>\n<p>\u0130lk se\u00e7ene\u011fin esas kusurlu yan\u0131 \u015fablon ne kadar iyi olursa olsun, hi\u00e7 bir zaman <strong>benzersiz<\/strong> olmamas\u0131 ve tamamen markan\u0131za <strong>uydurulmu\u015f<\/strong> olmas\u0131d\u0131r. Elbette i\u015fletmenizin ya da faaliyetinizin genel kategorisine uyacakt\u0131r ama tam olarak ki\u015fiselle\u015ftirilmi\u015f bir mizanpaj tamamen ayr\u0131 bir hikayedir &#8211; ve <strong>marka fark\u0131ndal\u0131\u011f\u0131<\/strong> konusunda b\u00fcy\u00fck bir kazan\u00e7t\u0131r.<\/p>\n<p>Fakat s\u0131f\u0131rdan bir e-posta \u015fablonu olu\u015fturmak \u00f6zellikle yeni ba\u015flayan ya da teknik becerilere sahip olmayan ki\u015filer i\u00e7in \u00e7ok zor olabilir. Neyse ki, MailStyler var: <strong><a href=\"http:\/\/www.newslettercreator.com\/tr\/ucretlendirme\/\" title=\"MailStyler \u00dccretlendirme\">ak\u0131ll\u0131 b\u00fclten d\u00fczenleyicimiz<\/a><\/strong> size kendi \u015fablonunuzu kolayca ve HTML\/CSS kodlama ihtiyac\u0131 olmadan olu\u015fturmada yard\u0131mc\u0131 olur.<\/p>\n<p>MailStyler&#8217;\u0131n WYSIWYG aray\u00fcz\u00fcn\u00fc kullanarak geni\u015f standart blok ve h\u00fccre k\u00fcmeleri (t\u00fcm e-posta istemcileri ile uyumlu olduklar\u0131 test edilmi\u015ftir) ile bir mizanpaj olu\u015fturabilir ve istedi\u011finiz gibi \u00f6zelle\u015ftirebilirsiniz. B\u00f6ylece <strong>e-posta kampanyan\u0131z i\u00e7in en iyi tasar\u0131m\u0131 elde edersiniz<\/strong>: sizin ve yaln\u0131zca sizin olan tasar\u0131m.<\/p>\n<p>&nbsp;<\/p>\n<p style=\"text-align: center;\"><a class=\"button large orange\" style=\"margin-top: 20px; width: 157px; margin-right: 30px;\" title=\"\u00dccretsiz Versiyonu \u0130ndir \" href=\"http:\/\/www.newslettercreator.com\/ucretsiz-deneyin\/\" target=\"_self\">DEMO VERS\u0130YONU \u0130ND\u0130R<\/a><a class=\"button large darkgray\" style=\"margin-top: 20px; width: 157px;\" title=\"Mailstyler Pro Satin Alin\" href=\"http:\/\/www.newslettercreator.com\/ucretlendirme\/\" target=\"_self\">MAILSTYLER PRO SATIN ALIN<\/a><\/p>\n<p style=\"text-align: center; font-size: 11px; margin-bottom: 5px;\">Enson s\u00fcr\u00fcm: 2.24.01.17 | Yay\u0131n tarihi: 17\/01\/2024 | Boyut: 114.9 MB<br \/>\n<a href=\"http:\/\/www.newslettercreator.com\/license-agreement\/\" target=\"_blank\">Lisans s\u00f6zle\u015fmesi<\/a> | <a href=\"http:\/\/www.newslettercreator.com\/how-to-uninstall\/\" target=\"_blank\">Nas\u0131l kald\u0131r\u0131l\u0131r<\/a><\/p>\n","protected":false},"excerpt":{"rendered":"<p>Konu e-posta ile pazarlama oldu\u011funda iyi bir b\u00fclten \u015fablonu i\u00e7in \u00f6nemli olan baz\u0131 \u015feyler bulunmaktad\u0131r. Ve bu sadece estetikle s\u0131n\u0131rl\u0131 de\u011fildir: okuyucuyu ikna etmek ve niyetli olanlar\u0131 harekete ge\u00e7irmek i\u00e7in a\u00e7\u0131k, k\u00fc\u00e7\u00fck boyutlu ve ki\u015fiselle\u015ftirilmi\u015f tasar\u0131m gereklidir &#8211; yani en y\u00fcksek verimi elde etmek i\u00e7in e-postan\u0131z bir haber mesaj\u0131 ya da ticari bir \u00f6neri olmal\u0131d\u0131r. [&hellip;]<\/p>\n","protected":false},"author":1,"featured_media":0,"parent":0,"menu_order":0,"comment_status":"closed","ping_status":"closed","template":"g1_template_page_sidebar_right.php","meta":{"inline_featured_image":false,"_monsterinsights_skip_tracking":false,"_monsterinsights_sitenote_active":false,"_monsterinsights_sitenote_note":"","_monsterinsights_sitenote_category":0,"footnotes":""},"class_list":["post-4340","page","type-page","status-publish"],"yoast_head":"<!-- This site is optimized with the Yoast SEO plugin v25.2 - https:\/\/yoast.com\/wordpress\/plugins\/seo\/ -->\n<title>E-posta b\u00fclten \u015fablonu: nas\u0131l yap\u0131l\u0131r - Newsletter Creator<\/title>\n<meta name=\"robots\" content=\"index, follow, max-snippet:-1, max-image-preview:large, max-video-preview:-1\" \/>\n<link rel=\"canonical\" href=\"https:\/\/www.newslettercreator.com\/tr\/e-posta-buelten-sablonu-nasil-yapilir\/\" \/>\n<meta property=\"og:locale\" content=\"tr_TR\" \/>\n<meta property=\"og:type\" content=\"article\" \/>\n<meta property=\"og:title\" content=\"E-posta b\u00fclten \u015fablonu: nas\u0131l yap\u0131l\u0131r - Newsletter Creator\" \/>\n<meta property=\"og:description\" content=\"Konu e-posta ile pazarlama oldu\u011funda iyi bir b\u00fclten \u015fablonu i\u00e7in \u00f6nemli olan baz\u0131 \u015feyler bulunmaktad\u0131r. Ve bu sadece estetikle s\u0131n\u0131rl\u0131 de\u011fildir: okuyucuyu ikna etmek ve niyetli olanlar\u0131 harekete ge\u00e7irmek i\u00e7in a\u00e7\u0131k, k\u00fc\u00e7\u00fck boyutlu ve ki\u015fiselle\u015ftirilmi\u015f tasar\u0131m gereklidir &#8211; yani en y\u00fcksek verimi elde etmek i\u00e7in e-postan\u0131z bir haber mesaj\u0131 ya da ticari bir \u00f6neri olmal\u0131d\u0131r. [&hellip;]\" \/>\n<meta property=\"og:url\" content=\"https:\/\/www.newslettercreator.com\/tr\/e-posta-buelten-sablonu-nasil-yapilir\/\" \/>\n<meta property=\"og:site_name\" content=\"Newsletter Creator\" \/>\n<meta property=\"og:image\" content=\"http:\/\/www.newslettercreator.com\/wp-content\/uploads\/2014\/02\/email-newsletter-template-how-to.jpg\" \/>\n<meta name=\"twitter:label1\" content=\"Est. reading time\" \/>\n\t<meta name=\"twitter:data1\" content=\"2 minutes\" \/>\n<script type=\"application\/ld+json\" class=\"yoast-schema-graph\">{\"@context\":\"https:\/\/schema.org\",\"@graph\":[{\"@type\":\"WebPage\",\"@id\":\"https:\/\/www.newslettercreator.com\/tr\/e-posta-buelten-sablonu-nasil-yapilir\/\",\"url\":\"https:\/\/www.newslettercreator.com\/tr\/e-posta-buelten-sablonu-nasil-yapilir\/\",\"name\":\"E-posta b\u00fclten \u015fablonu: nas\u0131l yap\u0131l\u0131r - Newsletter Creator\",\"isPartOf\":{\"@id\":\"https:\/\/www.newslettercreator.com\/#website\"},\"primaryImageOfPage\":{\"@id\":\"https:\/\/www.newslettercreator.com\/tr\/e-posta-buelten-sablonu-nasil-yapilir\/#primaryimage\"},\"image\":{\"@id\":\"https:\/\/www.newslettercreator.com\/tr\/e-posta-buelten-sablonu-nasil-yapilir\/#primaryimage\"},\"thumbnailUrl\":\"http:\/\/www.newslettercreator.com\/wp-content\/uploads\/2014\/02\/email-newsletter-template-how-to.jpg\",\"datePublished\":\"2016-02-08T13:57:49+00:00\",\"breadcrumb\":{\"@id\":\"https:\/\/www.newslettercreator.com\/tr\/e-posta-buelten-sablonu-nasil-yapilir\/#breadcrumb\"},\"inLanguage\":\"tr\",\"potentialAction\":[{\"@type\":\"ReadAction\",\"target\":[\"https:\/\/www.newslettercreator.com\/tr\/e-posta-buelten-sablonu-nasil-yapilir\/\"]}]},{\"@type\":\"ImageObject\",\"inLanguage\":\"tr\",\"@id\":\"https:\/\/www.newslettercreator.com\/tr\/e-posta-buelten-sablonu-nasil-yapilir\/#primaryimage\",\"url\":\"http:\/\/www.newslettercreator.com\/wp-content\/uploads\/2014\/02\/email-newsletter-template-how-to.jpg\",\"contentUrl\":\"http:\/\/www.newslettercreator.com\/wp-content\/uploads\/2014\/02\/email-newsletter-template-how-to.jpg\"},{\"@type\":\"BreadcrumbList\",\"@id\":\"https:\/\/www.newslettercreator.com\/tr\/e-posta-buelten-sablonu-nasil-yapilir\/#breadcrumb\",\"itemListElement\":[{\"@type\":\"ListItem\",\"position\":1,\"name\":\"Home\",\"item\":\"https:\/\/www.newslettercreator.com\/tr\/\"},{\"@type\":\"ListItem\",\"position\":2,\"name\":\"E-posta b\u00fclten \u015fablonu: nas\u0131l yap\u0131l\u0131r\"}]},{\"@type\":\"WebSite\",\"@id\":\"https:\/\/www.newslettercreator.com\/#website\",\"url\":\"https:\/\/www.newslettercreator.com\/\",\"name\":\"Newsletter Creator\",\"description\":\"Pay off\",\"potentialAction\":[{\"@type\":\"SearchAction\",\"target\":{\"@type\":\"EntryPoint\",\"urlTemplate\":\"https:\/\/www.newslettercreator.com\/?s={search_term_string}\"},\"query-input\":{\"@type\":\"PropertyValueSpecification\",\"valueRequired\":true,\"valueName\":\"search_term_string\"}}],\"inLanguage\":\"tr\"}]}<\/script>\n<!-- \/ Yoast SEO plugin. -->","yoast_head_json":{"title":"E-posta b\u00fclten \u015fablonu: nas\u0131l yap\u0131l\u0131r - Newsletter Creator","robots":{"index":"index","follow":"follow","max-snippet":"max-snippet:-1","max-image-preview":"max-image-preview:large","max-video-preview":"max-video-preview:-1"},"canonical":"https:\/\/www.newslettercreator.com\/tr\/e-posta-buelten-sablonu-nasil-yapilir\/","og_locale":"tr_TR","og_type":"article","og_title":"E-posta b\u00fclten \u015fablonu: nas\u0131l yap\u0131l\u0131r - Newsletter Creator","og_description":"Konu e-posta ile pazarlama oldu\u011funda iyi bir b\u00fclten \u015fablonu i\u00e7in \u00f6nemli olan baz\u0131 \u015feyler bulunmaktad\u0131r. Ve bu sadece estetikle s\u0131n\u0131rl\u0131 de\u011fildir: okuyucuyu ikna etmek ve niyetli olanlar\u0131 harekete ge\u00e7irmek i\u00e7in a\u00e7\u0131k, k\u00fc\u00e7\u00fck boyutlu ve ki\u015fiselle\u015ftirilmi\u015f tasar\u0131m gereklidir &#8211; yani en y\u00fcksek verimi elde etmek i\u00e7in e-postan\u0131z bir haber mesaj\u0131 ya da ticari bir \u00f6neri olmal\u0131d\u0131r. [&hellip;]","og_url":"https:\/\/www.newslettercreator.com\/tr\/e-posta-buelten-sablonu-nasil-yapilir\/","og_site_name":"Newsletter Creator","og_image":[{"url":"http:\/\/www.newslettercreator.com\/wp-content\/uploads\/2014\/02\/email-newsletter-template-how-to.jpg","type":"","width":"","height":""}],"twitter_misc":{"Est. reading time":"2 minutes"},"schema":{"@context":"https:\/\/schema.org","@graph":[{"@type":"WebPage","@id":"https:\/\/www.newslettercreator.com\/tr\/e-posta-buelten-sablonu-nasil-yapilir\/","url":"https:\/\/www.newslettercreator.com\/tr\/e-posta-buelten-sablonu-nasil-yapilir\/","name":"E-posta b\u00fclten \u015fablonu: nas\u0131l yap\u0131l\u0131r - Newsletter Creator","isPartOf":{"@id":"https:\/\/www.newslettercreator.com\/#website"},"primaryImageOfPage":{"@id":"https:\/\/www.newslettercreator.com\/tr\/e-posta-buelten-sablonu-nasil-yapilir\/#primaryimage"},"image":{"@id":"https:\/\/www.newslettercreator.com\/tr\/e-posta-buelten-sablonu-nasil-yapilir\/#primaryimage"},"thumbnailUrl":"http:\/\/www.newslettercreator.com\/wp-content\/uploads\/2014\/02\/email-newsletter-template-how-to.jpg","datePublished":"2016-02-08T13:57:49+00:00","breadcrumb":{"@id":"https:\/\/www.newslettercreator.com\/tr\/e-posta-buelten-sablonu-nasil-yapilir\/#breadcrumb"},"inLanguage":"tr","potentialAction":[{"@type":"ReadAction","target":["https:\/\/www.newslettercreator.com\/tr\/e-posta-buelten-sablonu-nasil-yapilir\/"]}]},{"@type":"ImageObject","inLanguage":"tr","@id":"https:\/\/www.newslettercreator.com\/tr\/e-posta-buelten-sablonu-nasil-yapilir\/#primaryimage","url":"http:\/\/www.newslettercreator.com\/wp-content\/uploads\/2014\/02\/email-newsletter-template-how-to.jpg","contentUrl":"http:\/\/www.newslettercreator.com\/wp-content\/uploads\/2014\/02\/email-newsletter-template-how-to.jpg"},{"@type":"BreadcrumbList","@id":"https:\/\/www.newslettercreator.com\/tr\/e-posta-buelten-sablonu-nasil-yapilir\/#breadcrumb","itemListElement":[{"@type":"ListItem","position":1,"name":"Home","item":"https:\/\/www.newslettercreator.com\/tr\/"},{"@type":"ListItem","position":2,"name":"E-posta b\u00fclten \u015fablonu: nas\u0131l yap\u0131l\u0131r"}]},{"@type":"WebSite","@id":"https:\/\/www.newslettercreator.com\/#website","url":"https:\/\/www.newslettercreator.com\/","name":"Newsletter Creator","description":"Pay off","potentialAction":[{"@type":"SearchAction","target":{"@type":"EntryPoint","urlTemplate":"https:\/\/www.newslettercreator.com\/?s={search_term_string}"},"query-input":{"@type":"PropertyValueSpecification","valueRequired":true,"valueName":"search_term_string"}}],"inLanguage":"tr"}]}},"_links":{"self":[{"href":"https:\/\/www.newslettercreator.com\/tr\/wp-json\/wp\/v2\/pages\/4340","targetHints":{"allow":["GET"]}}],"collection":[{"href":"https:\/\/www.newslettercreator.com\/tr\/wp-json\/wp\/v2\/pages"}],"about":[{"href":"https:\/\/www.newslettercreator.com\/tr\/wp-json\/wp\/v2\/types\/page"}],"author":[{"embeddable":true,"href":"https:\/\/www.newslettercreator.com\/tr\/wp-json\/wp\/v2\/users\/1"}],"replies":[{"embeddable":true,"href":"https:\/\/www.newslettercreator.com\/tr\/wp-json\/wp\/v2\/comments?post=4340"}],"version-history":[{"count":1,"href":"https:\/\/www.newslettercreator.com\/tr\/wp-json\/wp\/v2\/pages\/4340\/revisions"}],"predecessor-version":[{"id":4341,"href":"https:\/\/www.newslettercreator.com\/tr\/wp-json\/wp\/v2\/pages\/4340\/revisions\/4341"}],"wp:attachment":[{"href":"https:\/\/www.newslettercreator.com\/tr\/wp-json\/wp\/v2\/media?parent=4340"}],"curies":[{"name":"wp","href":"https:\/\/api.w.org\/{rel}","templated":true}]}}