{"id":4349,"date":"2016-02-08T14:26:01","date_gmt":"2016-02-08T14:26:01","guid":{"rendered":"http:\/\/www.newslettercreator.com\/tr\/?page_id=4349"},"modified":"2016-02-08T14:26:01","modified_gmt":"2016-02-08T14:26:01","slug":"litmus-e-posta-testi-yani-nedir","status":"publish","type":"page","link":"https:\/\/www.newslettercreator.com\/tr\/litmus-e-posta-testi-yani-nedir\/","title":{"rendered":"Litmus e-posta testi: yani nedir?"},"content":{"rendered":"<p><img decoding=\"async\" width=\"584\" height=\"239\" src=\"http:\/\/www.newslettercreator.com\/wp-content\/uploads\/2015\/02\/litmus.jpg\" alt=\"Litmus e-posta testi: yani nedir?\"><\/p>\n<p>Konu e-posta testi ise, Litmus piyasadaki en g\u00fcvenilir ara\u00e7t\u0131r. K\u0131saca, <a title=\"litmus\" href=\"https:\/\/litmus.com\/email-testing\">Litmus<\/a> e-posta testi b\u00fclteninizin \u00e7e\u015fitli e-posta istemcilerinde ve web e-posta sistemlerinde \u00f6n izlemesini sunar ve kampanya tasar\u0131m\u0131n\u0131z\u0131n her yerde <strong>do\u011fru \u015fekilde<\/strong> g\u00f6r\u00fcnt\u00fclendi\u011fini teyit eder.<\/p>\n<h3>Ancak bir ya da daha fazla cihaz \u00fczerinde do\u011fru g\u00f6r\u00fcnt\u00fclenemedi\u011fini fark ettikten sonra ne yapars\u0131n\u0131z?<\/h3>\n<p>Asl\u0131nda Litmus size de\u011ferli bir analiz sunar ama bu sorunun cevab\u0131n\u0131 vermez.<br \/>\n\u015eans\u0131n\u0131za, <strong>art\u0131k bir cevap da var: MailStyler<\/strong>.<\/p>\n<p>G\u00fc\u00e7l\u00fc b\u00fclten olu\u015fturma arac\u0131m\u0131z size saniyeler i\u00e7inde bir dizi s\u00fcr\u00fckle-b\u0131rak ile ve hi\u00e7 kod yazmadan ola\u011fan\u00fcst\u00fc \u015fablonlar olu\u015fturma imk\u00e2n\u0131 sunar. Ama bundan da \u00f6nemlisi, MailStyler ile \u00fcretilen t\u00fcm b\u00fcltenler m\u00fc\u015fterileriniz onlar\u0131, mobil uygulamalar da d\u00e2hil olmak \u00fczere, nerede a\u00e7arsa a\u00e7s\u0131n, <strong>tam olarak ayn\u0131 \u015fekilde g\u00f6r\u00fcnecektir<\/strong>.<\/p>\n<p>Neden? \u00c7\u00fcnk\u00fc MailStyler ile bir \u015fablonu d\u00fczenlemek i\u00e7in kulland\u0131\u011f\u0131n\u0131z t\u00fcm haz\u0131r bloklar uzman e-posta tasar\u0131mc\u0131lar\u0131 taraf\u0131ndan <strong>en iyi ve en temiz HTML yap\u0131s\u0131n\u0131<\/strong> elde etmek ve m\u00fckemmel okunurlu\u011fa ula\u015fmak i\u00e7in dikkatle yap\u0131land\u0131r\u0131lm\u0131\u015ft\u0131r.<\/p>\n<p>Bunu teyit etmek i\u00e7in yaz\u0131l\u0131m\u0131m\u0131zla olu\u015fturulmu\u015f bir b\u00fclteni do\u011frudan Litmus testine sokabilirsiniz. Ard\u0131ndan bundan b\u00f6yle ba\u015fka teste ihtiyac\u0131n\u0131z olmad\u0131\u011f\u0131n\u0131 g\u00f6rebilirsiniz.<\/p>\n<p>&nbsp;<\/p>\n<p style=\"text-align: center;\"><a class=\"button large orange\" style=\"margin-top: 20px; width: 157px; margin-right: 30px;\" title=\"\u00dccretsiz Versiyonu \u0130ndir \" href=\"http:\/\/www.newslettercreator.com\/ucretsiz-deneyin\/\" target=\"_self\">DEMO VERS\u0130YONU \u0130ND\u0130R<\/a><a class=\"button large darkgray\" style=\"margin-top: 20px; width: 157px;\" title=\"Mailstyler Pro Satin Alin\" href=\"http:\/\/www.newslettercreator.com\/ucretlendirme\/\" target=\"_self\">MAILSTYLER PRO SATIN ALIN<\/a><\/p>\n<p style=\"text-align: center; font-size: 11px; margin-bottom: 5px;\">Enson s\u00fcr\u00fcm: 2.24.01.17 | Yay\u0131n tarihi: 17\/01\/2024 | Boyut: 114.9 MB<br \/>\n<a href=\"http:\/\/www.newslettercreator.com\/license-agreement\/\" target=\"_blank\">Lisans s\u00f6zle\u015fmesi<\/a> | <a href=\"http:\/\/www.newslettercreator.com\/how-to-uninstall\/\" target=\"_blank\">Nas\u0131l kald\u0131r\u0131l\u0131r<\/a><\/p>\n","protected":false},"excerpt":{"rendered":"<p>Konu e-posta testi ise, Litmus piyasadaki en g\u00fcvenilir ara\u00e7t\u0131r. K\u0131saca, Litmus e-posta testi b\u00fclteninizin \u00e7e\u015fitli e-posta istemcilerinde ve web e-posta sistemlerinde \u00f6n izlemesini sunar ve kampanya tasar\u0131m\u0131n\u0131z\u0131n her yerde do\u011fru \u015fekilde g\u00f6r\u00fcnt\u00fclendi\u011fini teyit eder. Ancak bir ya da daha fazla cihaz \u00fczerinde do\u011fru g\u00f6r\u00fcnt\u00fclenemedi\u011fini fark ettikten sonra ne yapars\u0131n\u0131z? Asl\u0131nda Litmus size de\u011ferli bir analiz [&hellip;]<\/p>\n","protected":false},"author":1,"featured_media":0,"parent":0,"menu_order":0,"comment_status":"closed","ping_status":"closed","template":"g1_template_page_sidebar_right.php","meta":{"inline_featured_image":false,"_monsterinsights_skip_tracking":false,"_monsterinsights_sitenote_active":false,"_monsterinsights_sitenote_note":"","_monsterinsights_sitenote_category":0,"footnotes":""},"class_list":["post-4349","page","type-page","status-publish"],"yoast_head":"<!-- This site is optimized with the Yoast SEO plugin v25.2 - https:\/\/yoast.com\/wordpress\/plugins\/seo\/ -->\n<title>Litmus e-posta testi: yani nedir? - Newsletter Creator<\/title>\n<meta name=\"robots\" content=\"index, follow, max-snippet:-1, max-image-preview:large, max-video-preview:-1\" \/>\n<link rel=\"canonical\" href=\"https:\/\/www.newslettercreator.com\/tr\/litmus-e-posta-testi-yani-nedir\/\" \/>\n<meta property=\"og:locale\" content=\"tr_TR\" \/>\n<meta property=\"og:type\" content=\"article\" \/>\n<meta property=\"og:title\" content=\"Litmus e-posta testi: yani nedir? - Newsletter Creator\" \/>\n<meta property=\"og:description\" content=\"Konu e-posta testi ise, Litmus piyasadaki en g\u00fcvenilir ara\u00e7t\u0131r. K\u0131saca, Litmus e-posta testi b\u00fclteninizin \u00e7e\u015fitli e-posta istemcilerinde ve web e-posta sistemlerinde \u00f6n izlemesini sunar ve kampanya tasar\u0131m\u0131n\u0131z\u0131n her yerde do\u011fru \u015fekilde g\u00f6r\u00fcnt\u00fclendi\u011fini teyit eder. Ancak bir ya da daha fazla cihaz \u00fczerinde do\u011fru g\u00f6r\u00fcnt\u00fclenemedi\u011fini fark ettikten sonra ne yapars\u0131n\u0131z? Asl\u0131nda Litmus size de\u011ferli bir analiz [&hellip;]\" \/>\n<meta property=\"og:url\" content=\"https:\/\/www.newslettercreator.com\/tr\/litmus-e-posta-testi-yani-nedir\/\" \/>\n<meta property=\"og:site_name\" content=\"Newsletter Creator\" \/>\n<meta property=\"og:image\" content=\"http:\/\/www.newslettercreator.com\/wp-content\/uploads\/2015\/02\/litmus.jpg\" \/>\n<meta name=\"twitter:label1\" content=\"Est. reading time\" \/>\n\t<meta name=\"twitter:data1\" content=\"1 minute\" \/>\n<script type=\"application\/ld+json\" class=\"yoast-schema-graph\">{\"@context\":\"https:\/\/schema.org\",\"@graph\":[{\"@type\":\"WebPage\",\"@id\":\"https:\/\/www.newslettercreator.com\/tr\/litmus-e-posta-testi-yani-nedir\/\",\"url\":\"https:\/\/www.newslettercreator.com\/tr\/litmus-e-posta-testi-yani-nedir\/\",\"name\":\"Litmus e-posta testi: yani nedir? - Newsletter Creator\",\"isPartOf\":{\"@id\":\"https:\/\/www.newslettercreator.com\/#website\"},\"primaryImageOfPage\":{\"@id\":\"https:\/\/www.newslettercreator.com\/tr\/litmus-e-posta-testi-yani-nedir\/#primaryimage\"},\"image\":{\"@id\":\"https:\/\/www.newslettercreator.com\/tr\/litmus-e-posta-testi-yani-nedir\/#primaryimage\"},\"thumbnailUrl\":\"http:\/\/www.newslettercreator.com\/wp-content\/uploads\/2015\/02\/litmus.jpg\",\"datePublished\":\"2016-02-08T14:26:01+00:00\",\"breadcrumb\":{\"@id\":\"https:\/\/www.newslettercreator.com\/tr\/litmus-e-posta-testi-yani-nedir\/#breadcrumb\"},\"inLanguage\":\"tr\",\"potentialAction\":[{\"@type\":\"ReadAction\",\"target\":[\"https:\/\/www.newslettercreator.com\/tr\/litmus-e-posta-testi-yani-nedir\/\"]}]},{\"@type\":\"ImageObject\",\"inLanguage\":\"tr\",\"@id\":\"https:\/\/www.newslettercreator.com\/tr\/litmus-e-posta-testi-yani-nedir\/#primaryimage\",\"url\":\"http:\/\/www.newslettercreator.com\/wp-content\/uploads\/2015\/02\/litmus.jpg\",\"contentUrl\":\"http:\/\/www.newslettercreator.com\/wp-content\/uploads\/2015\/02\/litmus.jpg\"},{\"@type\":\"BreadcrumbList\",\"@id\":\"https:\/\/www.newslettercreator.com\/tr\/litmus-e-posta-testi-yani-nedir\/#breadcrumb\",\"itemListElement\":[{\"@type\":\"ListItem\",\"position\":1,\"name\":\"Home\",\"item\":\"https:\/\/www.newslettercreator.com\/tr\/\"},{\"@type\":\"ListItem\",\"position\":2,\"name\":\"Litmus e-posta testi: yani nedir?\"}]},{\"@type\":\"WebSite\",\"@id\":\"https:\/\/www.newslettercreator.com\/#website\",\"url\":\"https:\/\/www.newslettercreator.com\/\",\"name\":\"Newsletter Creator\",\"description\":\"Pay off\",\"potentialAction\":[{\"@type\":\"SearchAction\",\"target\":{\"@type\":\"EntryPoint\",\"urlTemplate\":\"https:\/\/www.newslettercreator.com\/?s={search_term_string}\"},\"query-input\":{\"@type\":\"PropertyValueSpecification\",\"valueRequired\":true,\"valueName\":\"search_term_string\"}}],\"inLanguage\":\"tr\"}]}<\/script>\n<!-- \/ Yoast SEO plugin. -->","yoast_head_json":{"title":"Litmus e-posta testi: yani nedir? - Newsletter Creator","robots":{"index":"index","follow":"follow","max-snippet":"max-snippet:-1","max-image-preview":"max-image-preview:large","max-video-preview":"max-video-preview:-1"},"canonical":"https:\/\/www.newslettercreator.com\/tr\/litmus-e-posta-testi-yani-nedir\/","og_locale":"tr_TR","og_type":"article","og_title":"Litmus e-posta testi: yani nedir? - Newsletter Creator","og_description":"Konu e-posta testi ise, Litmus piyasadaki en g\u00fcvenilir ara\u00e7t\u0131r. K\u0131saca, Litmus e-posta testi b\u00fclteninizin \u00e7e\u015fitli e-posta istemcilerinde ve web e-posta sistemlerinde \u00f6n izlemesini sunar ve kampanya tasar\u0131m\u0131n\u0131z\u0131n her yerde do\u011fru \u015fekilde g\u00f6r\u00fcnt\u00fclendi\u011fini teyit eder. Ancak bir ya da daha fazla cihaz \u00fczerinde do\u011fru g\u00f6r\u00fcnt\u00fclenemedi\u011fini fark ettikten sonra ne yapars\u0131n\u0131z? Asl\u0131nda Litmus size de\u011ferli bir analiz [&hellip;]","og_url":"https:\/\/www.newslettercreator.com\/tr\/litmus-e-posta-testi-yani-nedir\/","og_site_name":"Newsletter Creator","og_image":[{"url":"http:\/\/www.newslettercreator.com\/wp-content\/uploads\/2015\/02\/litmus.jpg","type":"","width":"","height":""}],"twitter_misc":{"Est. reading time":"1 minute"},"schema":{"@context":"https:\/\/schema.org","@graph":[{"@type":"WebPage","@id":"https:\/\/www.newslettercreator.com\/tr\/litmus-e-posta-testi-yani-nedir\/","url":"https:\/\/www.newslettercreator.com\/tr\/litmus-e-posta-testi-yani-nedir\/","name":"Litmus e-posta testi: yani nedir? - Newsletter Creator","isPartOf":{"@id":"https:\/\/www.newslettercreator.com\/#website"},"primaryImageOfPage":{"@id":"https:\/\/www.newslettercreator.com\/tr\/litmus-e-posta-testi-yani-nedir\/#primaryimage"},"image":{"@id":"https:\/\/www.newslettercreator.com\/tr\/litmus-e-posta-testi-yani-nedir\/#primaryimage"},"thumbnailUrl":"http:\/\/www.newslettercreator.com\/wp-content\/uploads\/2015\/02\/litmus.jpg","datePublished":"2016-02-08T14:26:01+00:00","breadcrumb":{"@id":"https:\/\/www.newslettercreator.com\/tr\/litmus-e-posta-testi-yani-nedir\/#breadcrumb"},"inLanguage":"tr","potentialAction":[{"@type":"ReadAction","target":["https:\/\/www.newslettercreator.com\/tr\/litmus-e-posta-testi-yani-nedir\/"]}]},{"@type":"ImageObject","inLanguage":"tr","@id":"https:\/\/www.newslettercreator.com\/tr\/litmus-e-posta-testi-yani-nedir\/#primaryimage","url":"http:\/\/www.newslettercreator.com\/wp-content\/uploads\/2015\/02\/litmus.jpg","contentUrl":"http:\/\/www.newslettercreator.com\/wp-content\/uploads\/2015\/02\/litmus.jpg"},{"@type":"BreadcrumbList","@id":"https:\/\/www.newslettercreator.com\/tr\/litmus-e-posta-testi-yani-nedir\/#breadcrumb","itemListElement":[{"@type":"ListItem","position":1,"name":"Home","item":"https:\/\/www.newslettercreator.com\/tr\/"},{"@type":"ListItem","position":2,"name":"Litmus e-posta testi: yani nedir?"}]},{"@type":"WebSite","@id":"https:\/\/www.newslettercreator.com\/#website","url":"https:\/\/www.newslettercreator.com\/","name":"Newsletter Creator","description":"Pay off","potentialAction":[{"@type":"SearchAction","target":{"@type":"EntryPoint","urlTemplate":"https:\/\/www.newslettercreator.com\/?s={search_term_string}"},"query-input":{"@type":"PropertyValueSpecification","valueRequired":true,"valueName":"search_term_string"}}],"inLanguage":"tr"}]}},"_links":{"self":[{"href":"https:\/\/www.newslettercreator.com\/tr\/wp-json\/wp\/v2\/pages\/4349","targetHints":{"allow":["GET"]}}],"collection":[{"href":"https:\/\/www.newslettercreator.com\/tr\/wp-json\/wp\/v2\/pages"}],"about":[{"href":"https:\/\/www.newslettercreator.com\/tr\/wp-json\/wp\/v2\/types\/page"}],"author":[{"embeddable":true,"href":"https:\/\/www.newslettercreator.com\/tr\/wp-json\/wp\/v2\/users\/1"}],"replies":[{"embeddable":true,"href":"https:\/\/www.newslettercreator.com\/tr\/wp-json\/wp\/v2\/comments?post=4349"}],"version-history":[{"count":1,"href":"https:\/\/www.newslettercreator.com\/tr\/wp-json\/wp\/v2\/pages\/4349\/revisions"}],"predecessor-version":[{"id":4350,"href":"https:\/\/www.newslettercreator.com\/tr\/wp-json\/wp\/v2\/pages\/4349\/revisions\/4350"}],"wp:attachment":[{"href":"https:\/\/www.newslettercreator.com\/tr\/wp-json\/wp\/v2\/media?parent=4349"}],"curies":[{"name":"wp","href":"https:\/\/api.w.org\/{rel}","templated":true}]}}