{"id":4363,"date":"2016-02-08T15:10:43","date_gmt":"2016-02-08T15:10:43","guid":{"rendered":"http:\/\/www.newslettercreator.com\/tr\/?page_id=4363"},"modified":"2016-02-08T15:10:43","modified_gmt":"2016-02-08T15:10:43","slug":"bir-html-buelteni-nasil-olusturulur","status":"publish","type":"page","link":"https:\/\/www.newslettercreator.com\/tr\/bir-html-buelteni-nasil-olusturulur\/","title":{"rendered":"Bir HTML b\u00fclteni nas\u0131l olu\u015fturulur"},"content":{"rendered":"<p><img decoding=\"async\" class=\"alignnone size-full wp-image-237\" src=\"http:\/\/www.newslettercreator.com\/wp-content\/uploads\/2014\/02\/free-email-newsletter-template.jpg\" alt=\"Bir HTML b\u00fclteni nas\u0131l olu\u015fturulur\" width=\"649\" height=\"423\" \/><\/p>\n<p><strong>Bir HTML b\u00fclteni olu\u015fturmak<\/strong> \u00e7ok zor olabilir: sadece ola\u011fan\u00fcst\u00fc yarat\u0131c\u0131 beceriler gerektirmez, ayn\u0131 zamanda b\u00fclten i\u00e7in kullan\u0131lan HTML normal web tasar\u0131m\u0131ndan farkl\u0131l\u0131k g\u00f6steren \u00f6zelliklere ve uygulamalara sahiptir.<\/p>\n<p>\u00d6rne\u011fin, m\u00fcmk\u00fcn oldu\u011funca &lt;div&gt; etiketinden ka\u00e7\u0131nmak ve her ne kadar bir internet sitesi kurmak i\u00e7in giderek daha az kullan\u0131lsa da <strong>tablolar kullanmak<\/strong> tavsiye edilir &#8211; \u00e7\u00fcnk\u00fc tablolar hala e-postan\u0131z i\u00e7in <strong>iyi bir bilgi ak\u0131\u015f\u0131n\u0131<\/strong> garanti etmenin en iyi yoludur.<\/p>\n<p>Ya sorunsuz bir \u015fekilde <strong>uygun bir HTML b\u00fclteni <\/strong>olu\u015fturmak istiyorsan\u0131z ve kodlama bilmiyorsan\u0131z? Temel olarak \u00fc\u00e7 se\u00e7enek vard\u0131r: bir <strong>web tasar\u0131mc\u0131s\u0131 tutabilirsiniz<\/strong> (ama bu pahal\u0131 olabilir); \u00f6nceden tasarlanm\u0131\u015f \u015fablonlar alabilirsiniz (ama bunlar \u00e7ok genel olacaklard\u0131r); ya da <strong><a href=\"http:\/\/www.newslettercreator.com\/tr\/ucretlendirme\/\" title=\"MailStyler \u00dccretlendirme\">MailStyler<\/a><\/strong> gibi <strong>ger\u00e7ekten profesyonel bir b\u00fclten olu\u015fturma arac\u0131<\/strong> kullanabilirsiniz.<\/p>\n<p>A\u015fa\u011f\u0131daki nedenlerden dolay\u0131 son se\u00e7enek en iyi se\u00e7enektir.<\/p>\n<p>MailStyler ile sadece bo\u015f bir sayfaya \u00f6nceden tasarlanm\u0131\u015f \u00f6\u011feleri t\u0131pk\u0131 bir duvar\u0131 tu\u011flalarla \u00f6rer gibi s\u00fcr\u00fckleyip b\u0131rakarak <strong>ger\u00e7ekten saniyeler i\u00e7inde<\/strong> istedi\u011finiz kadar b\u00fclten olu\u015fturabilirsiniz. Geni\u015f in\u015fa blo\u011fu se\u00e7enekleri (s\u00fctunlar, resim kutular\u0131, metin kutular\u0131, alt ba\u015fl\u0131klar, \u00fcst ba\u015fl\u0131klar&#8230;) yarat\u0131c\u0131l\u0131k se\u00e7eneklerinizi geni\u015fletecek ve sizin <strong>ger\u00e7ekten ki\u015fisel ve benzersiz bir \u015fablon<\/strong> yaratman\u0131z\u0131 sa\u011flayacakt\u0131r. T\u00fcm bunlar kodlama bilmeden &#8211; hatta kodun ne oldu\u011funu bile bilmeden olur.<\/p>\n<p>Asl\u0131nda, \u00f6nceden haz\u0131rlanm\u0131\u015f bloklar\u0131m\u0131z profesyonel tasar\u0131mc\u0131lar taraf\u0131ndan <strong>m\u00fckemmel HTML<\/strong> ile olu\u015fturulmu\u015ftur b\u00f6ylece istedi\u011finiz gibi d\u00fczenleyebilir ve t\u00fcm e-posta istemcilerinde <strong>m\u00fckemmel \u015fekilde okunabilen<\/strong> bir b\u00fclten olu\u015fturabilirsiniz. Yani: siz yarat\u0131c\u0131l\u0131kla ilgilenip arzu etti\u011finiz e-postay\u0131 yarat\u0131rken biz de s\u0131k\u0131c\u0131 olan kodlama k\u0131sm\u0131n\u0131 halletmi\u015f oluruz.<\/p>\n<p>&nbsp;<\/p>\n<p style=\"text-align: center;\"><a class=\"button large orange\" style=\"margin-top: 20px; width: 157px; margin-right: 30px;\" title=\"\u00dccretsiz Versiyonu \u0130ndir \" href=\"http:\/\/www.newslettercreator.com\/ucretsiz-deneyin\/\" target=\"_self\">DEMO VERS\u0130YONU \u0130ND\u0130R<\/a><a class=\"button large darkgray\" style=\"margin-top: 20px; width: 157px;\" title=\"Mailstyler Pro Satin Alin\" href=\"http:\/\/www.newslettercreator.com\/ucretlendirme\/\" target=\"_self\">MAILSTYLER PRO SATIN ALIN<\/a><\/p>\n<p style=\"text-align: center; font-size: 11px; margin-bottom: 5px;\">Enson s\u00fcr\u00fcm: 2.24.01.17 | Yay\u0131n tarihi: 17\/01\/2024 | Boyut: 114.9 MB<br \/>\n<a href=\"http:\/\/www.newslettercreator.com\/license-agreement\/\" target=\"_blank\">Lisans s\u00f6zle\u015fmesi<\/a> | <a href=\"http:\/\/www.newslettercreator.com\/how-to-uninstall\/\" target=\"_blank\">Nas\u0131l kald\u0131r\u0131l\u0131r<\/a><\/p>\n","protected":false},"excerpt":{"rendered":"<p>Bir HTML b\u00fclteni olu\u015fturmak \u00e7ok zor olabilir: sadece ola\u011fan\u00fcst\u00fc yarat\u0131c\u0131 beceriler gerektirmez, ayn\u0131 zamanda b\u00fclten i\u00e7in kullan\u0131lan HTML normal web tasar\u0131m\u0131ndan farkl\u0131l\u0131k g\u00f6steren \u00f6zelliklere ve uygulamalara sahiptir. \u00d6rne\u011fin, m\u00fcmk\u00fcn oldu\u011funca &lt;div&gt; etiketinden ka\u00e7\u0131nmak ve her ne kadar bir internet sitesi kurmak i\u00e7in giderek daha az kullan\u0131lsa da tablolar kullanmak tavsiye edilir &#8211; \u00e7\u00fcnk\u00fc tablolar hala [&hellip;]<\/p>\n","protected":false},"author":1,"featured_media":0,"parent":0,"menu_order":0,"comment_status":"closed","ping_status":"closed","template":"g1_template_page_sidebar_right.php","meta":{"inline_featured_image":false,"_monsterinsights_skip_tracking":false,"_monsterinsights_sitenote_active":false,"_monsterinsights_sitenote_note":"","_monsterinsights_sitenote_category":0,"footnotes":""},"class_list":["post-4363","page","type-page","status-publish"],"yoast_head":"<!-- This site is optimized with the Yoast SEO plugin v25.2 - https:\/\/yoast.com\/wordpress\/plugins\/seo\/ -->\n<title>Bir HTML b\u00fclteni nas\u0131l olu\u015fturulur - Newsletter Creator<\/title>\n<meta name=\"robots\" content=\"index, follow, max-snippet:-1, max-image-preview:large, max-video-preview:-1\" \/>\n<link rel=\"canonical\" href=\"https:\/\/www.newslettercreator.com\/tr\/bir-html-buelteni-nasil-olusturulur\/\" \/>\n<meta property=\"og:locale\" content=\"tr_TR\" \/>\n<meta property=\"og:type\" content=\"article\" \/>\n<meta property=\"og:title\" content=\"Bir HTML b\u00fclteni nas\u0131l olu\u015fturulur - Newsletter Creator\" \/>\n<meta property=\"og:description\" content=\"Bir HTML b\u00fclteni olu\u015fturmak \u00e7ok zor olabilir: sadece ola\u011fan\u00fcst\u00fc yarat\u0131c\u0131 beceriler gerektirmez, ayn\u0131 zamanda b\u00fclten i\u00e7in kullan\u0131lan HTML normal web tasar\u0131m\u0131ndan farkl\u0131l\u0131k g\u00f6steren \u00f6zelliklere ve uygulamalara sahiptir. \u00d6rne\u011fin, m\u00fcmk\u00fcn oldu\u011funca &lt;div&gt; etiketinden ka\u00e7\u0131nmak ve her ne kadar bir internet sitesi kurmak i\u00e7in giderek daha az kullan\u0131lsa da tablolar kullanmak tavsiye edilir &#8211; \u00e7\u00fcnk\u00fc tablolar hala [&hellip;]\" \/>\n<meta property=\"og:url\" content=\"https:\/\/www.newslettercreator.com\/tr\/bir-html-buelteni-nasil-olusturulur\/\" \/>\n<meta property=\"og:site_name\" content=\"Newsletter Creator\" \/>\n<meta property=\"og:image\" content=\"http:\/\/www.newslettercreator.com\/wp-content\/uploads\/2014\/02\/free-email-newsletter-template.jpg\" \/>\n<meta name=\"twitter:label1\" content=\"Est. reading time\" \/>\n\t<meta name=\"twitter:data1\" content=\"2 minutes\" \/>\n<script type=\"application\/ld+json\" class=\"yoast-schema-graph\">{\"@context\":\"https:\/\/schema.org\",\"@graph\":[{\"@type\":\"WebPage\",\"@id\":\"https:\/\/www.newslettercreator.com\/tr\/bir-html-buelteni-nasil-olusturulur\/\",\"url\":\"https:\/\/www.newslettercreator.com\/tr\/bir-html-buelteni-nasil-olusturulur\/\",\"name\":\"Bir HTML b\u00fclteni nas\u0131l olu\u015fturulur - Newsletter Creator\",\"isPartOf\":{\"@id\":\"https:\/\/www.newslettercreator.com\/#website\"},\"primaryImageOfPage\":{\"@id\":\"https:\/\/www.newslettercreator.com\/tr\/bir-html-buelteni-nasil-olusturulur\/#primaryimage\"},\"image\":{\"@id\":\"https:\/\/www.newslettercreator.com\/tr\/bir-html-buelteni-nasil-olusturulur\/#primaryimage\"},\"thumbnailUrl\":\"http:\/\/www.newslettercreator.com\/wp-content\/uploads\/2014\/02\/free-email-newsletter-template.jpg\",\"datePublished\":\"2016-02-08T15:10:43+00:00\",\"breadcrumb\":{\"@id\":\"https:\/\/www.newslettercreator.com\/tr\/bir-html-buelteni-nasil-olusturulur\/#breadcrumb\"},\"inLanguage\":\"tr\",\"potentialAction\":[{\"@type\":\"ReadAction\",\"target\":[\"https:\/\/www.newslettercreator.com\/tr\/bir-html-buelteni-nasil-olusturulur\/\"]}]},{\"@type\":\"ImageObject\",\"inLanguage\":\"tr\",\"@id\":\"https:\/\/www.newslettercreator.com\/tr\/bir-html-buelteni-nasil-olusturulur\/#primaryimage\",\"url\":\"http:\/\/www.newslettercreator.com\/wp-content\/uploads\/2014\/02\/free-email-newsletter-template.jpg\",\"contentUrl\":\"http:\/\/www.newslettercreator.com\/wp-content\/uploads\/2014\/02\/free-email-newsletter-template.jpg\"},{\"@type\":\"BreadcrumbList\",\"@id\":\"https:\/\/www.newslettercreator.com\/tr\/bir-html-buelteni-nasil-olusturulur\/#breadcrumb\",\"itemListElement\":[{\"@type\":\"ListItem\",\"position\":1,\"name\":\"Home\",\"item\":\"https:\/\/www.newslettercreator.com\/tr\/\"},{\"@type\":\"ListItem\",\"position\":2,\"name\":\"Bir HTML b\u00fclteni nas\u0131l olu\u015fturulur\"}]},{\"@type\":\"WebSite\",\"@id\":\"https:\/\/www.newslettercreator.com\/#website\",\"url\":\"https:\/\/www.newslettercreator.com\/\",\"name\":\"Newsletter Creator\",\"description\":\"Pay off\",\"potentialAction\":[{\"@type\":\"SearchAction\",\"target\":{\"@type\":\"EntryPoint\",\"urlTemplate\":\"https:\/\/www.newslettercreator.com\/?s={search_term_string}\"},\"query-input\":{\"@type\":\"PropertyValueSpecification\",\"valueRequired\":true,\"valueName\":\"search_term_string\"}}],\"inLanguage\":\"tr\"}]}<\/script>\n<!-- \/ Yoast SEO plugin. -->","yoast_head_json":{"title":"Bir HTML b\u00fclteni nas\u0131l olu\u015fturulur - Newsletter Creator","robots":{"index":"index","follow":"follow","max-snippet":"max-snippet:-1","max-image-preview":"max-image-preview:large","max-video-preview":"max-video-preview:-1"},"canonical":"https:\/\/www.newslettercreator.com\/tr\/bir-html-buelteni-nasil-olusturulur\/","og_locale":"tr_TR","og_type":"article","og_title":"Bir HTML b\u00fclteni nas\u0131l olu\u015fturulur - Newsletter Creator","og_description":"Bir HTML b\u00fclteni olu\u015fturmak \u00e7ok zor olabilir: sadece ola\u011fan\u00fcst\u00fc yarat\u0131c\u0131 beceriler gerektirmez, ayn\u0131 zamanda b\u00fclten i\u00e7in kullan\u0131lan HTML normal web tasar\u0131m\u0131ndan farkl\u0131l\u0131k g\u00f6steren \u00f6zelliklere ve uygulamalara sahiptir. \u00d6rne\u011fin, m\u00fcmk\u00fcn oldu\u011funca &lt;div&gt; etiketinden ka\u00e7\u0131nmak ve her ne kadar bir internet sitesi kurmak i\u00e7in giderek daha az kullan\u0131lsa da tablolar kullanmak tavsiye edilir &#8211; \u00e7\u00fcnk\u00fc tablolar hala [&hellip;]","og_url":"https:\/\/www.newslettercreator.com\/tr\/bir-html-buelteni-nasil-olusturulur\/","og_site_name":"Newsletter Creator","og_image":[{"url":"http:\/\/www.newslettercreator.com\/wp-content\/uploads\/2014\/02\/free-email-newsletter-template.jpg","type":"","width":"","height":""}],"twitter_misc":{"Est. reading time":"2 minutes"},"schema":{"@context":"https:\/\/schema.org","@graph":[{"@type":"WebPage","@id":"https:\/\/www.newslettercreator.com\/tr\/bir-html-buelteni-nasil-olusturulur\/","url":"https:\/\/www.newslettercreator.com\/tr\/bir-html-buelteni-nasil-olusturulur\/","name":"Bir HTML b\u00fclteni nas\u0131l olu\u015fturulur - Newsletter Creator","isPartOf":{"@id":"https:\/\/www.newslettercreator.com\/#website"},"primaryImageOfPage":{"@id":"https:\/\/www.newslettercreator.com\/tr\/bir-html-buelteni-nasil-olusturulur\/#primaryimage"},"image":{"@id":"https:\/\/www.newslettercreator.com\/tr\/bir-html-buelteni-nasil-olusturulur\/#primaryimage"},"thumbnailUrl":"http:\/\/www.newslettercreator.com\/wp-content\/uploads\/2014\/02\/free-email-newsletter-template.jpg","datePublished":"2016-02-08T15:10:43+00:00","breadcrumb":{"@id":"https:\/\/www.newslettercreator.com\/tr\/bir-html-buelteni-nasil-olusturulur\/#breadcrumb"},"inLanguage":"tr","potentialAction":[{"@type":"ReadAction","target":["https:\/\/www.newslettercreator.com\/tr\/bir-html-buelteni-nasil-olusturulur\/"]}]},{"@type":"ImageObject","inLanguage":"tr","@id":"https:\/\/www.newslettercreator.com\/tr\/bir-html-buelteni-nasil-olusturulur\/#primaryimage","url":"http:\/\/www.newslettercreator.com\/wp-content\/uploads\/2014\/02\/free-email-newsletter-template.jpg","contentUrl":"http:\/\/www.newslettercreator.com\/wp-content\/uploads\/2014\/02\/free-email-newsletter-template.jpg"},{"@type":"BreadcrumbList","@id":"https:\/\/www.newslettercreator.com\/tr\/bir-html-buelteni-nasil-olusturulur\/#breadcrumb","itemListElement":[{"@type":"ListItem","position":1,"name":"Home","item":"https:\/\/www.newslettercreator.com\/tr\/"},{"@type":"ListItem","position":2,"name":"Bir HTML b\u00fclteni nas\u0131l olu\u015fturulur"}]},{"@type":"WebSite","@id":"https:\/\/www.newslettercreator.com\/#website","url":"https:\/\/www.newslettercreator.com\/","name":"Newsletter Creator","description":"Pay off","potentialAction":[{"@type":"SearchAction","target":{"@type":"EntryPoint","urlTemplate":"https:\/\/www.newslettercreator.com\/?s={search_term_string}"},"query-input":{"@type":"PropertyValueSpecification","valueRequired":true,"valueName":"search_term_string"}}],"inLanguage":"tr"}]}},"_links":{"self":[{"href":"https:\/\/www.newslettercreator.com\/tr\/wp-json\/wp\/v2\/pages\/4363","targetHints":{"allow":["GET"]}}],"collection":[{"href":"https:\/\/www.newslettercreator.com\/tr\/wp-json\/wp\/v2\/pages"}],"about":[{"href":"https:\/\/www.newslettercreator.com\/tr\/wp-json\/wp\/v2\/types\/page"}],"author":[{"embeddable":true,"href":"https:\/\/www.newslettercreator.com\/tr\/wp-json\/wp\/v2\/users\/1"}],"replies":[{"embeddable":true,"href":"https:\/\/www.newslettercreator.com\/tr\/wp-json\/wp\/v2\/comments?post=4363"}],"version-history":[{"count":1,"href":"https:\/\/www.newslettercreator.com\/tr\/wp-json\/wp\/v2\/pages\/4363\/revisions"}],"predecessor-version":[{"id":4364,"href":"https:\/\/www.newslettercreator.com\/tr\/wp-json\/wp\/v2\/pages\/4363\/revisions\/4364"}],"wp:attachment":[{"href":"https:\/\/www.newslettercreator.com\/tr\/wp-json\/wp\/v2\/media?parent=4363"}],"curies":[{"name":"wp","href":"https:\/\/api.w.org\/{rel}","templated":true}]}}