{"id":4365,"date":"2016-02-08T15:17:16","date_gmt":"2016-02-08T15:17:16","guid":{"rendered":"http:\/\/www.newslettercreator.com\/tr\/?page_id=4365"},"modified":"2021-05-07T10:06:04","modified_gmt":"2021-05-07T08:06:04","slug":"html-e-posta-nasil-yapilir","status":"publish","type":"page","link":"https:\/\/www.newslettercreator.com\/tr\/html-e-posta-nasil-yapilir\/","title":{"rendered":"HTML e-posta: nas\u0131l yap\u0131l\u0131r"},"content":{"rendered":"<p><img decoding=\"async\" class=\"alignnone size-full wp-image-237\" src=\"http:\/\/www.newslettercreator.com\/wp-content\/uploads\/2014\/03\/best-design-newsletter.jpg\" alt=\"HTML e-posta: nas\u0131l yap\u0131l\u0131r\" width=\"649\" height=\"423\" \/><\/p>\n<p><strong>Etkin bir e-posta<\/strong> nas\u0131l olu\u015fturulur? Bu \u00e7ok yayg\u0131n bir sorudur.<\/p>\n<p>Sosyal medya ve viral pazarlama hakk\u0131nda ne kadar gevezelik edilirse edilsin, markan\u0131z\u0131 tan\u0131tmak ve m\u00fc\u015fterileriniz ile ileti\u015fim kurmak i\u00e7in <strong>en iyi kaynaklardan<\/strong> biri hala iyi bir HTML b\u00fcltenidir. \u00d6zellikle, <strong>bu yat\u0131r\u0131m\u0131n getirisi m\u00fckemmeldir<\/strong>.<\/p>\n<p>Bu nedenle <strong>ta\u015f gibi HTML e-postalar\u0131<\/strong> olu\u015fturmak herhangi bir dijital pazarlamac\u0131 i\u00e7in \u00e7ok \u00f6nemlidir. &#8220;Ta\u015f gibi&#8221; olmaktan kast\u0131m\u0131z sadece <strong>kodlar\u0131n\u0131n m\u00fckemmel olmas\u0131<\/strong> de\u011fildir: ayn\u0131 zamanda b\u00fcltenlerinizin zarif ve okunabilir olmas\u0131 (t\u00fcm e-posta istemcileri ve web tabanl\u0131 istemcilerde) ve tasar\u0131m\u0131n <strong>marka imaj\u0131n\u0131z\u0131<\/strong> yans\u0131tmas\u0131d\u0131r.<\/p>\n<p>\u015eimdi ilk soruya geri d\u00f6nelim: etkin bir HTML e-posta olu\u015fturmak i\u00e7in <strong>\u00e7ok iyi kodlama<\/strong> yapman\u0131z ve e-posta kodlamas\u0131n\u0131n kat\u0131 ve \u00f6zel kurallar\u0131n\u0131 (ki bunlar klasik web tasar\u0131m\u0131ndan \u00e7ok farkl\u0131d\u0131r) bilmeniz gereklidir.<\/p>\n<p>\u00d6rne\u011fin, her zaman tablolar kullanmal\u0131 ve CSS kodlar\u0131n\u0131 sat\u0131r i\u00e7i yazmal\u0131 (ve bunlar\u0131 az kullanmal\u0131), m\u00fcmk\u00fcn oldu\u011funca <\/p>\n<div> etiketlerinden ka\u00e7\u0131nmal\u0131s\u0131n\u0131z. \u00dcstelik her bir istemcinin farkl\u0131 <strong>g\u00f6sterme \u00f6zelliklerini<\/strong> de hesaba katmal\u0131s\u0131n\u0131z. Yani uzman bir programc\u0131 olsan\u0131z dahi, uygun kodu bulmak i\u00e7in \u00e7ok fazla zaman harcayacaks\u0131n\u0131z.<\/p>\n<p>Ama art\u0131k MailStyler kullanarak <strong>kendinize ait, benzersiz ve markal\u0131 b\u00fclteninizi<\/strong> olu\u015fturabilirsiniz.<\/p>\n<p>MailStyler&#8217;\u0131n anahtar kavram\u0131 size haz\u0131r \u00f6\u011felerden ve bloklardan (s\u00fctunlar, alt ba\u015fl\u0131klar, metin kutular\u0131, vb.) serbest\u00e7e se\u00e7im yapman\u0131z\u0131 sa\u011flayan bir <strong><a href=\"http:\/\/www.newslettercreator.com\/tr\/ucretlendirme\/\" title=\"MailStyler \u00dccretlendirme\">WYSIWYG e-posta olu\u015fturma arac\u0131<\/a><\/strong> sunmak ve <strong>yerle\u015fiminizi ad\u0131m ad\u0131m<\/strong> ger\u00e7ek zamanl\u0131 olarak olu\u015fturmakt\u0131r.<\/p>\n<p>Ve bu bloklardan her biri <strong>m\u00fckemmel HTML<\/strong> ile olu\u015fturuldu\u011fu i\u00e7in ortaya \u00e7\u0131kacak nihai b\u00fclten Gmail, Thunderbird, Outlook, iPhone, vs. a\u00e7\u0131ld\u0131\u011f\u0131 ortam ne olursa olsun <strong>m\u00fckemmel g\u00f6r\u00fcnecek<\/strong> ve tasar\u0131m\u0131 sayesinde <strong>en iyi da\u011f\u0131t\u0131m\u0131<\/strong> garanti edecektir. Art\u0131k test yapmaya da ihtiya\u00e7 yok!<\/p>\n<p>\u0130lham almak i\u00e7in <strong<a href=\"http:\/\/www.newslettercreator.com\/tr\/buelten-oernekleri\/\" title=\"B\u00fclten \u00f6rnekleri\">b\u00fclten \u00f6rneklerimize<\/strong><\/strong> bakabilir ve hemen kendi HTML e-postan\u0131z\u0131 olu\u015fturmaya ba\u015flayabilirsiniz.<\/p>\n<p>&nbsp;<\/p>\n<p style=\"text-align: center;\"><a class=\"button large orange\" style=\"margin-top: 20px; width: 157px; margin-right: 30px;\" title=\"\u00dccretsiz Versiyonu \u0130ndir \" href=\"http:\/\/www.newslettercreator.com\/ucretsiz-deneyin\/\" target=\"_self\" rel=\"noopener noreferrer\">DEMO VERS\u0130YONU \u0130ND\u0130R<\/a><a class=\"button large darkgray\" style=\"margin-top: 20px; width: 157px;\" title=\"Mailstyler Pro Satin Alin\" href=\"http:\/\/www.newslettercreator.com\/ucretlendirme\/\" target=\"_self\" rel=\"noopener noreferrer\">MAILSTYLER PRO SATIN ALIN<\/a><\/p>\n<p style=\"text-align: center; font-size: 11px; margin-bottom: 5px;\">Enson s\u00fcr\u00fcm: 2.24.01.17 | Yay\u0131n tarihi: 17\/01\/2024 | Boyut: 114.9 MB<br \/>\n<a href=\"http:\/\/www.newslettercreator.com\/license-agreement\/\" target=\"_blank\" rel=\"noopener noreferrer\">Lisans s\u00f6zle\u015fmesi<\/a> | <a href=\"http:\/\/www.newslettercreator.com\/how-to-uninstall\/\" target=\"_blank\" rel=\"noopener noreferrer\">Nas\u0131l kald\u0131r\u0131l\u0131r<\/a><\/p>\n","protected":false},"excerpt":{"rendered":"<p>Etkin bir e-posta nas\u0131l olu\u015fturulur? Bu \u00e7ok yayg\u0131n bir sorudur. Sosyal medya ve viral pazarlama hakk\u0131nda ne kadar gevezelik edilirse edilsin, markan\u0131z\u0131 tan\u0131tmak ve m\u00fc\u015fterileriniz ile ileti\u015fim kurmak i\u00e7in en iyi kaynaklardan biri hala iyi bir HTML b\u00fcltenidir. \u00d6zellikle, bu yat\u0131r\u0131m\u0131n getirisi m\u00fckemmeldir. Bu nedenle ta\u015f gibi HTML e-postalar\u0131 olu\u015fturmak herhangi bir dijital pazarlamac\u0131 i\u00e7in [&hellip;]<\/p>\n","protected":false},"author":1,"featured_media":0,"parent":0,"menu_order":0,"comment_status":"closed","ping_status":"closed","template":"g1_template_page_sidebar_right.php","meta":{"inline_featured_image":false,"_monsterinsights_skip_tracking":false,"_monsterinsights_sitenote_active":false,"_monsterinsights_sitenote_note":"","_monsterinsights_sitenote_category":0,"footnotes":""},"class_list":["post-4365","page","type-page","status-publish"],"yoast_head":"<!-- This site is optimized with the Yoast SEO plugin v25.2 - https:\/\/yoast.com\/wordpress\/plugins\/seo\/ -->\n<title>HTML e-posta: nas\u0131l yap\u0131l\u0131r - Newsletter Creator<\/title>\n<meta name=\"description\" content=\"Art\u0131k MailStyler kullanarak kendinize ait, benzersiz ve markal\u0131 b\u00fclteninizi olu\u015fturabilirsiniz. \u015eimdi dene!\" \/>\n<meta name=\"robots\" content=\"index, follow, max-snippet:-1, max-image-preview:large, max-video-preview:-1\" \/>\n<link rel=\"canonical\" href=\"https:\/\/www.newslettercreator.com\/tr\/html-e-posta-nasil-yapilir\/\" \/>\n<meta property=\"og:locale\" content=\"tr_TR\" \/>\n<meta property=\"og:type\" content=\"article\" \/>\n<meta property=\"og:title\" content=\"HTML e-posta: nas\u0131l yap\u0131l\u0131r - Newsletter Creator\" \/>\n<meta property=\"og:description\" content=\"Art\u0131k MailStyler kullanarak kendinize ait, benzersiz ve markal\u0131 b\u00fclteninizi olu\u015fturabilirsiniz. \u015eimdi dene!\" \/>\n<meta property=\"og:url\" content=\"https:\/\/www.newslettercreator.com\/tr\/html-e-posta-nasil-yapilir\/\" \/>\n<meta property=\"og:site_name\" content=\"Newsletter Creator\" \/>\n<meta property=\"article:modified_time\" content=\"2021-05-07T08:06:04+00:00\" \/>\n<meta property=\"og:image\" content=\"http:\/\/www.newslettercreator.com\/wp-content\/uploads\/2014\/03\/best-design-newsletter.jpg\" \/>\n<meta name=\"twitter:label1\" content=\"Est. reading time\" \/>\n\t<meta name=\"twitter:data1\" content=\"2 minutes\" \/>\n<script type=\"application\/ld+json\" class=\"yoast-schema-graph\">{\"@context\":\"https:\/\/schema.org\",\"@graph\":[{\"@type\":\"WebPage\",\"@id\":\"https:\/\/www.newslettercreator.com\/tr\/html-e-posta-nasil-yapilir\/\",\"url\":\"https:\/\/www.newslettercreator.com\/tr\/html-e-posta-nasil-yapilir\/\",\"name\":\"HTML e-posta: nas\u0131l yap\u0131l\u0131r - Newsletter Creator\",\"isPartOf\":{\"@id\":\"https:\/\/www.newslettercreator.com\/#website\"},\"primaryImageOfPage\":{\"@id\":\"https:\/\/www.newslettercreator.com\/tr\/html-e-posta-nasil-yapilir\/#primaryimage\"},\"image\":{\"@id\":\"https:\/\/www.newslettercreator.com\/tr\/html-e-posta-nasil-yapilir\/#primaryimage\"},\"thumbnailUrl\":\"http:\/\/www.newslettercreator.com\/wp-content\/uploads\/2014\/03\/best-design-newsletter.jpg\",\"datePublished\":\"2016-02-08T15:17:16+00:00\",\"dateModified\":\"2021-05-07T08:06:04+00:00\",\"description\":\"Art\u0131k MailStyler kullanarak kendinize ait, benzersiz ve markal\u0131 b\u00fclteninizi olu\u015fturabilirsiniz. \u015eimdi dene!\",\"breadcrumb\":{\"@id\":\"https:\/\/www.newslettercreator.com\/tr\/html-e-posta-nasil-yapilir\/#breadcrumb\"},\"inLanguage\":\"tr\",\"potentialAction\":[{\"@type\":\"ReadAction\",\"target\":[\"https:\/\/www.newslettercreator.com\/tr\/html-e-posta-nasil-yapilir\/\"]}]},{\"@type\":\"ImageObject\",\"inLanguage\":\"tr\",\"@id\":\"https:\/\/www.newslettercreator.com\/tr\/html-e-posta-nasil-yapilir\/#primaryimage\",\"url\":\"http:\/\/www.newslettercreator.com\/wp-content\/uploads\/2014\/03\/best-design-newsletter.jpg\",\"contentUrl\":\"http:\/\/www.newslettercreator.com\/wp-content\/uploads\/2014\/03\/best-design-newsletter.jpg\"},{\"@type\":\"BreadcrumbList\",\"@id\":\"https:\/\/www.newslettercreator.com\/tr\/html-e-posta-nasil-yapilir\/#breadcrumb\",\"itemListElement\":[{\"@type\":\"ListItem\",\"position\":1,\"name\":\"Home\",\"item\":\"https:\/\/www.newslettercreator.com\/tr\/\"},{\"@type\":\"ListItem\",\"position\":2,\"name\":\"HTML e-posta: nas\u0131l yap\u0131l\u0131r\"}]},{\"@type\":\"WebSite\",\"@id\":\"https:\/\/www.newslettercreator.com\/#website\",\"url\":\"https:\/\/www.newslettercreator.com\/\",\"name\":\"Newsletter Creator\",\"description\":\"Pay off\",\"potentialAction\":[{\"@type\":\"SearchAction\",\"target\":{\"@type\":\"EntryPoint\",\"urlTemplate\":\"https:\/\/www.newslettercreator.com\/?s={search_term_string}\"},\"query-input\":{\"@type\":\"PropertyValueSpecification\",\"valueRequired\":true,\"valueName\":\"search_term_string\"}}],\"inLanguage\":\"tr\"}]}<\/script>\n<!-- \/ Yoast SEO plugin. -->","yoast_head_json":{"title":"HTML e-posta: nas\u0131l yap\u0131l\u0131r - Newsletter Creator","description":"Art\u0131k MailStyler kullanarak kendinize ait, benzersiz ve markal\u0131 b\u00fclteninizi olu\u015fturabilirsiniz. \u015eimdi dene!","robots":{"index":"index","follow":"follow","max-snippet":"max-snippet:-1","max-image-preview":"max-image-preview:large","max-video-preview":"max-video-preview:-1"},"canonical":"https:\/\/www.newslettercreator.com\/tr\/html-e-posta-nasil-yapilir\/","og_locale":"tr_TR","og_type":"article","og_title":"HTML e-posta: nas\u0131l yap\u0131l\u0131r - Newsletter Creator","og_description":"Art\u0131k MailStyler kullanarak kendinize ait, benzersiz ve markal\u0131 b\u00fclteninizi olu\u015fturabilirsiniz. \u015eimdi dene!","og_url":"https:\/\/www.newslettercreator.com\/tr\/html-e-posta-nasil-yapilir\/","og_site_name":"Newsletter Creator","article_modified_time":"2021-05-07T08:06:04+00:00","og_image":[{"url":"http:\/\/www.newslettercreator.com\/wp-content\/uploads\/2014\/03\/best-design-newsletter.jpg","type":"","width":"","height":""}],"twitter_misc":{"Est. reading time":"2 minutes"},"schema":{"@context":"https:\/\/schema.org","@graph":[{"@type":"WebPage","@id":"https:\/\/www.newslettercreator.com\/tr\/html-e-posta-nasil-yapilir\/","url":"https:\/\/www.newslettercreator.com\/tr\/html-e-posta-nasil-yapilir\/","name":"HTML e-posta: nas\u0131l yap\u0131l\u0131r - Newsletter Creator","isPartOf":{"@id":"https:\/\/www.newslettercreator.com\/#website"},"primaryImageOfPage":{"@id":"https:\/\/www.newslettercreator.com\/tr\/html-e-posta-nasil-yapilir\/#primaryimage"},"image":{"@id":"https:\/\/www.newslettercreator.com\/tr\/html-e-posta-nasil-yapilir\/#primaryimage"},"thumbnailUrl":"http:\/\/www.newslettercreator.com\/wp-content\/uploads\/2014\/03\/best-design-newsletter.jpg","datePublished":"2016-02-08T15:17:16+00:00","dateModified":"2021-05-07T08:06:04+00:00","description":"Art\u0131k MailStyler kullanarak kendinize ait, benzersiz ve markal\u0131 b\u00fclteninizi olu\u015fturabilirsiniz. \u015eimdi dene!","breadcrumb":{"@id":"https:\/\/www.newslettercreator.com\/tr\/html-e-posta-nasil-yapilir\/#breadcrumb"},"inLanguage":"tr","potentialAction":[{"@type":"ReadAction","target":["https:\/\/www.newslettercreator.com\/tr\/html-e-posta-nasil-yapilir\/"]}]},{"@type":"ImageObject","inLanguage":"tr","@id":"https:\/\/www.newslettercreator.com\/tr\/html-e-posta-nasil-yapilir\/#primaryimage","url":"http:\/\/www.newslettercreator.com\/wp-content\/uploads\/2014\/03\/best-design-newsletter.jpg","contentUrl":"http:\/\/www.newslettercreator.com\/wp-content\/uploads\/2014\/03\/best-design-newsletter.jpg"},{"@type":"BreadcrumbList","@id":"https:\/\/www.newslettercreator.com\/tr\/html-e-posta-nasil-yapilir\/#breadcrumb","itemListElement":[{"@type":"ListItem","position":1,"name":"Home","item":"https:\/\/www.newslettercreator.com\/tr\/"},{"@type":"ListItem","position":2,"name":"HTML e-posta: nas\u0131l yap\u0131l\u0131r"}]},{"@type":"WebSite","@id":"https:\/\/www.newslettercreator.com\/#website","url":"https:\/\/www.newslettercreator.com\/","name":"Newsletter Creator","description":"Pay off","potentialAction":[{"@type":"SearchAction","target":{"@type":"EntryPoint","urlTemplate":"https:\/\/www.newslettercreator.com\/?s={search_term_string}"},"query-input":{"@type":"PropertyValueSpecification","valueRequired":true,"valueName":"search_term_string"}}],"inLanguage":"tr"}]}},"_links":{"self":[{"href":"https:\/\/www.newslettercreator.com\/tr\/wp-json\/wp\/v2\/pages\/4365","targetHints":{"allow":["GET"]}}],"collection":[{"href":"https:\/\/www.newslettercreator.com\/tr\/wp-json\/wp\/v2\/pages"}],"about":[{"href":"https:\/\/www.newslettercreator.com\/tr\/wp-json\/wp\/v2\/types\/page"}],"author":[{"embeddable":true,"href":"https:\/\/www.newslettercreator.com\/tr\/wp-json\/wp\/v2\/users\/1"}],"replies":[{"embeddable":true,"href":"https:\/\/www.newslettercreator.com\/tr\/wp-json\/wp\/v2\/comments?post=4365"}],"version-history":[{"count":2,"href":"https:\/\/www.newslettercreator.com\/tr\/wp-json\/wp\/v2\/pages\/4365\/revisions"}],"predecessor-version":[{"id":10108,"href":"https:\/\/www.newslettercreator.com\/tr\/wp-json\/wp\/v2\/pages\/4365\/revisions\/10108"}],"wp:attachment":[{"href":"https:\/\/www.newslettercreator.com\/tr\/wp-json\/wp\/v2\/media?parent=4365"}],"curies":[{"name":"wp","href":"https:\/\/api.w.org\/{rel}","templated":true}]}}