{"id":4368,"date":"2016-02-08T15:27:01","date_gmt":"2016-02-08T15:27:01","guid":{"rendered":"http:\/\/www.newslettercreator.com\/tr\/?page_id=4368"},"modified":"2016-02-08T15:27:01","modified_gmt":"2016-02-08T15:27:01","slug":"neden-profesyonel-bir-buelten-olusturma-araci-edinmeli","status":"publish","type":"page","link":"https:\/\/www.newslettercreator.com\/tr\/neden-profesyonel-bir-buelten-olusturma-araci-edinmeli\/","title":{"rendered":"Neden profesyonel bir b\u00fclten olu\u015fturma arac\u0131 edinmeli"},"content":{"rendered":"<p><img decoding=\"async\" class=\"alignnone size-full wp-image-237\" src=\"http:\/\/www.newslettercreator.com\/wp-content\/uploads\/2014\/02\/newsletter-program.jpg\" alt=\"Neden profesyonel bir b\u00fclten olu\u015fturma arac\u0131 edinmeli\" width=\"649\" height=\"423\" \/><\/p>\n<p>Konu <strong>bir e-posta \u015fablonu olu\u015fturmak<\/strong> ya da e-posta pazarlama kampanyan\u0131z\u0131 d\u00fczenlemek ise, <strong>profesyonel bir b\u00fclten olu\u015fturma arac\u0131na<\/strong> dayanmak kesinlikle \u00e7ok yard\u0131mc\u0131 olur.<\/p>\n<p>\u0130yi bir b\u00fclten olu\u015fturma arac\u0131 \u00f6zellikle:<\/p>\n<ul>\n<li>sezgisel ve <strong>kullan\u0131m\u0131 \u00e7ok kolay olmal\u0131<\/strong>;<\/li>\n<li><strong>HTML\/CSS<\/strong> bilgisi gerektirmemeli, yani acemilere yard\u0131mc\u0131 olmal\u0131;<\/li>\n<li>t\u00fcm b\u00fclten olu\u015fturma s\u00fcrecini h\u0131zl\u0131 ve etkin bir hake sokarak size <strong>zaman<\/strong> kazand\u0131rmal\u0131;<\/li>\n<li>basit s\u00fcr\u00fckle-b\u0131rak ve t\u0131klamalarla birle\u015ftirilebilecek pratik <strong>\u00f6nceden haz\u0131rlanm\u0131\u015f \u00f6\u011feler<\/strong> sunmal\u0131d\u0131r;<\/li>\n<li>tamamen ki\u015fiselle\u015ftirilmi\u015f bir \u015fablon yapmak i\u00e7in resimlerinizi ve i\u00e7eriklerinizi ekleme konusunda geni\u015f <strong>d\u00fczenleme olanaklar\u0131<\/strong> sunmal\u0131d\u0131r;<\/li>\n<li>t\u00fcm e-postalar\u0131n t\u00fcm istemci ve cihazlarda <strong>do\u011fru \u015fekilde g\u00f6r\u00fcnt\u00fclenmesini ve k\u00fc\u00e7\u00fck hacimli olmas\u0131n\u0131<\/strong> garanti etmelidir;<\/li>\n<\/ul>\n<p>MailStyler, piyasadaki <strong>en iyi b\u00fclten olu\u015fturma arac\u0131<\/strong>, bu gereksinimlerin tamam\u0131n\u0131 kar\u015f\u0131lamaktad\u0131r.<\/p>\n<p>Yaz\u0131l\u0131m\u0131m\u0131z ile sadece bo\u015f bir sayfaya ihtiyac\u0131n\u0131z olan \u00f6\u011feleri <strong>s\u00fcr\u00fckleyip b\u0131rakarak<\/strong> saniyeler i\u00e7inde muhte\u015fem bir e-posta yaratabileceksiniz. Bundan da \u00f6nemlisi, tasar\u0131m\u0131n\u0131z\u0131n t\u00fcm e-posta istemcilerinde <strong><a href=\"http:\/\/www.newslettercreator.com\/tr\/buelten-sablonu-uyumluluk-testi\/\" title=\"B\u00fclten \u015fablonu uyumluluk testi\">her zaman m\u00fckemmel g\u00f6r\u00fcnt\u00fclenece\u011finde<\/a>n<\/strong> emin olacaks\u0131n\u0131z.<\/p>\n<p>MailStyler ile HTML kodlama gibi can s\u0131k\u0131c\u0131 teknik hususlar\u0131 d\u00fc\u015f\u00fcnmeden <strong>yarat\u0131c\u0131l\u0131\u011f\u0131n\u0131z\u0131 serbest b\u0131rakmak i\u00e7in<\/strong> \u00f6zg\u00fcr olacaks\u0131n\u0131z: siz kendi e-posta tasar\u0131m\u0131n\u0131z\u0131 zevkle yaparken yaz\u0131l\u0131m\u0131m\u0131z teknik detaylar\u0131 halleder<\/p>\n<p>&nbsp;<\/p>\n<p style=\"text-align: center;\"><a class=\"button large orange\" style=\"margin-top: 20px; width: 157px; margin-right: \n\n<p style=\"text-align: center;\"><a class=\"button large orange\" style=\"margin-top: 20px; width: 157px; margin-right: 30px;\" title=\"\u00dccretsiz Versiyonu \u0130ndir \" href=\"http:\/\/www.newslettercreator.com\/ucretsiz-deneyin\/\" target=\"_self\">DEMO VERS\u0130YONU \u0130ND\u0130R<\/a><a class=\"button large darkgray\" style=\"margin-top: 20px; width: 157px;\" title=\"Mailstyler Pro Satin Alin\" href=\"http:\/\/www.newslettercreator.com\/ucretlendirme\/\" target=\"_self\">MAILSTYLER PRO SATIN ALIN<\/a><\/p>\n<p style=\"text-align: center; font-size: 11px; margin-bottom: 5px;\">Enson s\u00fcr\u00fcm: 2.24.01.17 | Yay\u0131n tarihi: 17\/01\/2024 | Boyut: 114.9 MB<br \/>\n<a href=\"http:\/\/www.newslettercreator.com\/license-agreement\/\" target=\"_blank\">Lisans s\u00f6zle\u015fmesi<\/a> | <a href=\"http:\/\/www.newslettercreator.com\/how-to-uninstall\/\" target=\"_blank\">Nas\u0131l kald\u0131r\u0131l\u0131r<\/a><\/p>\n","protected":false},"excerpt":{"rendered":"<p>Konu bir e-posta \u015fablonu olu\u015fturmak ya da e-posta pazarlama kampanyan\u0131z\u0131 d\u00fczenlemek ise, profesyonel bir b\u00fclten olu\u015fturma arac\u0131na dayanmak kesinlikle \u00e7ok yard\u0131mc\u0131 olur. \u0130yi bir b\u00fclten olu\u015fturma arac\u0131 \u00f6zellikle: sezgisel ve kullan\u0131m\u0131 \u00e7ok kolay olmal\u0131; HTML\/CSS bilgisi gerektirmemeli, yani acemilere yard\u0131mc\u0131 olmal\u0131; t\u00fcm b\u00fclten olu\u015fturma s\u00fcrecini h\u0131zl\u0131 ve etkin bir hake sokarak size zaman kazand\u0131rmal\u0131; basit [&hellip;]<\/p>\n","protected":false},"author":1,"featured_media":0,"parent":0,"menu_order":0,"comment_status":"closed","ping_status":"closed","template":"g1_template_page_sidebar_right.php","meta":{"inline_featured_image":false,"_monsterinsights_skip_tracking":false,"_monsterinsights_sitenote_active":false,"_monsterinsights_sitenote_note":"","_monsterinsights_sitenote_category":0,"footnotes":""},"class_list":["post-4368","page","type-page","status-publish"],"yoast_head":"<!-- This site is optimized with the Yoast SEO plugin v25.2 - https:\/\/yoast.com\/wordpress\/plugins\/seo\/ -->\n<title>Neden profesyonel bir b\u00fclten olu\u015fturma arac\u0131 edinmeli - Newsletter Creator<\/title>\n<meta name=\"robots\" content=\"index, follow, max-snippet:-1, max-image-preview:large, max-video-preview:-1\" \/>\n<link rel=\"canonical\" href=\"https:\/\/www.newslettercreator.com\/tr\/neden-profesyonel-bir-buelten-olusturma-araci-edinmeli\/\" \/>\n<meta property=\"og:locale\" content=\"tr_TR\" \/>\n<meta property=\"og:type\" content=\"article\" \/>\n<meta property=\"og:title\" content=\"Neden profesyonel bir b\u00fclten olu\u015fturma arac\u0131 edinmeli - Newsletter Creator\" \/>\n<meta property=\"og:description\" content=\"Konu bir e-posta \u015fablonu olu\u015fturmak ya da e-posta pazarlama kampanyan\u0131z\u0131 d\u00fczenlemek ise, profesyonel bir b\u00fclten olu\u015fturma arac\u0131na dayanmak kesinlikle \u00e7ok yard\u0131mc\u0131 olur. \u0130yi bir b\u00fclten olu\u015fturma arac\u0131 \u00f6zellikle: sezgisel ve kullan\u0131m\u0131 \u00e7ok kolay olmal\u0131; HTML\/CSS bilgisi gerektirmemeli, yani acemilere yard\u0131mc\u0131 olmal\u0131; t\u00fcm b\u00fclten olu\u015fturma s\u00fcrecini h\u0131zl\u0131 ve etkin bir hake sokarak size zaman kazand\u0131rmal\u0131; basit [&hellip;]\" \/>\n<meta property=\"og:url\" content=\"https:\/\/www.newslettercreator.com\/tr\/neden-profesyonel-bir-buelten-olusturma-araci-edinmeli\/\" \/>\n<meta property=\"og:site_name\" content=\"Newsletter Creator\" \/>\n<meta property=\"og:image\" content=\"http:\/\/www.newslettercreator.com\/wp-content\/uploads\/2014\/02\/newsletter-program.jpg\" \/>\n<meta name=\"twitter:label1\" content=\"Est. reading time\" \/>\n\t<meta name=\"twitter:data1\" content=\"1 minute\" \/>\n<script type=\"application\/ld+json\" class=\"yoast-schema-graph\">{\"@context\":\"https:\/\/schema.org\",\"@graph\":[{\"@type\":\"WebPage\",\"@id\":\"https:\/\/www.newslettercreator.com\/tr\/neden-profesyonel-bir-buelten-olusturma-araci-edinmeli\/\",\"url\":\"https:\/\/www.newslettercreator.com\/tr\/neden-profesyonel-bir-buelten-olusturma-araci-edinmeli\/\",\"name\":\"Neden profesyonel bir b\u00fclten olu\u015fturma arac\u0131 edinmeli - Newsletter Creator\",\"isPartOf\":{\"@id\":\"https:\/\/www.newslettercreator.com\/#website\"},\"primaryImageOfPage\":{\"@id\":\"https:\/\/www.newslettercreator.com\/tr\/neden-profesyonel-bir-buelten-olusturma-araci-edinmeli\/#primaryimage\"},\"image\":{\"@id\":\"https:\/\/www.newslettercreator.com\/tr\/neden-profesyonel-bir-buelten-olusturma-araci-edinmeli\/#primaryimage\"},\"thumbnailUrl\":\"http:\/\/www.newslettercreator.com\/wp-content\/uploads\/2014\/02\/newsletter-program.jpg\",\"datePublished\":\"2016-02-08T15:27:01+00:00\",\"breadcrumb\":{\"@id\":\"https:\/\/www.newslettercreator.com\/tr\/neden-profesyonel-bir-buelten-olusturma-araci-edinmeli\/#breadcrumb\"},\"inLanguage\":\"tr\",\"potentialAction\":[{\"@type\":\"ReadAction\",\"target\":[\"https:\/\/www.newslettercreator.com\/tr\/neden-profesyonel-bir-buelten-olusturma-araci-edinmeli\/\"]}]},{\"@type\":\"ImageObject\",\"inLanguage\":\"tr\",\"@id\":\"https:\/\/www.newslettercreator.com\/tr\/neden-profesyonel-bir-buelten-olusturma-araci-edinmeli\/#primaryimage\",\"url\":\"http:\/\/www.newslettercreator.com\/wp-content\/uploads\/2014\/02\/newsletter-program.jpg\",\"contentUrl\":\"http:\/\/www.newslettercreator.com\/wp-content\/uploads\/2014\/02\/newsletter-program.jpg\"},{\"@type\":\"BreadcrumbList\",\"@id\":\"https:\/\/www.newslettercreator.com\/tr\/neden-profesyonel-bir-buelten-olusturma-araci-edinmeli\/#breadcrumb\",\"itemListElement\":[{\"@type\":\"ListItem\",\"position\":1,\"name\":\"Home\",\"item\":\"https:\/\/www.newslettercreator.com\/tr\/\"},{\"@type\":\"ListItem\",\"position\":2,\"name\":\"Neden profesyonel bir b\u00fclten olu\u015fturma arac\u0131 edinmeli\"}]},{\"@type\":\"WebSite\",\"@id\":\"https:\/\/www.newslettercreator.com\/#website\",\"url\":\"https:\/\/www.newslettercreator.com\/\",\"name\":\"Newsletter Creator\",\"description\":\"Pay off\",\"potentialAction\":[{\"@type\":\"SearchAction\",\"target\":{\"@type\":\"EntryPoint\",\"urlTemplate\":\"https:\/\/www.newslettercreator.com\/?s={search_term_string}\"},\"query-input\":{\"@type\":\"PropertyValueSpecification\",\"valueRequired\":true,\"valueName\":\"search_term_string\"}}],\"inLanguage\":\"tr\"}]}<\/script>\n<!-- \/ Yoast SEO plugin. -->","yoast_head_json":{"title":"Neden profesyonel bir b\u00fclten olu\u015fturma arac\u0131 edinmeli - Newsletter Creator","robots":{"index":"index","follow":"follow","max-snippet":"max-snippet:-1","max-image-preview":"max-image-preview:large","max-video-preview":"max-video-preview:-1"},"canonical":"https:\/\/www.newslettercreator.com\/tr\/neden-profesyonel-bir-buelten-olusturma-araci-edinmeli\/","og_locale":"tr_TR","og_type":"article","og_title":"Neden profesyonel bir b\u00fclten olu\u015fturma arac\u0131 edinmeli - Newsletter Creator","og_description":"Konu bir e-posta \u015fablonu olu\u015fturmak ya da e-posta pazarlama kampanyan\u0131z\u0131 d\u00fczenlemek ise, profesyonel bir b\u00fclten olu\u015fturma arac\u0131na dayanmak kesinlikle \u00e7ok yard\u0131mc\u0131 olur. \u0130yi bir b\u00fclten olu\u015fturma arac\u0131 \u00f6zellikle: sezgisel ve kullan\u0131m\u0131 \u00e7ok kolay olmal\u0131; HTML\/CSS bilgisi gerektirmemeli, yani acemilere yard\u0131mc\u0131 olmal\u0131; t\u00fcm b\u00fclten olu\u015fturma s\u00fcrecini h\u0131zl\u0131 ve etkin bir hake sokarak size zaman kazand\u0131rmal\u0131; basit [&hellip;]","og_url":"https:\/\/www.newslettercreator.com\/tr\/neden-profesyonel-bir-buelten-olusturma-araci-edinmeli\/","og_site_name":"Newsletter Creator","og_image":[{"url":"http:\/\/www.newslettercreator.com\/wp-content\/uploads\/2014\/02\/newsletter-program.jpg","type":"","width":"","height":""}],"twitter_misc":{"Est. reading time":"1 minute"},"schema":{"@context":"https:\/\/schema.org","@graph":[{"@type":"WebPage","@id":"https:\/\/www.newslettercreator.com\/tr\/neden-profesyonel-bir-buelten-olusturma-araci-edinmeli\/","url":"https:\/\/www.newslettercreator.com\/tr\/neden-profesyonel-bir-buelten-olusturma-araci-edinmeli\/","name":"Neden profesyonel bir b\u00fclten olu\u015fturma arac\u0131 edinmeli - Newsletter Creator","isPartOf":{"@id":"https:\/\/www.newslettercreator.com\/#website"},"primaryImageOfPage":{"@id":"https:\/\/www.newslettercreator.com\/tr\/neden-profesyonel-bir-buelten-olusturma-araci-edinmeli\/#primaryimage"},"image":{"@id":"https:\/\/www.newslettercreator.com\/tr\/neden-profesyonel-bir-buelten-olusturma-araci-edinmeli\/#primaryimage"},"thumbnailUrl":"http:\/\/www.newslettercreator.com\/wp-content\/uploads\/2014\/02\/newsletter-program.jpg","datePublished":"2016-02-08T15:27:01+00:00","breadcrumb":{"@id":"https:\/\/www.newslettercreator.com\/tr\/neden-profesyonel-bir-buelten-olusturma-araci-edinmeli\/#breadcrumb"},"inLanguage":"tr","potentialAction":[{"@type":"ReadAction","target":["https:\/\/www.newslettercreator.com\/tr\/neden-profesyonel-bir-buelten-olusturma-araci-edinmeli\/"]}]},{"@type":"ImageObject","inLanguage":"tr","@id":"https:\/\/www.newslettercreator.com\/tr\/neden-profesyonel-bir-buelten-olusturma-araci-edinmeli\/#primaryimage","url":"http:\/\/www.newslettercreator.com\/wp-content\/uploads\/2014\/02\/newsletter-program.jpg","contentUrl":"http:\/\/www.newslettercreator.com\/wp-content\/uploads\/2014\/02\/newsletter-program.jpg"},{"@type":"BreadcrumbList","@id":"https:\/\/www.newslettercreator.com\/tr\/neden-profesyonel-bir-buelten-olusturma-araci-edinmeli\/#breadcrumb","itemListElement":[{"@type":"ListItem","position":1,"name":"Home","item":"https:\/\/www.newslettercreator.com\/tr\/"},{"@type":"ListItem","position":2,"name":"Neden profesyonel bir b\u00fclten olu\u015fturma arac\u0131 edinmeli"}]},{"@type":"WebSite","@id":"https:\/\/www.newslettercreator.com\/#website","url":"https:\/\/www.newslettercreator.com\/","name":"Newsletter Creator","description":"Pay off","potentialAction":[{"@type":"SearchAction","target":{"@type":"EntryPoint","urlTemplate":"https:\/\/www.newslettercreator.com\/?s={search_term_string}"},"query-input":{"@type":"PropertyValueSpecification","valueRequired":true,"valueName":"search_term_string"}}],"inLanguage":"tr"}]}},"_links":{"self":[{"href":"https:\/\/www.newslettercreator.com\/tr\/wp-json\/wp\/v2\/pages\/4368","targetHints":{"allow":["GET"]}}],"collection":[{"href":"https:\/\/www.newslettercreator.com\/tr\/wp-json\/wp\/v2\/pages"}],"about":[{"href":"https:\/\/www.newslettercreator.com\/tr\/wp-json\/wp\/v2\/types\/page"}],"author":[{"embeddable":true,"href":"https:\/\/www.newslettercreator.com\/tr\/wp-json\/wp\/v2\/users\/1"}],"replies":[{"embeddable":true,"href":"https:\/\/www.newslettercreator.com\/tr\/wp-json\/wp\/v2\/comments?post=4368"}],"version-history":[{"count":1,"href":"https:\/\/www.newslettercreator.com\/tr\/wp-json\/wp\/v2\/pages\/4368\/revisions"}],"predecessor-version":[{"id":4369,"href":"https:\/\/www.newslettercreator.com\/tr\/wp-json\/wp\/v2\/pages\/4368\/revisions\/4369"}],"wp:attachment":[{"href":"https:\/\/www.newslettercreator.com\/tr\/wp-json\/wp\/v2\/media?parent=4368"}],"curies":[{"name":"wp","href":"https:\/\/api.w.org\/{rel}","templated":true}]}}