{"id":4370,"date":"2016-02-08T15:33:08","date_gmt":"2016-02-08T15:33:08","guid":{"rendered":"http:\/\/www.newslettercreator.com\/tr\/?page_id=4370"},"modified":"2016-02-08T15:33:08","modified_gmt":"2016-02-08T15:33:08","slug":"bir-buelten-nasil-yapilir","status":"publish","type":"page","link":"https:\/\/www.newslettercreator.com\/tr\/bir-buelten-nasil-yapilir\/","title":{"rendered":"Bir b\u00fclten nas\u0131l yap\u0131l\u0131r"},"content":{"rendered":"<p><img decoding=\"async\" class=\"alignnone size-full wp-image-237\" src=\"http:\/\/www.newslettercreator.com\/wp-content\/uploads\/2014\/02\/newsletter-program.jpg\" alt=\"Bir b\u00fclten nas\u0131l yap\u0131l\u0131r\" width=\"649\" height=\"423\" \/><\/p>\n<p><strong>B\u00fclten yapmak<\/strong> m\u00fc\u015fterileriniz ve okuyucular\u0131n\u0131zla ileti\u015fim kurman\u0131n hala en kolay ve maliyet etkin yoludur. Elbette bunun i\u00e7in <strong>dikkatle yap\u0131lm\u0131\u015f<\/strong> olmas\u0131 gerekir: ne yaz\u0131k ki internet \u00fczerinde bir \u00e7ok korkun\u00e7 e-posta \u015fablonu \u00f6rne\u011fi mevcuttur&#8230;<\/p>\n<p>Asl\u0131nda t\u00fcm web tasar\u0131m\u0131 prensiplerine uygun ve HTML kodu kesinlikle tertipli olan <strong>uygun bir b\u00fclten yapmak<\/strong> iki nedenden dolay\u0131 \u00e7ok \u00f6nemlidir.<\/p>\n<p>Birincisi, al\u0131c\u0131lar\u0131n\u0131za <strong>keyifli bir okuma tecr\u00fcbesi<\/strong> sunabilmek: bir b\u00fclten i\u00e7eri\u011finizin \u00e7o\u011funu sunmal\u0131 ve t\u00fcm e-posta istemcileri (Gmail, Outlook, iPhone Apple Mail&#8230;) ile cihazlarda m\u00fckemmel g\u00f6r\u00fcnmelidir.<\/p>\n<p>\u0130kincisi, e-postan\u0131z\u0131n <strong>ger\u00e7ekten teslim edilmesini<\/strong> sa\u011flayabilmek: g\u00f6nderme sorunlar\u0131n\u0131 bertaraf etmek ve t\u00fcm gelen kutular\u0131na ula\u015fmak i\u00e7in k\u00fc\u00e7\u00fck boyutlu ve iyi yaz\u0131lm\u0131\u015f HTML gereklidir.<\/p>\n<p>Peki, \u00e7aba harcamadan <strong>e-postan\u0131za nas\u0131l profesyonel bir g\u00f6r\u00fcn\u00fcm<\/strong> kazand\u0131r\u0131rs\u0131n\u0131z?<\/p>\n<p><strong><a href=\"http:\/\/www.newslettercreator.com\/tr\/ucretlendirme\/\" title=\"MailStyler \u00dccretlendirme\">MailStyler<\/a><\/strong> ile bu \u00e7ok kolayd\u0131r.<\/p>\n<p>Yaz\u0131l\u0131m\u0131m\u0131z sizin b\u00fclten olu\u015fturman\u0131n can s\u0131k\u0131c\u0131 taraflar\u0131n\u0131 sonsuza kadar unutman\u0131z\u0131 sa\u011flayacakt\u0131r: <strong>kodlama bilgisi gerekmez<\/strong>, bir dizi <strong>s\u00fcr\u00fckleme ve b\u0131rakma<\/strong> ile e-posta yerle\u015fiminizi tasarlayabileceksiniz. Bir \u00f6\u011fe se\u00e7in, sayfaya \u00e7ekin ve istedi\u011finiz gibi d\u00fczenleyin: ger\u00e7ekten bu kadar basittir.<\/p>\n<p>Ve t\u00fcm \u00f6nceden haz\u0131rlanm\u0131\u015f bloklar\u0131m\u0131z profesyonel tasar\u0131mc\u0131lar\u0131n elinden &#8211; en temiz HTML ile &#8211; \u00e7\u0131kt\u0131\u011f\u0131 i\u00e7in sonu\u00e7 <strong>t\u00fcm e-posta istemcileri ile web e-posta g\u00f6r\u00fcnt\u00fcleme sistemleri ile uyumlu<\/strong> olacakt\u0131r. Her cihaz \u00fczerinde en y\u00fcksek okunabilirli\u011fi garanti eder.<\/p>\n<p>&nbsp;<\/p>\n<p style=\"text-align: center;\"><a class=\"button large orange\" style=\"margin-top: 20px; width: 157px; margin-right: 30px;\" title=\"\u00dccretsiz Versiyonu \u0130ndir \" href=\"http:\/\/www.newslettercreator.com\/ucretsiz-deneyin\/\" target=\"_self\">DEMO VERS\u0130YONU \u0130ND\u0130R<\/a><a class=\"button large darkgray\" style=\"margin-top: 20px; width: 157px;\" title=\"Mailstyler Pro Satin Alin\" href=\"http:\/\/www.newslettercreator.com\/ucretlendirme\/\" target=\"_self\">MAILSTYLER PRO SATIN ALIN<\/a><\/p>\n<p style=\"text-align: center; font-size: 11px; margin-bottom: 5px;\">Enson s\u00fcr\u00fcm: 2.24.01.17 | Yay\u0131n tarihi: 17\/01\/2024 | Boyut: 114.9 MB<br \/>\n<a href=\"http:\/\/www.newslettercreator.com\/license-agreement\/\" target=\"_blank\">Lisans s\u00f6zle\u015fmesi<\/a> | <a href=\"http:\/\/www.newslettercreator.com\/how-to-uninstall\/\" target=\"_blank\">Nas\u0131l kald\u0131r\u0131l\u0131r<\/a><\/p>\n","protected":false},"excerpt":{"rendered":"<p>B\u00fclten yapmak m\u00fc\u015fterileriniz ve okuyucular\u0131n\u0131zla ileti\u015fim kurman\u0131n hala en kolay ve maliyet etkin yoludur. Elbette bunun i\u00e7in dikkatle yap\u0131lm\u0131\u015f olmas\u0131 gerekir: ne yaz\u0131k ki internet \u00fczerinde bir \u00e7ok korkun\u00e7 e-posta \u015fablonu \u00f6rne\u011fi mevcuttur&#8230; Asl\u0131nda t\u00fcm web tasar\u0131m\u0131 prensiplerine uygun ve HTML kodu kesinlikle tertipli olan uygun bir b\u00fclten yapmak iki nedenden dolay\u0131 \u00e7ok \u00f6nemlidir. Birincisi, [&hellip;]<\/p>\n","protected":false},"author":1,"featured_media":0,"parent":0,"menu_order":0,"comment_status":"closed","ping_status":"closed","template":"g1_template_page_sidebar_right.php","meta":{"inline_featured_image":false,"_monsterinsights_skip_tracking":false,"_monsterinsights_sitenote_active":false,"_monsterinsights_sitenote_note":"","_monsterinsights_sitenote_category":0,"footnotes":""},"class_list":["post-4370","page","type-page","status-publish"],"yoast_head":"<!-- This site is optimized with the Yoast SEO plugin v25.2 - https:\/\/yoast.com\/wordpress\/plugins\/seo\/ -->\n<title>Bir b\u00fclten nas\u0131l yap\u0131l\u0131r - Newsletter Creator<\/title>\n<meta name=\"robots\" content=\"index, follow, max-snippet:-1, max-image-preview:large, max-video-preview:-1\" \/>\n<link rel=\"canonical\" href=\"https:\/\/www.newslettercreator.com\/tr\/bir-buelten-nasil-yapilir\/\" \/>\n<meta property=\"og:locale\" content=\"tr_TR\" \/>\n<meta property=\"og:type\" content=\"article\" \/>\n<meta property=\"og:title\" content=\"Bir b\u00fclten nas\u0131l yap\u0131l\u0131r - Newsletter Creator\" \/>\n<meta property=\"og:description\" content=\"B\u00fclten yapmak m\u00fc\u015fterileriniz ve okuyucular\u0131n\u0131zla ileti\u015fim kurman\u0131n hala en kolay ve maliyet etkin yoludur. Elbette bunun i\u00e7in dikkatle yap\u0131lm\u0131\u015f olmas\u0131 gerekir: ne yaz\u0131k ki internet \u00fczerinde bir \u00e7ok korkun\u00e7 e-posta \u015fablonu \u00f6rne\u011fi mevcuttur&#8230; Asl\u0131nda t\u00fcm web tasar\u0131m\u0131 prensiplerine uygun ve HTML kodu kesinlikle tertipli olan uygun bir b\u00fclten yapmak iki nedenden dolay\u0131 \u00e7ok \u00f6nemlidir. Birincisi, [&hellip;]\" \/>\n<meta property=\"og:url\" content=\"https:\/\/www.newslettercreator.com\/tr\/bir-buelten-nasil-yapilir\/\" \/>\n<meta property=\"og:site_name\" content=\"Newsletter Creator\" \/>\n<meta property=\"og:image\" content=\"http:\/\/www.newslettercreator.com\/wp-content\/uploads\/2014\/02\/newsletter-program.jpg\" \/>\n<meta name=\"twitter:label1\" content=\"Est. reading time\" \/>\n\t<meta name=\"twitter:data1\" content=\"2 minutes\" \/>\n<script type=\"application\/ld+json\" class=\"yoast-schema-graph\">{\"@context\":\"https:\/\/schema.org\",\"@graph\":[{\"@type\":\"WebPage\",\"@id\":\"https:\/\/www.newslettercreator.com\/tr\/bir-buelten-nasil-yapilir\/\",\"url\":\"https:\/\/www.newslettercreator.com\/tr\/bir-buelten-nasil-yapilir\/\",\"name\":\"Bir b\u00fclten nas\u0131l yap\u0131l\u0131r - Newsletter Creator\",\"isPartOf\":{\"@id\":\"https:\/\/www.newslettercreator.com\/#website\"},\"primaryImageOfPage\":{\"@id\":\"https:\/\/www.newslettercreator.com\/tr\/bir-buelten-nasil-yapilir\/#primaryimage\"},\"image\":{\"@id\":\"https:\/\/www.newslettercreator.com\/tr\/bir-buelten-nasil-yapilir\/#primaryimage\"},\"thumbnailUrl\":\"http:\/\/www.newslettercreator.com\/wp-content\/uploads\/2014\/02\/newsletter-program.jpg\",\"datePublished\":\"2016-02-08T15:33:08+00:00\",\"breadcrumb\":{\"@id\":\"https:\/\/www.newslettercreator.com\/tr\/bir-buelten-nasil-yapilir\/#breadcrumb\"},\"inLanguage\":\"tr\",\"potentialAction\":[{\"@type\":\"ReadAction\",\"target\":[\"https:\/\/www.newslettercreator.com\/tr\/bir-buelten-nasil-yapilir\/\"]}]},{\"@type\":\"ImageObject\",\"inLanguage\":\"tr\",\"@id\":\"https:\/\/www.newslettercreator.com\/tr\/bir-buelten-nasil-yapilir\/#primaryimage\",\"url\":\"http:\/\/www.newslettercreator.com\/wp-content\/uploads\/2014\/02\/newsletter-program.jpg\",\"contentUrl\":\"http:\/\/www.newslettercreator.com\/wp-content\/uploads\/2014\/02\/newsletter-program.jpg\"},{\"@type\":\"BreadcrumbList\",\"@id\":\"https:\/\/www.newslettercreator.com\/tr\/bir-buelten-nasil-yapilir\/#breadcrumb\",\"itemListElement\":[{\"@type\":\"ListItem\",\"position\":1,\"name\":\"Home\",\"item\":\"https:\/\/www.newslettercreator.com\/tr\/\"},{\"@type\":\"ListItem\",\"position\":2,\"name\":\"Bir b\u00fclten nas\u0131l yap\u0131l\u0131r\"}]},{\"@type\":\"WebSite\",\"@id\":\"https:\/\/www.newslettercreator.com\/#website\",\"url\":\"https:\/\/www.newslettercreator.com\/\",\"name\":\"Newsletter Creator\",\"description\":\"Pay off\",\"potentialAction\":[{\"@type\":\"SearchAction\",\"target\":{\"@type\":\"EntryPoint\",\"urlTemplate\":\"https:\/\/www.newslettercreator.com\/?s={search_term_string}\"},\"query-input\":{\"@type\":\"PropertyValueSpecification\",\"valueRequired\":true,\"valueName\":\"search_term_string\"}}],\"inLanguage\":\"tr\"}]}<\/script>\n<!-- \/ Yoast SEO plugin. -->","yoast_head_json":{"title":"Bir b\u00fclten nas\u0131l yap\u0131l\u0131r - Newsletter Creator","robots":{"index":"index","follow":"follow","max-snippet":"max-snippet:-1","max-image-preview":"max-image-preview:large","max-video-preview":"max-video-preview:-1"},"canonical":"https:\/\/www.newslettercreator.com\/tr\/bir-buelten-nasil-yapilir\/","og_locale":"tr_TR","og_type":"article","og_title":"Bir b\u00fclten nas\u0131l yap\u0131l\u0131r - Newsletter Creator","og_description":"B\u00fclten yapmak m\u00fc\u015fterileriniz ve okuyucular\u0131n\u0131zla ileti\u015fim kurman\u0131n hala en kolay ve maliyet etkin yoludur. Elbette bunun i\u00e7in dikkatle yap\u0131lm\u0131\u015f olmas\u0131 gerekir: ne yaz\u0131k ki internet \u00fczerinde bir \u00e7ok korkun\u00e7 e-posta \u015fablonu \u00f6rne\u011fi mevcuttur&#8230; Asl\u0131nda t\u00fcm web tasar\u0131m\u0131 prensiplerine uygun ve HTML kodu kesinlikle tertipli olan uygun bir b\u00fclten yapmak iki nedenden dolay\u0131 \u00e7ok \u00f6nemlidir. Birincisi, [&hellip;]","og_url":"https:\/\/www.newslettercreator.com\/tr\/bir-buelten-nasil-yapilir\/","og_site_name":"Newsletter Creator","og_image":[{"url":"http:\/\/www.newslettercreator.com\/wp-content\/uploads\/2014\/02\/newsletter-program.jpg","type":"","width":"","height":""}],"twitter_misc":{"Est. reading time":"2 minutes"},"schema":{"@context":"https:\/\/schema.org","@graph":[{"@type":"WebPage","@id":"https:\/\/www.newslettercreator.com\/tr\/bir-buelten-nasil-yapilir\/","url":"https:\/\/www.newslettercreator.com\/tr\/bir-buelten-nasil-yapilir\/","name":"Bir b\u00fclten nas\u0131l yap\u0131l\u0131r - Newsletter Creator","isPartOf":{"@id":"https:\/\/www.newslettercreator.com\/#website"},"primaryImageOfPage":{"@id":"https:\/\/www.newslettercreator.com\/tr\/bir-buelten-nasil-yapilir\/#primaryimage"},"image":{"@id":"https:\/\/www.newslettercreator.com\/tr\/bir-buelten-nasil-yapilir\/#primaryimage"},"thumbnailUrl":"http:\/\/www.newslettercreator.com\/wp-content\/uploads\/2014\/02\/newsletter-program.jpg","datePublished":"2016-02-08T15:33:08+00:00","breadcrumb":{"@id":"https:\/\/www.newslettercreator.com\/tr\/bir-buelten-nasil-yapilir\/#breadcrumb"},"inLanguage":"tr","potentialAction":[{"@type":"ReadAction","target":["https:\/\/www.newslettercreator.com\/tr\/bir-buelten-nasil-yapilir\/"]}]},{"@type":"ImageObject","inLanguage":"tr","@id":"https:\/\/www.newslettercreator.com\/tr\/bir-buelten-nasil-yapilir\/#primaryimage","url":"http:\/\/www.newslettercreator.com\/wp-content\/uploads\/2014\/02\/newsletter-program.jpg","contentUrl":"http:\/\/www.newslettercreator.com\/wp-content\/uploads\/2014\/02\/newsletter-program.jpg"},{"@type":"BreadcrumbList","@id":"https:\/\/www.newslettercreator.com\/tr\/bir-buelten-nasil-yapilir\/#breadcrumb","itemListElement":[{"@type":"ListItem","position":1,"name":"Home","item":"https:\/\/www.newslettercreator.com\/tr\/"},{"@type":"ListItem","position":2,"name":"Bir b\u00fclten nas\u0131l yap\u0131l\u0131r"}]},{"@type":"WebSite","@id":"https:\/\/www.newslettercreator.com\/#website","url":"https:\/\/www.newslettercreator.com\/","name":"Newsletter Creator","description":"Pay off","potentialAction":[{"@type":"SearchAction","target":{"@type":"EntryPoint","urlTemplate":"https:\/\/www.newslettercreator.com\/?s={search_term_string}"},"query-input":{"@type":"PropertyValueSpecification","valueRequired":true,"valueName":"search_term_string"}}],"inLanguage":"tr"}]}},"_links":{"self":[{"href":"https:\/\/www.newslettercreator.com\/tr\/wp-json\/wp\/v2\/pages\/4370","targetHints":{"allow":["GET"]}}],"collection":[{"href":"https:\/\/www.newslettercreator.com\/tr\/wp-json\/wp\/v2\/pages"}],"about":[{"href":"https:\/\/www.newslettercreator.com\/tr\/wp-json\/wp\/v2\/types\/page"}],"author":[{"embeddable":true,"href":"https:\/\/www.newslettercreator.com\/tr\/wp-json\/wp\/v2\/users\/1"}],"replies":[{"embeddable":true,"href":"https:\/\/www.newslettercreator.com\/tr\/wp-json\/wp\/v2\/comments?post=4370"}],"version-history":[{"count":1,"href":"https:\/\/www.newslettercreator.com\/tr\/wp-json\/wp\/v2\/pages\/4370\/revisions"}],"predecessor-version":[{"id":4371,"href":"https:\/\/www.newslettercreator.com\/tr\/wp-json\/wp\/v2\/pages\/4370\/revisions\/4371"}],"wp:attachment":[{"href":"https:\/\/www.newslettercreator.com\/tr\/wp-json\/wp\/v2\/media?parent=4370"}],"curies":[{"name":"wp","href":"https:\/\/api.w.org\/{rel}","templated":true}]}}