{"id":4373,"date":"2016-02-08T15:45:06","date_gmt":"2016-02-08T15:45:06","guid":{"rendered":"http:\/\/www.newslettercreator.com\/tr\/?page_id=4373"},"modified":"2016-02-08T15:45:06","modified_gmt":"2016-02-08T15:45:06","slug":"satir-ici-css-e-posta-tuem-e-posta-istemcileri-icin-muekemmel-bueltenler","status":"publish","type":"page","link":"https:\/\/www.newslettercreator.com\/tr\/satir-ici-css-e-posta-tuem-e-posta-istemcileri-icin-muekemmel-bueltenler\/","title":{"rendered":"Sat\u0131r i\u00e7i CSS E-posta: T\u00fcm E-posta \u0130stemcileri i\u00e7in m\u00fckemmel B\u00fcltenler"},"content":{"rendered":"<p>Baz\u0131 E-posta \u0130stemcilerinin b\u00fcltenlerinizde bulunan &lt;head&gt; ve &lt;style&gt; etiketlerini silmesi ile s\u0131k s\u0131k kar\u015f\u0131la\u015f\u0131r\u0131z. Bu durumda b\u00fclteninizin karmakar\u0131\u015f\u0131k bir halde g\u00f6r\u00fcnt\u00fclenece\u011fini ve emeklerinizin bo\u015fa gidece\u011fini anlamak i\u00e7in uzman bir web tasar\u0131mc\u0131s\u0131 olman\u0131za gerek yoktur.<\/p>\n<p>Bu az kar\u015f\u0131la\u015f\u0131lan bir durum da de\u011fildir: d\u00fcnyan\u0131n en g\u00f6zde E-posta \u0130stemci Hizmetlerinden biri olan Gmail &lt;style&gt; etiketi i\u00e7inde bulunan CSS kodlar\u0131n\u0131 siler.<\/p>\n<p>Bunu d\u00fczeltmek i\u00e7in \u00fc\u00e7 \u00e7\u00f6z\u00fcm\u00fcn\u00fcz vard\u0131r:<\/p>\n<ol>\n<li>T\u00fcm E-posta \u0130stemci Hizmetlerinin farkl\u0131 kurallar\u0131na uyabilmek i\u00e7in \u00f6\u011feleri en uygun \u015fekilde yerle\u015ftirerek <strong>sat\u0131r i\u00e7i e-posta CSS kodlar\u0131n\u0131<\/strong> kendiniz yazabilirsiniz.<\/li>\n<li>Sizin i\u00e7in &#8220;kirli i\u015fi&#8221; yapmas\u0131 i\u00e7in harici bir yaz\u0131l\u0131m kullanabilirsiniz: bunun i\u00e7in b\u00fclteninizin html kodunu harici bir hizmette kullanmak maksad\u0131yla d\u0131\u015fa aktarman\u0131z, <strong>sat\u0131r i\u00e7i e-posta CSS kodu<\/strong> \u015fekline do\u011fru \u015fekilde d\u00f6n\u00fc\u015fmesi i\u00e7in beklemeniz ve yeniden \u00e7al\u0131\u015fma alan\u0131n\u0131za getirmeniz gereklidir. Bu durumda bile do\u011fru g\u00f6r\u00fcnt\u00fclenece\u011finden emin olamazs\u0131n\u0131z. Kodun do\u011fru bir \u015fekilde optimize edildi\u011finden emin olmak i\u00e7in hala b\u00fclteninizi <a href=\"http:\/\/www.newslettercreator.com\/tr\/litmus-e-posta-testi-yani-nedir\/\" title=\"Litmus e-posta testi: yani nedir?\">Litmus<\/a> veya EmailOnAcid gibi hizmetleri kullanarak test etmeniz gereklidir.<\/li>\n<li><strong>MS kullanabilir ve di\u011fer her \u015feyi unutabilirsiniz<\/strong>.<\/li>\n<\/ol>\n<p><img decoding=\"async\" class=\"alignnone size-full wp-image-237\" src=\"http:\/\/www.newslettercreator.com\/wp-content\/uploads\/2015\/09\/inline-css-for-email-editor.jpg\" alt=\"Sat\u0131r i\u00e7i CSS E-posta: T\u00fcm E-posta \u0130stemcileri i\u00e7in m\u00fckemmel B\u00fcltenler\" width=\"649\" height=\"423\" \/><\/p>\n<p>Bu do\u011fru! MailStyler <strong>t\u00fcm e-posta pazarlama ihtiya\u00e7lar\u0131n\u0131 kar\u015f\u0131lamak<\/strong> i\u00e7in do\u011fmu\u015ftur. Her bir e-postada tecr\u00fcbe edebilece\u011finiz t\u00fcm konular\u0131 ve g\u00f6nderildi\u011fi zaman kar\u015f\u0131la\u015fabilece\u011finiz t\u00fcm sorunlar\u0131 derinlemesine biliyoruz. E-postan\u0131n yolculu\u011funu olabildi\u011fince kolay yapmak i\u00e7in \u00e7al\u0131\u015ft\u0131k.<\/p>\n<p>MailStyler <strong>g\u00f6m\u00fcl\u00fc sat\u0131r i\u00e7i e-posta css i\u015flevine sahip tek B\u00fclten D\u00fczenleyicidir<\/strong>. Her e-posta siz fark etmeseniz bile otomatik olarak sat\u0131r i\u00e7i kod ile yaz\u0131l\u0131r. CSS tertemiz ve optimize \u015fekilde yaz\u0131ld\u0131\u011f\u0131 i\u00e7in b\u00fcltenleriniz her zaman do\u011fru g\u00f6r\u00fcnecektir. Garantilidir!<\/p>\n<p>Zaman kazanc\u0131 ve tasarruf edilen kaynaklar\u0131 anlamak i\u00e7in yine uzman bir web tasar\u0131mc\u0131s\u0131 olman\u0131z gerekmez.<\/p>\n<p>MailStyler verimlili\u011fini kendiniz test edin! <a title=\"B\u00fclten Yaratma Yaz\u0131l\u0131m\u0131m\u0131z\u0131 \u00dccretsiz Deneyin\" href=\"http:\/\/www.newslettercreator.com\/utils\/download\/pre-download.php\"><strong>\u00dccretsiz S\u00fcr\u00fcm\u00fc \u0130ndirin<\/strong><\/a> ve iki dakika i\u00e7inde ilk b\u00fclteninizi tasarlay\u0131n.<\/p>\n<p>Tad\u0131n\u0131 \u00e7\u0131kar\u0131n!<\/p>\n","protected":false},"excerpt":{"rendered":"<p>Baz\u0131 E-posta \u0130stemcilerinin b\u00fcltenlerinizde bulunan &lt;head&gt; ve &lt;style&gt; etiketlerini silmesi ile s\u0131k s\u0131k kar\u015f\u0131la\u015f\u0131r\u0131z. Bu durumda b\u00fclteninizin karmakar\u0131\u015f\u0131k bir halde g\u00f6r\u00fcnt\u00fclenece\u011fini ve emeklerinizin bo\u015fa gidece\u011fini anlamak i\u00e7in uzman bir web tasar\u0131mc\u0131s\u0131 olman\u0131za gerek yoktur. Bu az kar\u015f\u0131la\u015f\u0131lan bir durum da de\u011fildir: d\u00fcnyan\u0131n en g\u00f6zde E-posta \u0130stemci Hizmetlerinden biri olan Gmail &lt;style&gt; etiketi i\u00e7inde bulunan CSS [&hellip;]<\/p>\n","protected":false},"author":1,"featured_media":0,"parent":0,"menu_order":0,"comment_status":"closed","ping_status":"closed","template":"g1_template_page_sidebar_right.php","meta":{"inline_featured_image":false,"_monsterinsights_skip_tracking":false,"_monsterinsights_sitenote_active":false,"_monsterinsights_sitenote_note":"","_monsterinsights_sitenote_category":0,"footnotes":""},"class_list":["post-4373","page","type-page","status-publish"],"yoast_head":"<!-- This site is optimized with the Yoast SEO plugin v25.2 - https:\/\/yoast.com\/wordpress\/plugins\/seo\/ -->\n<title>Sat\u0131r i\u00e7i CSS E-posta: T\u00fcm E-posta \u0130stemcileri i\u00e7in m\u00fckemmel B\u00fcltenler - Newsletter Creator<\/title>\n<meta name=\"robots\" content=\"index, follow, max-snippet:-1, max-image-preview:large, max-video-preview:-1\" \/>\n<link rel=\"canonical\" href=\"https:\/\/www.newslettercreator.com\/tr\/satir-ici-css-e-posta-tuem-e-posta-istemcileri-icin-muekemmel-bueltenler\/\" \/>\n<meta property=\"og:locale\" content=\"tr_TR\" \/>\n<meta property=\"og:type\" content=\"article\" \/>\n<meta property=\"og:title\" content=\"Sat\u0131r i\u00e7i CSS E-posta: T\u00fcm E-posta \u0130stemcileri i\u00e7in m\u00fckemmel B\u00fcltenler - Newsletter Creator\" \/>\n<meta property=\"og:description\" content=\"Baz\u0131 E-posta \u0130stemcilerinin b\u00fcltenlerinizde bulunan &lt;head&gt; ve &lt;style&gt; etiketlerini silmesi ile s\u0131k s\u0131k kar\u015f\u0131la\u015f\u0131r\u0131z. Bu durumda b\u00fclteninizin karmakar\u0131\u015f\u0131k bir halde g\u00f6r\u00fcnt\u00fclenece\u011fini ve emeklerinizin bo\u015fa gidece\u011fini anlamak i\u00e7in uzman bir web tasar\u0131mc\u0131s\u0131 olman\u0131za gerek yoktur. Bu az kar\u015f\u0131la\u015f\u0131lan bir durum da de\u011fildir: d\u00fcnyan\u0131n en g\u00f6zde E-posta \u0130stemci Hizmetlerinden biri olan Gmail &lt;style&gt; etiketi i\u00e7inde bulunan CSS [&hellip;]\" \/>\n<meta property=\"og:url\" content=\"https:\/\/www.newslettercreator.com\/tr\/satir-ici-css-e-posta-tuem-e-posta-istemcileri-icin-muekemmel-bueltenler\/\" \/>\n<meta property=\"og:site_name\" content=\"Newsletter Creator\" \/>\n<meta property=\"og:image\" content=\"http:\/\/www.newslettercreator.com\/wp-content\/uploads\/2015\/09\/inline-css-for-email-editor.jpg\" \/>\n<meta name=\"twitter:label1\" content=\"Est. reading time\" \/>\n\t<meta name=\"twitter:data1\" content=\"2 minutes\" \/>\n<script type=\"application\/ld+json\" class=\"yoast-schema-graph\">{\"@context\":\"https:\/\/schema.org\",\"@graph\":[{\"@type\":\"WebPage\",\"@id\":\"https:\/\/www.newslettercreator.com\/tr\/satir-ici-css-e-posta-tuem-e-posta-istemcileri-icin-muekemmel-bueltenler\/\",\"url\":\"https:\/\/www.newslettercreator.com\/tr\/satir-ici-css-e-posta-tuem-e-posta-istemcileri-icin-muekemmel-bueltenler\/\",\"name\":\"Sat\u0131r i\u00e7i CSS E-posta: T\u00fcm E-posta \u0130stemcileri i\u00e7in m\u00fckemmel B\u00fcltenler - Newsletter Creator\",\"isPartOf\":{\"@id\":\"https:\/\/www.newslettercreator.com\/#website\"},\"primaryImageOfPage\":{\"@id\":\"https:\/\/www.newslettercreator.com\/tr\/satir-ici-css-e-posta-tuem-e-posta-istemcileri-icin-muekemmel-bueltenler\/#primaryimage\"},\"image\":{\"@id\":\"https:\/\/www.newslettercreator.com\/tr\/satir-ici-css-e-posta-tuem-e-posta-istemcileri-icin-muekemmel-bueltenler\/#primaryimage\"},\"thumbnailUrl\":\"http:\/\/www.newslettercreator.com\/wp-content\/uploads\/2015\/09\/inline-css-for-email-editor.jpg\",\"datePublished\":\"2016-02-08T15:45:06+00:00\",\"breadcrumb\":{\"@id\":\"https:\/\/www.newslettercreator.com\/tr\/satir-ici-css-e-posta-tuem-e-posta-istemcileri-icin-muekemmel-bueltenler\/#breadcrumb\"},\"inLanguage\":\"tr\",\"potentialAction\":[{\"@type\":\"ReadAction\",\"target\":[\"https:\/\/www.newslettercreator.com\/tr\/satir-ici-css-e-posta-tuem-e-posta-istemcileri-icin-muekemmel-bueltenler\/\"]}]},{\"@type\":\"ImageObject\",\"inLanguage\":\"tr\",\"@id\":\"https:\/\/www.newslettercreator.com\/tr\/satir-ici-css-e-posta-tuem-e-posta-istemcileri-icin-muekemmel-bueltenler\/#primaryimage\",\"url\":\"http:\/\/www.newslettercreator.com\/wp-content\/uploads\/2015\/09\/inline-css-for-email-editor.jpg\",\"contentUrl\":\"http:\/\/www.newslettercreator.com\/wp-content\/uploads\/2015\/09\/inline-css-for-email-editor.jpg\"},{\"@type\":\"BreadcrumbList\",\"@id\":\"https:\/\/www.newslettercreator.com\/tr\/satir-ici-css-e-posta-tuem-e-posta-istemcileri-icin-muekemmel-bueltenler\/#breadcrumb\",\"itemListElement\":[{\"@type\":\"ListItem\",\"position\":1,\"name\":\"Home\",\"item\":\"https:\/\/www.newslettercreator.com\/tr\/\"},{\"@type\":\"ListItem\",\"position\":2,\"name\":\"Sat\u0131r i\u00e7i CSS E-posta: T\u00fcm E-posta \u0130stemcileri i\u00e7in m\u00fckemmel B\u00fcltenler\"}]},{\"@type\":\"WebSite\",\"@id\":\"https:\/\/www.newslettercreator.com\/#website\",\"url\":\"https:\/\/www.newslettercreator.com\/\",\"name\":\"Newsletter Creator\",\"description\":\"Pay off\",\"potentialAction\":[{\"@type\":\"SearchAction\",\"target\":{\"@type\":\"EntryPoint\",\"urlTemplate\":\"https:\/\/www.newslettercreator.com\/?s={search_term_string}\"},\"query-input\":{\"@type\":\"PropertyValueSpecification\",\"valueRequired\":true,\"valueName\":\"search_term_string\"}}],\"inLanguage\":\"tr\"}]}<\/script>\n<!-- \/ Yoast SEO plugin. -->","yoast_head_json":{"title":"Sat\u0131r i\u00e7i CSS E-posta: T\u00fcm E-posta \u0130stemcileri i\u00e7in m\u00fckemmel B\u00fcltenler - Newsletter Creator","robots":{"index":"index","follow":"follow","max-snippet":"max-snippet:-1","max-image-preview":"max-image-preview:large","max-video-preview":"max-video-preview:-1"},"canonical":"https:\/\/www.newslettercreator.com\/tr\/satir-ici-css-e-posta-tuem-e-posta-istemcileri-icin-muekemmel-bueltenler\/","og_locale":"tr_TR","og_type":"article","og_title":"Sat\u0131r i\u00e7i CSS E-posta: T\u00fcm E-posta \u0130stemcileri i\u00e7in m\u00fckemmel B\u00fcltenler - Newsletter Creator","og_description":"Baz\u0131 E-posta \u0130stemcilerinin b\u00fcltenlerinizde bulunan &lt;head&gt; ve &lt;style&gt; etiketlerini silmesi ile s\u0131k s\u0131k kar\u015f\u0131la\u015f\u0131r\u0131z. Bu durumda b\u00fclteninizin karmakar\u0131\u015f\u0131k bir halde g\u00f6r\u00fcnt\u00fclenece\u011fini ve emeklerinizin bo\u015fa gidece\u011fini anlamak i\u00e7in uzman bir web tasar\u0131mc\u0131s\u0131 olman\u0131za gerek yoktur. Bu az kar\u015f\u0131la\u015f\u0131lan bir durum da de\u011fildir: d\u00fcnyan\u0131n en g\u00f6zde E-posta \u0130stemci Hizmetlerinden biri olan Gmail &lt;style&gt; etiketi i\u00e7inde bulunan CSS [&hellip;]","og_url":"https:\/\/www.newslettercreator.com\/tr\/satir-ici-css-e-posta-tuem-e-posta-istemcileri-icin-muekemmel-bueltenler\/","og_site_name":"Newsletter Creator","og_image":[{"url":"http:\/\/www.newslettercreator.com\/wp-content\/uploads\/2015\/09\/inline-css-for-email-editor.jpg","type":"","width":"","height":""}],"twitter_misc":{"Est. reading time":"2 minutes"},"schema":{"@context":"https:\/\/schema.org","@graph":[{"@type":"WebPage","@id":"https:\/\/www.newslettercreator.com\/tr\/satir-ici-css-e-posta-tuem-e-posta-istemcileri-icin-muekemmel-bueltenler\/","url":"https:\/\/www.newslettercreator.com\/tr\/satir-ici-css-e-posta-tuem-e-posta-istemcileri-icin-muekemmel-bueltenler\/","name":"Sat\u0131r i\u00e7i CSS E-posta: T\u00fcm E-posta \u0130stemcileri i\u00e7in m\u00fckemmel B\u00fcltenler - Newsletter Creator","isPartOf":{"@id":"https:\/\/www.newslettercreator.com\/#website"},"primaryImageOfPage":{"@id":"https:\/\/www.newslettercreator.com\/tr\/satir-ici-css-e-posta-tuem-e-posta-istemcileri-icin-muekemmel-bueltenler\/#primaryimage"},"image":{"@id":"https:\/\/www.newslettercreator.com\/tr\/satir-ici-css-e-posta-tuem-e-posta-istemcileri-icin-muekemmel-bueltenler\/#primaryimage"},"thumbnailUrl":"http:\/\/www.newslettercreator.com\/wp-content\/uploads\/2015\/09\/inline-css-for-email-editor.jpg","datePublished":"2016-02-08T15:45:06+00:00","breadcrumb":{"@id":"https:\/\/www.newslettercreator.com\/tr\/satir-ici-css-e-posta-tuem-e-posta-istemcileri-icin-muekemmel-bueltenler\/#breadcrumb"},"inLanguage":"tr","potentialAction":[{"@type":"ReadAction","target":["https:\/\/www.newslettercreator.com\/tr\/satir-ici-css-e-posta-tuem-e-posta-istemcileri-icin-muekemmel-bueltenler\/"]}]},{"@type":"ImageObject","inLanguage":"tr","@id":"https:\/\/www.newslettercreator.com\/tr\/satir-ici-css-e-posta-tuem-e-posta-istemcileri-icin-muekemmel-bueltenler\/#primaryimage","url":"http:\/\/www.newslettercreator.com\/wp-content\/uploads\/2015\/09\/inline-css-for-email-editor.jpg","contentUrl":"http:\/\/www.newslettercreator.com\/wp-content\/uploads\/2015\/09\/inline-css-for-email-editor.jpg"},{"@type":"BreadcrumbList","@id":"https:\/\/www.newslettercreator.com\/tr\/satir-ici-css-e-posta-tuem-e-posta-istemcileri-icin-muekemmel-bueltenler\/#breadcrumb","itemListElement":[{"@type":"ListItem","position":1,"name":"Home","item":"https:\/\/www.newslettercreator.com\/tr\/"},{"@type":"ListItem","position":2,"name":"Sat\u0131r i\u00e7i CSS E-posta: T\u00fcm E-posta \u0130stemcileri i\u00e7in m\u00fckemmel B\u00fcltenler"}]},{"@type":"WebSite","@id":"https:\/\/www.newslettercreator.com\/#website","url":"https:\/\/www.newslettercreator.com\/","name":"Newsletter Creator","description":"Pay off","potentialAction":[{"@type":"SearchAction","target":{"@type":"EntryPoint","urlTemplate":"https:\/\/www.newslettercreator.com\/?s={search_term_string}"},"query-input":{"@type":"PropertyValueSpecification","valueRequired":true,"valueName":"search_term_string"}}],"inLanguage":"tr"}]}},"_links":{"self":[{"href":"https:\/\/www.newslettercreator.com\/tr\/wp-json\/wp\/v2\/pages\/4373","targetHints":{"allow":["GET"]}}],"collection":[{"href":"https:\/\/www.newslettercreator.com\/tr\/wp-json\/wp\/v2\/pages"}],"about":[{"href":"https:\/\/www.newslettercreator.com\/tr\/wp-json\/wp\/v2\/types\/page"}],"author":[{"embeddable":true,"href":"https:\/\/www.newslettercreator.com\/tr\/wp-json\/wp\/v2\/users\/1"}],"replies":[{"embeddable":true,"href":"https:\/\/www.newslettercreator.com\/tr\/wp-json\/wp\/v2\/comments?post=4373"}],"version-history":[{"count":1,"href":"https:\/\/www.newslettercreator.com\/tr\/wp-json\/wp\/v2\/pages\/4373\/revisions"}],"predecessor-version":[{"id":4374,"href":"https:\/\/www.newslettercreator.com\/tr\/wp-json\/wp\/v2\/pages\/4373\/revisions\/4374"}],"wp:attachment":[{"href":"https:\/\/www.newslettercreator.com\/tr\/wp-json\/wp\/v2\/media?parent=4373"}],"curies":[{"name":"wp","href":"https:\/\/api.w.org\/{rel}","templated":true}]}}