{"id":4375,"date":"2016-02-08T15:49:44","date_gmt":"2016-02-08T15:49:44","guid":{"rendered":"http:\/\/www.newslettercreator.com\/tr\/?page_id=4375"},"modified":"2016-02-08T15:49:44","modified_gmt":"2016-02-08T15:49:44","slug":"hassas-e-posta-tasarimi","status":"publish","type":"page","link":"https:\/\/www.newslettercreator.com\/tr\/hassas-e-posta-tasarimi\/","title":{"rendered":"Hassas E-posta Tasar\u0131m\u0131"},"content":{"rendered":"<p>Bir b\u00fclten \u015fablonu olu\u015ftururken farkl\u0131 cihazlarda okunabilir oldu\u011funu garanti etmek, yani <strong>hassas bir tasar\u0131m<\/strong> yapmak \u00e7ok \u00f6nemlidir.<\/p>\n<p>Asl\u0131nda, okuyucular\u0131n\u0131z\u0131n yar\u0131dan fazlas\u0131 muhtemelen b\u00fclteninizi mobil bir telefonda ya da tablette a\u00e7acak, ard\u0131ndan belki bilgisayarda yeniden bakacakt\u0131r. E\u011fer m\u00fc\u015fterinin dikkatini \u00e7ekmek istiyorsan\u0131z, bu birden fazla ortamda g\u00f6sterim ihtiyac\u0131 sizi <strong>hassas bir e-posta tasar\u0131m\u0131<\/strong> se\u00e7meye mecbur eder. \u0130\u015fte bu, s\u00fcr\u00fckle-b\u0131rak d\u00fczenlemenin kullan\u0131m kolayl\u0131\u011f\u0131n\u0131n yan\u0131nda, tam da MailStyler&#8217;\u0131n sundu\u011fu \u015feydir.<\/p>\n<p><a href=\"http:\/\/www.newslettercreator.com\/wp-content\/uploads\/2014\/11\/responsive-email-templates.png\"><img decoding=\"async\" class=\"aligncenter\" src=\"http:\/\/www.newslettercreator.com\/wp-content\/uploads\/2014\/11\/responsive-email-templates.png\" alt=\"Hassas E-posta Tasar\u0131m\u0131\" width=\"511\" height=\"404\" \/><\/a><\/p>\n<p>MailStyler ile olu\u015fturulan hassas bir HTML e-posta \u015fablonu, b\u00fclten t\u00fcm ekranlara <strong>otomatik olarak uydu\u011fundan yeniden boyutland\u0131rma<\/strong> ya da kayma olmaks\u0131z\u0131n optimum okuma tecr\u00fcbesini garanti eder. B\u00f6ylece <strong>nerede a\u00e7\u0131l\u0131rsa a\u00e7\u0131ls\u0131n<\/strong> m\u00fckemmel g\u00f6r\u00fcn\u00fcr: <strong><a href=\"http:\/\/www.newslettercreator.com\/tr\/buelten-sablonu-uyumluluk-testi\/\" title=\"B\u00fclten \u015fablonu uyumluluk testi\">kendiniz kontrol edin<\/a><\/strong>.<\/p>\n<p>Bu nedenle internette orada burada hassas mizanpajlar aramakla vakit kaybetmeyin. MailStyler ile marka odakl\u0131 e-posta pazarlama kampanyan\u0131z\u0131 olu\u015fturmaya <strong><a href=\"http:\/\/www.newslettercreator.com\/tr\/ucretlendirme\/\" title=\"MailStyler \u00dccretlendirme\">\u015fimdi<\/a><\/strong> ba\u015flay\u0131n.<\/p>\n<p>&nbsp;<\/p>\n<p>&nbsp;<\/p>\n","protected":false},"excerpt":{"rendered":"<p>Bir b\u00fclten \u015fablonu olu\u015ftururken farkl\u0131 cihazlarda okunabilir oldu\u011funu garanti etmek, yani hassas bir tasar\u0131m yapmak \u00e7ok \u00f6nemlidir. Asl\u0131nda, okuyucular\u0131n\u0131z\u0131n yar\u0131dan fazlas\u0131 muhtemelen b\u00fclteninizi mobil bir telefonda ya da tablette a\u00e7acak, ard\u0131ndan belki bilgisayarda yeniden bakacakt\u0131r. E\u011fer m\u00fc\u015fterinin dikkatini \u00e7ekmek istiyorsan\u0131z, bu birden fazla ortamda g\u00f6sterim ihtiyac\u0131 sizi hassas bir e-posta tasar\u0131m\u0131 se\u00e7meye mecbur eder. \u0130\u015fte [&hellip;]<\/p>\n","protected":false},"author":1,"featured_media":0,"parent":0,"menu_order":0,"comment_status":"closed","ping_status":"closed","template":"g1_template_page_sidebar_right.php","meta":{"inline_featured_image":false,"_monsterinsights_skip_tracking":false,"_monsterinsights_sitenote_active":false,"_monsterinsights_sitenote_note":"","_monsterinsights_sitenote_category":0,"footnotes":""},"class_list":["post-4375","page","type-page","status-publish"],"yoast_head":"<!-- This site is optimized with the Yoast SEO plugin v25.2 - https:\/\/yoast.com\/wordpress\/plugins\/seo\/ -->\n<title>Hassas E-posta Tasar\u0131m\u0131 - Newsletter Creator<\/title>\n<meta name=\"robots\" content=\"index, follow, max-snippet:-1, max-image-preview:large, max-video-preview:-1\" \/>\n<link rel=\"canonical\" href=\"https:\/\/www.newslettercreator.com\/tr\/hassas-e-posta-tasarimi\/\" \/>\n<meta property=\"og:locale\" content=\"tr_TR\" \/>\n<meta property=\"og:type\" content=\"article\" \/>\n<meta property=\"og:title\" content=\"Hassas E-posta Tasar\u0131m\u0131 - Newsletter Creator\" \/>\n<meta property=\"og:description\" content=\"Bir b\u00fclten \u015fablonu olu\u015ftururken farkl\u0131 cihazlarda okunabilir oldu\u011funu garanti etmek, yani hassas bir tasar\u0131m yapmak \u00e7ok \u00f6nemlidir. Asl\u0131nda, okuyucular\u0131n\u0131z\u0131n yar\u0131dan fazlas\u0131 muhtemelen b\u00fclteninizi mobil bir telefonda ya da tablette a\u00e7acak, ard\u0131ndan belki bilgisayarda yeniden bakacakt\u0131r. E\u011fer m\u00fc\u015fterinin dikkatini \u00e7ekmek istiyorsan\u0131z, bu birden fazla ortamda g\u00f6sterim ihtiyac\u0131 sizi hassas bir e-posta tasar\u0131m\u0131 se\u00e7meye mecbur eder. \u0130\u015fte [&hellip;]\" \/>\n<meta property=\"og:url\" content=\"https:\/\/www.newslettercreator.com\/tr\/hassas-e-posta-tasarimi\/\" \/>\n<meta property=\"og:site_name\" content=\"Newsletter Creator\" \/>\n<meta property=\"og:image\" content=\"http:\/\/www.newslettercreator.com\/wp-content\/uploads\/2014\/11\/responsive-email-templates.png\" \/>\n<meta name=\"twitter:label1\" content=\"Est. reading time\" \/>\n\t<meta name=\"twitter:data1\" content=\"1 minute\" \/>\n<script type=\"application\/ld+json\" class=\"yoast-schema-graph\">{\"@context\":\"https:\/\/schema.org\",\"@graph\":[{\"@type\":\"WebPage\",\"@id\":\"https:\/\/www.newslettercreator.com\/tr\/hassas-e-posta-tasarimi\/\",\"url\":\"https:\/\/www.newslettercreator.com\/tr\/hassas-e-posta-tasarimi\/\",\"name\":\"Hassas E-posta Tasar\u0131m\u0131 - Newsletter Creator\",\"isPartOf\":{\"@id\":\"https:\/\/www.newslettercreator.com\/#website\"},\"primaryImageOfPage\":{\"@id\":\"https:\/\/www.newslettercreator.com\/tr\/hassas-e-posta-tasarimi\/#primaryimage\"},\"image\":{\"@id\":\"https:\/\/www.newslettercreator.com\/tr\/hassas-e-posta-tasarimi\/#primaryimage\"},\"thumbnailUrl\":\"http:\/\/www.newslettercreator.com\/wp-content\/uploads\/2014\/11\/responsive-email-templates.png\",\"datePublished\":\"2016-02-08T15:49:44+00:00\",\"breadcrumb\":{\"@id\":\"https:\/\/www.newslettercreator.com\/tr\/hassas-e-posta-tasarimi\/#breadcrumb\"},\"inLanguage\":\"tr\",\"potentialAction\":[{\"@type\":\"ReadAction\",\"target\":[\"https:\/\/www.newslettercreator.com\/tr\/hassas-e-posta-tasarimi\/\"]}]},{\"@type\":\"ImageObject\",\"inLanguage\":\"tr\",\"@id\":\"https:\/\/www.newslettercreator.com\/tr\/hassas-e-posta-tasarimi\/#primaryimage\",\"url\":\"http:\/\/www.newslettercreator.com\/wp-content\/uploads\/2014\/11\/responsive-email-templates.png\",\"contentUrl\":\"http:\/\/www.newslettercreator.com\/wp-content\/uploads\/2014\/11\/responsive-email-templates.png\"},{\"@type\":\"BreadcrumbList\",\"@id\":\"https:\/\/www.newslettercreator.com\/tr\/hassas-e-posta-tasarimi\/#breadcrumb\",\"itemListElement\":[{\"@type\":\"ListItem\",\"position\":1,\"name\":\"Home\",\"item\":\"https:\/\/www.newslettercreator.com\/tr\/\"},{\"@type\":\"ListItem\",\"position\":2,\"name\":\"Hassas E-posta Tasar\u0131m\u0131\"}]},{\"@type\":\"WebSite\",\"@id\":\"https:\/\/www.newslettercreator.com\/#website\",\"url\":\"https:\/\/www.newslettercreator.com\/\",\"name\":\"Newsletter Creator\",\"description\":\"Pay off\",\"potentialAction\":[{\"@type\":\"SearchAction\",\"target\":{\"@type\":\"EntryPoint\",\"urlTemplate\":\"https:\/\/www.newslettercreator.com\/?s={search_term_string}\"},\"query-input\":{\"@type\":\"PropertyValueSpecification\",\"valueRequired\":true,\"valueName\":\"search_term_string\"}}],\"inLanguage\":\"tr\"}]}<\/script>\n<!-- \/ Yoast SEO plugin. -->","yoast_head_json":{"title":"Hassas E-posta Tasar\u0131m\u0131 - Newsletter Creator","robots":{"index":"index","follow":"follow","max-snippet":"max-snippet:-1","max-image-preview":"max-image-preview:large","max-video-preview":"max-video-preview:-1"},"canonical":"https:\/\/www.newslettercreator.com\/tr\/hassas-e-posta-tasarimi\/","og_locale":"tr_TR","og_type":"article","og_title":"Hassas E-posta Tasar\u0131m\u0131 - Newsletter Creator","og_description":"Bir b\u00fclten \u015fablonu olu\u015ftururken farkl\u0131 cihazlarda okunabilir oldu\u011funu garanti etmek, yani hassas bir tasar\u0131m yapmak \u00e7ok \u00f6nemlidir. Asl\u0131nda, okuyucular\u0131n\u0131z\u0131n yar\u0131dan fazlas\u0131 muhtemelen b\u00fclteninizi mobil bir telefonda ya da tablette a\u00e7acak, ard\u0131ndan belki bilgisayarda yeniden bakacakt\u0131r. E\u011fer m\u00fc\u015fterinin dikkatini \u00e7ekmek istiyorsan\u0131z, bu birden fazla ortamda g\u00f6sterim ihtiyac\u0131 sizi hassas bir e-posta tasar\u0131m\u0131 se\u00e7meye mecbur eder. \u0130\u015fte [&hellip;]","og_url":"https:\/\/www.newslettercreator.com\/tr\/hassas-e-posta-tasarimi\/","og_site_name":"Newsletter Creator","og_image":[{"url":"http:\/\/www.newslettercreator.com\/wp-content\/uploads\/2014\/11\/responsive-email-templates.png","type":"","width":"","height":""}],"twitter_misc":{"Est. reading time":"1 minute"},"schema":{"@context":"https:\/\/schema.org","@graph":[{"@type":"WebPage","@id":"https:\/\/www.newslettercreator.com\/tr\/hassas-e-posta-tasarimi\/","url":"https:\/\/www.newslettercreator.com\/tr\/hassas-e-posta-tasarimi\/","name":"Hassas E-posta Tasar\u0131m\u0131 - Newsletter Creator","isPartOf":{"@id":"https:\/\/www.newslettercreator.com\/#website"},"primaryImageOfPage":{"@id":"https:\/\/www.newslettercreator.com\/tr\/hassas-e-posta-tasarimi\/#primaryimage"},"image":{"@id":"https:\/\/www.newslettercreator.com\/tr\/hassas-e-posta-tasarimi\/#primaryimage"},"thumbnailUrl":"http:\/\/www.newslettercreator.com\/wp-content\/uploads\/2014\/11\/responsive-email-templates.png","datePublished":"2016-02-08T15:49:44+00:00","breadcrumb":{"@id":"https:\/\/www.newslettercreator.com\/tr\/hassas-e-posta-tasarimi\/#breadcrumb"},"inLanguage":"tr","potentialAction":[{"@type":"ReadAction","target":["https:\/\/www.newslettercreator.com\/tr\/hassas-e-posta-tasarimi\/"]}]},{"@type":"ImageObject","inLanguage":"tr","@id":"https:\/\/www.newslettercreator.com\/tr\/hassas-e-posta-tasarimi\/#primaryimage","url":"http:\/\/www.newslettercreator.com\/wp-content\/uploads\/2014\/11\/responsive-email-templates.png","contentUrl":"http:\/\/www.newslettercreator.com\/wp-content\/uploads\/2014\/11\/responsive-email-templates.png"},{"@type":"BreadcrumbList","@id":"https:\/\/www.newslettercreator.com\/tr\/hassas-e-posta-tasarimi\/#breadcrumb","itemListElement":[{"@type":"ListItem","position":1,"name":"Home","item":"https:\/\/www.newslettercreator.com\/tr\/"},{"@type":"ListItem","position":2,"name":"Hassas E-posta Tasar\u0131m\u0131"}]},{"@type":"WebSite","@id":"https:\/\/www.newslettercreator.com\/#website","url":"https:\/\/www.newslettercreator.com\/","name":"Newsletter Creator","description":"Pay off","potentialAction":[{"@type":"SearchAction","target":{"@type":"EntryPoint","urlTemplate":"https:\/\/www.newslettercreator.com\/?s={search_term_string}"},"query-input":{"@type":"PropertyValueSpecification","valueRequired":true,"valueName":"search_term_string"}}],"inLanguage":"tr"}]}},"_links":{"self":[{"href":"https:\/\/www.newslettercreator.com\/tr\/wp-json\/wp\/v2\/pages\/4375","targetHints":{"allow":["GET"]}}],"collection":[{"href":"https:\/\/www.newslettercreator.com\/tr\/wp-json\/wp\/v2\/pages"}],"about":[{"href":"https:\/\/www.newslettercreator.com\/tr\/wp-json\/wp\/v2\/types\/page"}],"author":[{"embeddable":true,"href":"https:\/\/www.newslettercreator.com\/tr\/wp-json\/wp\/v2\/users\/1"}],"replies":[{"embeddable":true,"href":"https:\/\/www.newslettercreator.com\/tr\/wp-json\/wp\/v2\/comments?post=4375"}],"version-history":[{"count":1,"href":"https:\/\/www.newslettercreator.com\/tr\/wp-json\/wp\/v2\/pages\/4375\/revisions"}],"predecessor-version":[{"id":4376,"href":"https:\/\/www.newslettercreator.com\/tr\/wp-json\/wp\/v2\/pages\/4375\/revisions\/4376"}],"wp:attachment":[{"href":"https:\/\/www.newslettercreator.com\/tr\/wp-json\/wp\/v2\/media?parent=4375"}],"curies":[{"name":"wp","href":"https:\/\/api.w.org\/{rel}","templated":true}]}}